{"id":6734,"date":"2025-11-12T15:36:30","date_gmt":"2025-11-12T14:36:30","guid":{"rendered":"http:\/\/eab-konstrukcije.com\/blok-okviri\/"},"modified":"2026-02-10T10:01:08","modified_gmt":"2026-02-10T09:01:08","slug":"blok-okviri","status":"publish","type":"page","link":"https:\/\/eab-konstrukcije.com\/hr\/blok-okviri\/","title":{"rendered":"Blok okviri"},"content":{"rendered":"<section id=\"builder-section-text_30\" class=\"builder-section-first builder-section builder-section-text builder-section-next-text builder-section-full-width builder-text-columns-1\" style=\"background-size: cover; background-repeat: no-repeat;background-position: center center;\">\n<div class=\"builder-section-content\">\n<div class=\"builder-text-row\">\n<div class=\"builder-text-column builder-text-column-1\" id=\"builder-section-text_30-column-1\">\n<div class=\"builder-text-content\">\n\n<\/p><\/div>\n<\/p><\/div>\n<\/p><\/div>\n<\/p><\/div>\n<\/section>\n<section id=\"builder-section-text_479\" class=\"builder-section-prev-text builder-section builder-section-text builder-section-last builder-text-columns-3\" style=\"background-size: cover; background-repeat: no-repeat;background-position: center center;\">\n<div class=\"builder-section-content\">\n<div class=\"builder-text-row\">\n<div class=\"builder-text-column builder-text-column-1\" id=\"builder-section-text_479-column-1\">\n<div class=\"builder-text-content\">\n<div style=\"display: flex; flex-direction: column; align-items: flex-start; gap: 20px; text-align: left;\">\n<div>\n    <a href=\"http:\/\/eab-konstrukcije.com\/wp-content\/uploads\/Blockzarge-250-01.pdf\" target=\"_blank\" rel=\"noopener\" style=\"display: inline-block; transition: all 0.3s ease;\"><br \/>      <img decoding=\"async\" src=\"http:\/\/eab-konstrukcije.com\/wp-content\/uploads\/Blockzarge-250-01.jpg\" alt=\"Okvir s rubnim zrcalom\" style=\"width: 300px; height: auto; border-radius: 8px; transition: all 0.3s ease;\" onmouseover=\"this.style.transform='scale(1.05)'; this.style.filter='brightness(1.1)';\" onmouseout=\"this.style.transform='scale(1)'; this.style.filter='brightness(1)';\"><br \/>    <\/a><\/div>\n<div>\n<h3 style=\"margin-top: 0px; margin-bottom: 0px;\">AE Blok okvir 250-1<\/h3>\n<p><span style=\"font-size: 18px; color: #d1d1d1;\"><br \/> Za gotove zidove, za falcana krila vrata ili staklena krila vrata<br \/>    <\/span><\/div>\n<\/div><\/div>\n<\/p><\/div>\n<div class=\"builder-text-column builder-text-column-2\" id=\"builder-section-text_479-column-2\">\n<div class=\"builder-text-content\">\n<div style=\"display: flex; flex-direction: column; align-items: flex-start; gap: 20px; text-align: left;\">\n<div>\n    <a href=\"http:\/\/eab-konstrukcije.com\/wp-content\/uploads\/Blockzarge-250-02.pdf\" target=\"_blank\" rel=\"noopener\" style=\"display: inline-block; transition: all 0.3s ease;\"><br \/>      <img decoding=\"async\" src=\"http:\/\/eab-konstrukcije.com\/wp-content\/uploads\/Blockzarge-250-02.jpg\" alt=\"Okvir s rubnim zrcalom\" style=\"width: 300px; height: auto; border-radius: 8px; transition: all 0.3s ease;\" onmouseover=\"this.style.transform='scale(1.05)'; this.style.filter='brightness(1.1)';\" onmouseout=\"this.style.transform='scale(1)'; this.style.filter='brightness(1)';\"><br \/>    <\/a><\/div>\n<div>\n<h3 style=\"margin-top: 0px; margin-bottom: 0px;\">AE Blok okvir 250-2<\/h3>\n<p><span style=\"font-size: 18px; color: #d1d1d1;\"><br \/> Za gotove zidove, za falcana krila vrata ili staklena krila vrata<br \/>    <\/span><\/div>\n<\/div><\/div>\n<\/p><\/div>\n<div class=\"builder-text-column builder-text-column-3\" id=\"builder-section-text_479-column-3\">\n<div class=\"builder-text-content\">\n<div style=\"display: flex; flex-direction: column; align-items: flex-start; gap: 20px; text-align: left;\">\n<div>\n    <a href=\"http:\/\/eab-konstrukcije.com\/wp-content\/uploads\/Blockzarge-250-04.1.pdf\" target=\"_blank\" rel=\"noopener\" style=\"display: inline-block; transition: all 0.3s ease;\"><br \/>      <img decoding=\"async\" src=\"http:\/\/eab-konstrukcije.com\/wp-content\/uploads\/Blockzarge-250-04.1.jpg\" alt=\"Okvir s rubnim zrcalom\" style=\"width: 300px; height: auto; border-radius: 8px; transition: all 0.3s ease;\" onmouseover=\"this.style.transform='scale(1.05)'; this.style.filter='brightness(1.1)';\" onmouseout=\"this.style.transform='scale(1)'; this.style.filter='brightness(1)';\"><br \/>    <\/a><\/div>\n<div>\n<h3 style=\"margin-top: 0px; margin-bottom: 0px;\">AE Blok okvir 250-4.1<\/h3>\n<p><span style=\"font-size: 18px; color: #d1d1d1;\"><br \/> Za gotove zidove, falcana krila vrata ili staklena krila vrata, izvedba s nadsvjetlom za gornje i bo\u010dno ostakljenje<br \/>    <\/span><\/div>\n<\/div><\/div>\n<\/p><\/div>\n<\/p><\/div>\n<div class=\"builder-text-row\">\n<div class=\"builder-text-column builder-text-column-4\" id=\"builder-section-text_479-column-1\">\n<div class=\"builder-text-content\">\n<div style=\"display: flex; flex-direction: column; align-items: flex-start; gap: 20px; text-align: left;\">\n<div>\n    <a href=\"http:\/\/eab-konstrukcije.com\/wp-content\/uploads\/Blockzarge-250-04.pdf\" target=\"_blank\" rel=\"noopener\" style=\"display: inline-block; transition: all 0.3s ease;\"><br \/>      <img decoding=\"async\" src=\"http:\/\/eab-konstrukcije.com\/wp-content\/uploads\/Blockzarge-250-04.jpg\" alt=\"Okvir s rubnim zrcalom\" style=\"width: 300px; height: auto; border-radius: 8px; transition: all 0.3s ease;\" onmouseover=\"this.style.transform='scale(1.05)'; this.style.filter='brightness(1.1)';\" onmouseout=\"this.style.transform='scale(1)'; this.style.filter='brightness(1)';\"><br \/>    <\/a><\/div>\n<div>\n<h3 style=\"margin-top: 0px; margin-bottom: 0px;\">AE Blok okvir 250-4<\/h3>\n<p><span style=\"font-size: 18px; color: #d1d1d1;\"><br \/> Za gotove zidove, falcana krila vrata ili staklena krila vrata, izvedba s nadsvjetlom za gornje i bo\u010dno ostakljenje<br \/>    <\/span><\/div>\n<\/div><\/div>\n<\/p><\/div>\n<div class=\"builder-text-column builder-text-column-5\" id=\"builder-section-text_479-column-2\">\n<div class=\"builder-text-content\">\n<div style=\"display: flex; flex-direction: column; align-items: flex-start; gap: 20px; text-align: left;\">\n<div>\n    <a href=\"http:\/\/eab-konstrukcije.com\/wp-content\/uploads\/Blockzarge-250-06.pdf\" target=\"_blank\" rel=\"noopener\" style=\"display: inline-block; transition: all 0.3s ease;\"><br \/>      <img decoding=\"async\" src=\"http:\/\/eab-konstrukcije.com\/wp-content\/uploads\/Blockzarge-250-06.jpg\" alt=\"Okvir s rubnim zrcalom\" style=\"width: 300px; height: auto; border-radius: 8px; transition: all 0.3s ease;\" onmouseover=\"this.style.transform='scale(1.05)'; this.style.filter='brightness(1.1)';\" onmouseout=\"this.style.transform='scale(1)'; this.style.filter='brightness(1)';\"><br \/>    <\/a><\/div>\n<div>\n<h3 style=\"margin-top: 0px; margin-bottom: 0px;\">AE Blok okvir 250-6<\/h3>\n<p><span style=\"font-size: 18px; color: #d1d1d1;\"><br \/> Za gotove zidove, izvedba kao fiksno ostakljenje s letvicama za dr\u017eanje stakla<br \/>    <\/span><\/div>\n<\/div><\/div>\n<\/p><\/div>\n<div class=\"builder-text-column builder-text-column-6\" id=\"builder-section-text_479-column-3\">\n<div class=\"builder-text-content\">\n<div style=\"display: flex; flex-direction: column; align-items: flex-start; gap: 20px; text-align: left;\">\n<div>\n    <a href=\"http:\/\/eab-konstrukcije.com\/wp-content\/uploads\/Blockzarge-250-K1.pdf\" target=\"_blank\" rel=\"noopener\" style=\"display: inline-block; transition: all 0.3s ease;\"><br \/>      <img decoding=\"async\" src=\"http:\/\/eab-konstrukcije.com\/wp-content\/uploads\/Blockzarge-250-K1.jpg\" alt=\"Okvir s rubnim zrcalom\" style=\"width: 300px; height: auto; border-radius: 8px; transition: all 0.3s ease;\" onmouseover=\"this.style.transform='scale(1.05)'; this.style.filter='brightness(1.1)';\" onmouseout=\"this.style.transform='scale(1)'; this.style.filter='brightness(1)';\"><br \/>    <\/a><\/div>\n<div>\n<h3 style=\"margin-top: 0px; margin-bottom: 0px;\">AE Blok okvir 250-K1 (nadsvjetlo)<\/h3>\n<p><span style=\"font-size: 18px; color: #d1d1d1;\"><br \/> Za gotove zidove, falcana krila vrata ili staklena krila vrata, izvedba s nadsvjetlom za 2 ili 3-strani priklju\u010dak staklenih polja<br \/>    <\/span><\/div>\n<\/div><\/div>\n<\/p><\/div>\n<\/p><\/div>\n<div class=\"builder-text-row\">\n<div class=\"builder-text-column builder-text-column-7\" id=\"builder-section-text_479-column-1\">\n<div class=\"builder-text-content\">\n<div style=\"display: flex; flex-direction: column; align-items: flex-start; gap: 20px; text-align: left;\">\n<div>\n    <a href=\"http:\/\/eab-konstrukcije.com\/wp-content\/uploads\/Blockzarge-250-K2-1.pdf\" target=\"_blank\" rel=\"noopener\" style=\"display: inline-block; transition: all 0.3s ease;\"><br \/>      <img decoding=\"async\" src=\"http:\/\/eab-konstrukcije.com\/wp-content\/uploads\/Blockzarge-250-K2-1.jpg\" alt=\"Okvir s rubnim zrcalom\" style=\"width: 300px; height: auto; border-radius: 8px; transition: all 0.3s ease;\" onmouseover=\"this.style.transform='scale(1.05)'; this.style.filter='brightness(1.1)';\" onmouseout=\"this.style.transform='scale(1)'; this.style.filter='brightness(1)';\"><br \/>    <\/a><\/div>\n<div>\n<h3 style=\"margin-top: 0px; margin-bottom: 0px;\">AE Blok okvir 250-K2 (nadsvjetlo)<\/h3>\n<p><span style=\"font-size: 18px; color: #d1d1d1;\"><br \/> Za gotove zidove, falcana krila vrata ili staklena krila vrata, izvedba s nadsvjetlom za 2 ili 3-strani priklju\u010dak staklenih polja<br \/>    <\/span><\/div>\n<\/div><\/div>\n<\/p><\/div>\n<div class=\"builder-text-column builder-text-column-8\" id=\"builder-section-text_479-column-2\">\n<div class=\"builder-text-content\">\n<div style=\"display: flex; flex-direction: column; align-items: flex-start; gap: 20px; text-align: left;\">\n<div>\n    <a href=\"http:\/\/eab-konstrukcije.com\/wp-content\/uploads\/Blockzarge-255-03-1.pdf\" target=\"_blank\" rel=\"noopener\" style=\"display: inline-block; transition: all 0.3s ease;\"><br \/>      <img decoding=\"async\" src=\"http:\/\/eab-konstrukcije.com\/wp-content\/uploads\/Blockzarge-255-03-1.jpg\" alt=\"Okvir s rubnim zrcalom\" style=\"width: 300px; height: auto; border-radius: 8px; transition: all 0.3s ease;\" onmouseover=\"this.style.transform='scale(1.05)'; this.style.filter='brightness(1.1)';\" onmouseout=\"this.style.transform='scale(1)'; this.style.filter='brightness(1)';\"><br \/>    <\/a><\/div>\n<div>\n<h3 style=\"margin-top: 0px; margin-bottom: 0px;\">AE Blok okvir 255-3<\/h3>\n<p><span style=\"font-size: 18px; color: #d1d1d1;\"><br \/> Za gotove zidove, za ravna krila vrata<br \/>    <\/span><\/div>\n<\/div><\/div>\n<\/p><\/div>\n<div class=\"builder-text-column builder-text-column-9\" id=\"builder-section-text_479-column-3\">\n<div class=\"builder-text-content\">\n<div style=\"display: flex; flex-direction: column; align-items: flex-start; gap: 20px; text-align: left;\">\n<div>\n    <a href=\"http:\/\/eab-konstrukcije.com\/wp-content\/uploads\/Blockzarge-255-06-1.pdf\" target=\"_blank\" rel=\"noopener\" style=\"display: inline-block; transition: all 0.3s ease;\"><br \/>      <img decoding=\"async\" src=\"http:\/\/eab-konstrukcije.com\/wp-content\/uploads\/Blockzarge-255-06-1.jpg\" alt=\"Okvir s rubnim zrcalom\" style=\"width: 300px; height: auto; border-radius: 8px; transition: all 0.3s ease;\" onmouseover=\"this.style.transform='scale(1.05)'; this.style.filter='brightness(1.1)';\" onmouseout=\"this.style.transform='scale(1)'; this.style.filter='brightness(1)';\"><br \/>    <\/a><\/div>\n<div>\n<h3 style=\"margin-top: 0px; margin-bottom: 0px;\">AE Blok okvir 255-6<\/h3>\n<p><span style=\"font-size: 18px; color: #d1d1d1;\"><br \/> Za gotove zidove, za ravna krila vrata, izvedba s nadsvjetlom za gornje i bo\u010dno ostakljenje<br \/>    <\/span><\/div>\n<\/div><\/div>\n<\/p><\/div>\n<\/p><\/div>\n<div class=\"builder-text-row\">\n<div class=\"builder-text-column builder-text-column-10\" id=\"builder-section-text_479-column-1\">\n<div class=\"builder-text-content\">\n<div style=\"display: flex; flex-direction: column; align-items: flex-start; gap: 20px; text-align: left;\">\n<div>\n    <a href=\"http:\/\/eab-konstrukcije.com\/wp-content\/uploads\/Blockzarge-255-08-1.pdf\" target=\"_blank\" rel=\"noopener\" style=\"display: inline-block; transition: all 0.3s ease;\"><br \/>      <img decoding=\"async\" src=\"http:\/\/eab-konstrukcije.com\/wp-content\/uploads\/Blockzarge-255-08-1.jpg\" alt=\"Okvir s rubnim zrcalom\" style=\"width: 300px; height: auto; border-radius: 8px; transition: all 0.3s ease;\" onmouseover=\"this.style.transform='scale(1.05)'; this.style.filter='brightness(1.1)';\" onmouseout=\"this.style.transform='scale(1)'; this.style.filter='brightness(1)';\"><br \/>    <\/a><\/div>\n<div>\n<h3 style=\"margin-top: 0px; margin-bottom: 0px;\">AE Blok okvir 255-8<\/h3>\n<p><span style=\"font-size: 18px; color: #d1d1d1;\"><br \/> Za gotove zidove, izvedba kao fiksno ostakljenje s letvicama za dr\u017eanje stakla<br \/>    <\/span><\/div>\n<\/div><\/div>\n<\/p><\/div>\n<\/p><\/div>\n<\/p><\/div>\n<\/section>\n","protected":false},"excerpt":{"rendered":"<p>AE Blok okvir 250-1 Za gotove zidove, za falcana krila vrata ili staklena krila vrata AE Blok okvir 250-2 Za gotove zidove, za falcana krila vrata ili staklena krila vrata AE Blok okvir 250-4.1 Za gotove zidove, falcana krila vrata ili staklena krila vrata, izvedba s nadsvjetlom za gornje i bo\u010dno ostakljenje AE Blok okvir &hellip;<\/p>\n","protected":false},"author":1,"featured_media":0,"parent":0,"menu_order":0,"comment_status":"closed","ping_status":"closed","template":"template-builder.php","meta":{"inline_featured_image":false,"footnotes":""},"class_list":["post-6734","page","type-page","status-publish","hentry"],"yoast_head":"<!-- This site is optimized with the Yoast SEO plugin v27.1.1 - https:\/\/yoast.com\/product\/yoast-seo-wordpress\/ -->\n<title>Blok okviri &#8226; EAB Croatia d.o.o<\/title>\n<meta name=\"description\" content=\"Blok-dovratnici u razli\u010ditim izvedbama \u2013 precizno izra\u0111eni, modernog dizajna i savr\u0161eno uskla\u0111eni s va\u0161im vratima.\" \/>\n<meta name=\"robots\" content=\"index, follow, max-snippet:-1, max-image-preview:large, max-video-preview:-1\" \/>\n<link rel=\"canonical\" href=\"https:\/\/eab-konstrukcije.com\/hr\/blok-okviri\/\" \/>\n<meta property=\"og:locale\" content=\"hr_HR\" \/>\n<meta property=\"og:type\" content=\"article\" \/>\n<meta property=\"og:title\" content=\"Blok okviri &#8226; EAB Croatia d.o.o\" \/>\n<meta property=\"og:description\" content=\"Blok-dovratnici u razli\u010ditim izvedbama \u2013 precizno izra\u0111eni, modernog dizajna i savr\u0161eno uskla\u0111eni s va\u0161im vratima.\" \/>\n<meta property=\"og:url\" content=\"https:\/\/eab-konstrukcije.com\/hr\/blok-okviri\/\" \/>\n<meta property=\"og:site_name\" content=\"EAB Croatia d.o.o\" \/>\n<meta property=\"article:modified_time\" content=\"2026-02-10T09:01:08+00:00\" \/>\n<meta property=\"og:image\" content=\"http:\/\/eab-konstrukcije.com\/wp-content\/uploads\/Blockzarge-250-01.jpg\" \/>\n<meta name=\"twitter:card\" content=\"summary_large_image\" \/>\n<meta name=\"twitter:label1\" content=\"Procijenjeno vrijeme \u010ditanja\" \/>\n\t<meta name=\"twitter:data1\" content=\"1 minuta\" \/>\n<script type=\"application\/ld+json\" class=\"yoast-schema-graph\">{\"@context\":\"https:\/\/schema.org\",\"@graph\":[{\"@type\":\"WebPage\",\"@id\":\"https:\/\/eab-konstrukcije.com\/hr\/blok-okviri\/\",\"url\":\"https:\/\/eab-konstrukcije.com\/hr\/blok-okviri\/\",\"name\":\"Blok okviri &#8226; EAB Croatia d.o.o\",\"isPartOf\":{\"@id\":\"https:\/\/eab-konstrukcije.com\/de\/#website\"},\"primaryImageOfPage\":{\"@id\":\"https:\/\/eab-konstrukcije.com\/hr\/blok-okviri\/#primaryimage\"},\"image\":{\"@id\":\"https:\/\/eab-konstrukcije.com\/hr\/blok-okviri\/#primaryimage\"},\"thumbnailUrl\":\"http:\/\/eab-konstrukcije.com\/wp-content\/uploads\/Blockzarge-250-01.jpg\",\"datePublished\":\"2025-11-12T14:36:30+00:00\",\"dateModified\":\"2026-02-10T09:01:08+00:00\",\"description\":\"Blok-dovratnici u razli\u010ditim izvedbama \u2013 precizno izra\u0111eni, modernog dizajna i savr\u0161eno uskla\u0111eni s va\u0161im vratima.\",\"inLanguage\":\"hr\",\"potentialAction\":[{\"@type\":\"ReadAction\",\"target\":[\"https:\/\/eab-konstrukcije.com\/hr\/blok-okviri\/\"]}]},{\"@type\":\"ImageObject\",\"inLanguage\":\"hr\",\"@id\":\"https:\/\/eab-konstrukcije.com\/hr\/blok-okviri\/#primaryimage\",\"url\":\"http:\/\/eab-konstrukcije.com\/wp-content\/uploads\/Blockzarge-250-01.jpg\",\"contentUrl\":\"http:\/\/eab-konstrukcije.com\/wp-content\/uploads\/Blockzarge-250-01.jpg\"},{\"@type\":\"WebSite\",\"@id\":\"https:\/\/eab-konstrukcije.com\/de\/#website\",\"url\":\"https:\/\/eab-konstrukcije.com\/de\/\",\"name\":\"EAB Croatia d.o.o\",\"description\":\"Aluminijski okviri \u00b7 WC pregradne stijene \u00b7 Mobilne pregradne stijene \u00b7 Aluminijski okviri\",\"publisher\":{\"@id\":\"https:\/\/eab-konstrukcije.com\/de\/#organization\"},\"potentialAction\":[{\"@type\":\"SearchAction\",\"target\":{\"@type\":\"EntryPoint\",\"urlTemplate\":\"https:\/\/eab-konstrukcije.com\/de\/?s={search_term_string}\"},\"query-input\":{\"@type\":\"PropertyValueSpecification\",\"valueRequired\":true,\"valueName\":\"search_term_string\"}}],\"inLanguage\":\"hr\"},{\"@type\":\"Organization\",\"@id\":\"https:\/\/eab-konstrukcije.com\/de\/#organization\",\"name\":\"Elemente am Bau GmbH & Co.KG\",\"url\":\"https:\/\/eab-konstrukcije.com\/de\/\",\"logo\":{\"@type\":\"ImageObject\",\"inLanguage\":\"hr\",\"@id\":\"https:\/\/eab-konstrukcije.com\/de\/#\/schema\/logo\/image\/\",\"url\":\"https:\/\/eab-konstrukcije.com\/wp-content\/uploads\/2022\/02\/Logo.png\",\"contentUrl\":\"https:\/\/eab-konstrukcije.com\/wp-content\/uploads\/2022\/02\/Logo.png\",\"width\":300,\"height\":175,\"caption\":\"Elemente am Bau GmbH & Co.KG\"},\"image\":{\"@id\":\"https:\/\/eab-konstrukcije.com\/de\/#\/schema\/logo\/image\/\"}}]}<\/script>\n<!-- \/ Yoast SEO plugin. -->","yoast_head_json":{"title":"Blok okviri &#8226; EAB Croatia d.o.o","description":"Blok-dovratnici u razli\u010ditim izvedbama \u2013 precizno izra\u0111eni, modernog dizajna i savr\u0161eno uskla\u0111eni s va\u0161im vratima.","robots":{"index":"index","follow":"follow","max-snippet":"max-snippet:-1","max-image-preview":"max-image-preview:large","max-video-preview":"max-video-preview:-1"},"canonical":"https:\/\/eab-konstrukcije.com\/hr\/blok-okviri\/","og_locale":"hr_HR","og_type":"article","og_title":"Blok okviri &#8226; EAB Croatia d.o.o","og_description":"Blok-dovratnici u razli\u010ditim izvedbama \u2013 precizno izra\u0111eni, modernog dizajna i savr\u0161eno uskla\u0111eni s va\u0161im vratima.","og_url":"https:\/\/eab-konstrukcije.com\/hr\/blok-okviri\/","og_site_name":"EAB Croatia d.o.o","article_modified_time":"2026-02-10T09:01:08+00:00","og_image":[{"url":"http:\/\/eab-konstrukcije.com\/wp-content\/uploads\/Blockzarge-250-01.jpg","type":"","width":"","height":""}],"twitter_card":"summary_large_image","twitter_misc":{"Procijenjeno vrijeme \u010ditanja":"1 minuta"},"schema":{"@context":"https:\/\/schema.org","@graph":[{"@type":"WebPage","@id":"https:\/\/eab-konstrukcije.com\/hr\/blok-okviri\/","url":"https:\/\/eab-konstrukcije.com\/hr\/blok-okviri\/","name":"Blok okviri &#8226; EAB Croatia d.o.o","isPartOf":{"@id":"https:\/\/eab-konstrukcije.com\/de\/#website"},"primaryImageOfPage":{"@id":"https:\/\/eab-konstrukcije.com\/hr\/blok-okviri\/#primaryimage"},"image":{"@id":"https:\/\/eab-konstrukcije.com\/hr\/blok-okviri\/#primaryimage"},"thumbnailUrl":"http:\/\/eab-konstrukcije.com\/wp-content\/uploads\/Blockzarge-250-01.jpg","datePublished":"2025-11-12T14:36:30+00:00","dateModified":"2026-02-10T09:01:08+00:00","description":"Blok-dovratnici u razli\u010ditim izvedbama \u2013 precizno izra\u0111eni, modernog dizajna i savr\u0161eno uskla\u0111eni s va\u0161im vratima.","inLanguage":"hr","potentialAction":[{"@type":"ReadAction","target":["https:\/\/eab-konstrukcije.com\/hr\/blok-okviri\/"]}]},{"@type":"ImageObject","inLanguage":"hr","@id":"https:\/\/eab-konstrukcije.com\/hr\/blok-okviri\/#primaryimage","url":"http:\/\/eab-konstrukcije.com\/wp-content\/uploads\/Blockzarge-250-01.jpg","contentUrl":"http:\/\/eab-konstrukcije.com\/wp-content\/uploads\/Blockzarge-250-01.jpg"},{"@type":"WebSite","@id":"https:\/\/eab-konstrukcije.com\/de\/#website","url":"https:\/\/eab-konstrukcije.com\/de\/","name":"EAB Croatia d.o.o","description":"Aluminijski okviri \u00b7 WC pregradne stijene \u00b7 Mobilne pregradne stijene \u00b7 Aluminijski okviri","publisher":{"@id":"https:\/\/eab-konstrukcije.com\/de\/#organization"},"potentialAction":[{"@type":"SearchAction","target":{"@type":"EntryPoint","urlTemplate":"https:\/\/eab-konstrukcije.com\/de\/?s={search_term_string}"},"query-input":{"@type":"PropertyValueSpecification","valueRequired":true,"valueName":"search_term_string"}}],"inLanguage":"hr"},{"@type":"Organization","@id":"https:\/\/eab-konstrukcije.com\/de\/#organization","name":"Elemente am Bau GmbH & Co.KG","url":"https:\/\/eab-konstrukcije.com\/de\/","logo":{"@type":"ImageObject","inLanguage":"hr","@id":"https:\/\/eab-konstrukcije.com\/de\/#\/schema\/logo\/image\/","url":"https:\/\/eab-konstrukcije.com\/wp-content\/uploads\/2022\/02\/Logo.png","contentUrl":"https:\/\/eab-konstrukcije.com\/wp-content\/uploads\/2022\/02\/Logo.png","width":300,"height":175,"caption":"Elemente am Bau GmbH & Co.KG"},"image":{"@id":"https:\/\/eab-konstrukcije.com\/de\/#\/schema\/logo\/image\/"}}]}},"_links":{"self":[{"href":"https:\/\/eab-konstrukcije.com\/hr\/wp-json\/wp\/v2\/pages\/6734","targetHints":{"allow":["GET"]}}],"collection":[{"href":"https:\/\/eab-konstrukcije.com\/hr\/wp-json\/wp\/v2\/pages"}],"about":[{"href":"https:\/\/eab-konstrukcije.com\/hr\/wp-json\/wp\/v2\/types\/page"}],"author":[{"embeddable":true,"href":"https:\/\/eab-konstrukcije.com\/hr\/wp-json\/wp\/v2\/users\/1"}],"replies":[{"embeddable":true,"href":"https:\/\/eab-konstrukcije.com\/hr\/wp-json\/wp\/v2\/comments?post=6734"}],"version-history":[{"count":1,"href":"https:\/\/eab-konstrukcije.com\/hr\/wp-json\/wp\/v2\/pages\/6734\/revisions"}],"predecessor-version":[{"id":7104,"href":"https:\/\/eab-konstrukcije.com\/hr\/wp-json\/wp\/v2\/pages\/6734\/revisions\/7104"}],"wp:attachment":[{"href":"https:\/\/eab-konstrukcije.com\/hr\/wp-json\/wp\/v2\/media?parent=6734"}],"curies":[{"name":"wp","href":"https:\/\/api.w.org\/{rel}","templated":true}]}}