{"id":6752,"date":"2025-11-24T13:11:29","date_gmt":"2025-11-24T12:11:29","guid":{"rendered":"http:\/\/eab-konstrukcije.com\/okviri-za-zastitu-od-prikljestenja-prstiju\/"},"modified":"2025-11-24T13:11:29","modified_gmt":"2025-11-24T12:11:29","slug":"okviri-za-zastitu-od-prikljestenja-prstiju","status":"publish","type":"page","link":"https:\/\/eab-konstrukcije.com\/hr\/okviri-za-zastitu-od-prikljestenja-prstiju\/","title":{"rendered":"Okviri za za\u0161titu od priklje\u0161tenja prstiju"},"content":{"rendered":"<section id=\"builder-section-text_30\" class=\"builder-section-first builder-section builder-section-text builder-section-next-text builder-section-full-width builder-text-columns-1\" style=\"background-size: cover; background-repeat: no-repeat;background-position: center center;\">\n<div class=\"builder-section-content\">\n<div class=\"builder-text-row\">\n<div class=\"builder-text-column builder-text-column-1\" id=\"builder-section-text_30-column-1\">\n<div class=\"builder-text-content\">\n\n<\/p><\/div>\n<\/p><\/div>\n<\/p><\/div>\n<\/p><\/div>\n<\/section>\n<section id=\"builder-section-text_260\" class=\"builder-section-prev-text builder-section builder-section-text builder-section-next-text builder-text-columns-1\" style=\"background-size: cover; background-repeat: no-repeat;background-position: center center;\">\n<div class=\"builder-section-content\">\n<div class=\"builder-text-row\">\n<div class=\"builder-text-column builder-text-column-1\" id=\"builder-section-text_260-column-1\">\n<div class=\"builder-text-content\">\n<h1 id=\"ohne-wanddickenausgleich\" style=\"background-color: #009eac; color: white; padding: 10px 20px; display: inline-block; border-radius: 4px;\">Okviri sa za\u0161titom od priklje\u0161tenja prstiju<\/h1>\n<\/p><\/div>\n<\/p><\/div>\n<\/p><\/div>\n<\/p><\/div>\n<\/section>\n<section id=\"builder-section-text_479\" class=\"builder-section-prev-text builder-section builder-section-text builder-section-last builder-text-columns-3\" style=\"background-size: cover; background-repeat: no-repeat;background-position: center center;\">\n<div class=\"builder-section-content\">\n<div class=\"builder-text-row\">\n<div class=\"builder-text-column builder-text-column-1\" id=\"builder-section-text_479-column-1\">\n<div class=\"builder-text-content\">\n<div style=\"display: flex; flex-direction: column; align-items: flex-start; gap: 20px; text-align: left;\">\n<div>\n    <a href=\"http:\/\/eab-konstrukcije.com\/wp-content\/uploads\/260-01G.pdf\" target=\"_blank\" rel=\"noopener\" style=\"display: inline-block; transition: all 0.3s ease;\"><br \/>      <img decoding=\"async\" src=\"http:\/\/eab-konstrukcije.com\/wp-content\/uploads\/260-01G.jpg\" alt=\"Okvir s rubnim zrcalom\" style=\"width: 300px; height: auto; border-radius: 8px; transition: all 0.3s ease;\" onmouseover=\"this.style.transform='scale(1.05)'; this.style.filter='brightness(1.1)';\" onmouseout=\"this.style.transform='scale(1)'; this.style.filter='brightness(1)';\"><br \/>    <\/a><\/div>\n<div>\n<h3 style=\"margin-top: 0px; margin-bottom: 0px;\">AE okvir za za\u0161titu od priklje\u0161tenja prstiju 260-01G<\/h3>\n<p><span style=\"font-size: 18px; color: #d1d1d1;\"><br \/> Za gotove zidove, dvostruke, s kompenzacijom debljine zida, za krila staklenih vrata<br \/>    <\/span><\/div>\n<\/div><\/div>\n<\/p><\/div>\n<div class=\"builder-text-column builder-text-column-2\" id=\"builder-section-text_479-column-2\">\n<div class=\"builder-text-content\">\n<div style=\"display: flex; flex-direction: column; align-items: flex-start; gap: 20px; text-align: left;\">\n<div>\n    <a href=\"http:\/\/eab-konstrukcije.com\/wp-content\/uploads\/260-02.pdf\" target=\"_blank\" rel=\"noopener\" style=\"display: inline-block; transition: all 0.3s ease;\"><br \/>      <img decoding=\"async\" src=\"http:\/\/eab-konstrukcije.com\/wp-content\/uploads\/260-02.jpg\" alt=\"Okvir s rubnim zrcalom\" style=\"width: 300px; height: auto; border-radius: 8px; transition: all 0.3s ease;\" onmouseover=\"this.style.transform='scale(1.05)'; this.style.filter='brightness(1.1)';\" onmouseout=\"this.style.transform='scale(1)'; this.style.filter='brightness(1)';\"><br \/>    <\/a><\/div>\n<div>\n<h3 style=\"margin-top: 0px; margin-bottom: 0px;\">AE okvir za za\u0161titu od priklje\u0161tenja prstiju 260-02<\/h3>\n<p><span style=\"font-size: 18px; color: #d1d1d1;\"><br \/> Za gotove zidove, dvostruke, s kompenzacijom debljine zida, za ravna krila vrata<br \/>    <\/span><\/div>\n<\/div><\/div>\n<\/p><\/div>\n<div class=\"builder-text-column builder-text-column-3\" id=\"builder-section-text_479-column-3\">\n<div class=\"builder-text-content\">\n<div style=\"display: flex; flex-direction: column; align-items: flex-start; gap: 20px; text-align: left;\">\n<div>\n    <a href=\"http:\/\/eab-konstrukcije.com\/wp-content\/uploads\/260-13.pdf\" target=\"_blank\" rel=\"noopener\" style=\"display: inline-block; transition: all 0.3s ease;\"><br \/>      <img decoding=\"async\" src=\"http:\/\/eab-konstrukcije.com\/wp-content\/uploads\/260-13.jpg\" alt=\"Okvir s rubnim zrcalom\" style=\"width: 300px; height: auto; border-radius: 8px; transition: all 0.3s ease;\" onmouseover=\"this.style.transform='scale(1.05)'; this.style.filter='brightness(1.1)';\" onmouseout=\"this.style.transform='scale(1)'; this.style.filter='brightness(1)';\"><br \/>    <\/a><\/div>\n<div>\n<h3 style=\"margin-top: 0px; margin-bottom: 0px;\">AE okvir za za\u0161titu od priklje\u0161tenja prstiju 260-13<\/h3>\n<p><span style=\"font-size: 18px; color: #d1d1d1;\"><br \/> Za gotove zidove, dvostruke, s kompenzacijom debljine zida, s nadsvjetlom za gornje i bo\u010dno ostakljenje, ravno<br \/>    <\/span><\/div>\n<\/div><\/div>\n<\/p><\/div>\n<\/p><\/div>\n<div class=\"builder-text-row\">\n<div class=\"builder-text-column builder-text-column-4\" id=\"builder-section-text_479-column-1\">\n<div class=\"builder-text-content\">\n<div style=\"display: flex; flex-direction: column; align-items: flex-start; gap: 20px; text-align: left;\">\n<div>\n    <a href=\"http:\/\/eab-konstrukcije.com\/wp-content\/uploads\/260DF.pdf\" target=\"_blank\" rel=\"noopener\" style=\"display: inline-block; transition: all 0.3s ease;\"><br \/>      <img decoding=\"async\" src=\"http:\/\/eab-konstrukcije.com\/wp-content\/uploads\/260DF.jpg\" alt=\"Okvir s rubnim zrcalom\" style=\"width: 300px; height: auto; border-radius: 8px; transition: all 0.3s ease;\" onmouseover=\"this.style.transform='scale(1.05)'; this.style.filter='brightness(1.1)';\" onmouseout=\"this.style.transform='scale(1)'; this.style.filter='brightness(1)';\"><br \/>    <\/a><\/div>\n<div>\n<h3 style=\"margin-top: 0px; margin-bottom: 0px;\">AE okvir za za\u0161titu od priklje\u0161tenja prstiju 260DF<\/h3>\n<p><span style=\"font-size: 18px; color: #d1d1d1;\"><br \/> Za gotove zidove, s obostranom za\u0161titom od priklje\u0161tenja prstiju i dodatnim profilom grani\u010dnika za izvedbu s dvostrukim falcom, ravno u utoru<br \/>    <\/span><\/div>\n<\/div><\/div>\n<\/p><\/div>\n<div class=\"builder-text-column builder-text-column-5\" id=\"builder-section-text_479-column-2\">\n<div class=\"builder-text-content\">\n<div style=\"display: flex; flex-direction: column; align-items: flex-start; gap: 20px; text-align: left;\">\n<div>\n    <a href=\"http:\/\/eab-konstrukcije.com\/wp-content\/uploads\/262-02.pdf\" target=\"_blank\" rel=\"noopener\" style=\"display: inline-block; transition: all 0.3s ease;\"><br \/>      <img decoding=\"async\" src=\"http:\/\/eab-konstrukcije.com\/wp-content\/uploads\/262-02.jpg\" alt=\"Okvir s rubnim zrcalom\" style=\"width: 300px; height: auto; border-radius: 8px; transition: all 0.3s ease;\" onmouseover=\"this.style.transform='scale(1.05)'; this.style.filter='brightness(1.1)';\" onmouseout=\"this.style.transform='scale(1)'; this.style.filter='brightness(1)';\"><br \/>    <\/a><\/div>\n<div>\n<h3 style=\"margin-top: 0px; margin-bottom: 0px;\">AE okvir za za\u0161titu od priklje\u0161tenja prstiju 262-02<\/h3>\n<p><span style=\"font-size: 18px; color: #d1d1d1;\"><br \/> Za gotove zidove, dvostruke, s kompenzacijom debljine zida, s obostranom za\u0161titom od priklje\u0161tenja prstiju, za ravna krila vrata<br \/>    <\/span><\/div>\n<\/div><\/div>\n<\/p><\/div>\n<\/p><\/div>\n<\/p><\/div>\n<\/section>\n","protected":false},"excerpt":{"rendered":"<p>Okviri sa za\u0161titom od priklje\u0161tenja prstiju AE okvir za za\u0161titu od priklje\u0161tenja prstiju 260-01G Za gotove zidove, dvostruke, s kompenzacijom debljine zida, za krila staklenih vrata AE okvir za za\u0161titu od priklje\u0161tenja prstiju 260-02 Za gotove zidove, dvostruke, s kompenzacijom debljine zida, za ravna krila vrata AE okvir za za\u0161titu od priklje\u0161tenja prstiju 260-13 Za &hellip;<\/p>\n","protected":false},"author":1,"featured_media":0,"parent":0,"menu_order":0,"comment_status":"closed","ping_status":"closed","template":"template-builder.php","meta":{"inline_featured_image":false,"footnotes":""},"class_list":["post-6752","page","type-page","status-publish","hentry"],"yoast_head":"<!-- This site is optimized with the Yoast SEO plugin v27.1.1 - https:\/\/yoast.com\/product\/yoast-seo-wordpress\/ -->\n<title>Okviri za za\u0161titu od priklje\u0161tenja prstiju &#8226; EAB Croatia d.o.o<\/title>\n<meta name=\"robots\" content=\"index, follow, max-snippet:-1, max-image-preview:large, max-video-preview:-1\" \/>\n<link rel=\"canonical\" href=\"https:\/\/eab-konstrukcije.com\/hr\/okviri-za-zastitu-od-prikljestenja-prstiju\/\" \/>\n<meta property=\"og:locale\" content=\"hr_HR\" \/>\n<meta property=\"og:type\" content=\"article\" \/>\n<meta property=\"og:title\" content=\"Okviri za za\u0161titu od priklje\u0161tenja prstiju &#8226; EAB Croatia d.o.o\" \/>\n<meta property=\"og:description\" content=\"Okviri sa za\u0161titom od priklje\u0161tenja prstiju AE okvir za za\u0161titu od priklje\u0161tenja prstiju 260-01G Za gotove zidove, dvostruke, s kompenzacijom debljine zida, za krila staklenih vrata AE okvir za za\u0161titu od priklje\u0161tenja prstiju 260-02 Za gotove zidove, dvostruke, s kompenzacijom debljine zida, za ravna krila vrata AE okvir za za\u0161titu od priklje\u0161tenja prstiju 260-13 Za &hellip;\" \/>\n<meta property=\"og:url\" content=\"https:\/\/eab-konstrukcije.com\/hr\/okviri-za-zastitu-od-prikljestenja-prstiju\/\" \/>\n<meta property=\"og:site_name\" content=\"EAB Croatia d.o.o\" \/>\n<meta property=\"og:image\" content=\"http:\/\/eab-konstrukcije.com\/wp-content\/uploads\/260-01G.jpg\" \/>\n<meta name=\"twitter:card\" content=\"summary_large_image\" \/>\n<meta name=\"twitter:label1\" content=\"Procijenjeno vrijeme \u010ditanja\" \/>\n\t<meta name=\"twitter:data1\" content=\"1 minuta\" \/>\n<script type=\"application\/ld+json\" class=\"yoast-schema-graph\">{\"@context\":\"https:\/\/schema.org\",\"@graph\":[{\"@type\":\"WebPage\",\"@id\":\"https:\/\/eab-konstrukcije.com\/hr\/okviri-za-zastitu-od-prikljestenja-prstiju\/\",\"url\":\"https:\/\/eab-konstrukcije.com\/hr\/okviri-za-zastitu-od-prikljestenja-prstiju\/\",\"name\":\"Okviri za za\u0161titu od priklje\u0161tenja prstiju &#8226; EAB Croatia d.o.o\",\"isPartOf\":{\"@id\":\"https:\/\/eab-konstrukcije.com\/de\/#website\"},\"primaryImageOfPage\":{\"@id\":\"https:\/\/eab-konstrukcije.com\/hr\/okviri-za-zastitu-od-prikljestenja-prstiju\/#primaryimage\"},\"image\":{\"@id\":\"https:\/\/eab-konstrukcije.com\/hr\/okviri-za-zastitu-od-prikljestenja-prstiju\/#primaryimage\"},\"thumbnailUrl\":\"http:\/\/eab-konstrukcije.com\/wp-content\/uploads\/260-01G.jpg\",\"datePublished\":\"2025-11-24T12:11:29+00:00\",\"inLanguage\":\"hr\",\"potentialAction\":[{\"@type\":\"ReadAction\",\"target\":[\"https:\/\/eab-konstrukcije.com\/hr\/okviri-za-zastitu-od-prikljestenja-prstiju\/\"]}]},{\"@type\":\"ImageObject\",\"inLanguage\":\"hr\",\"@id\":\"https:\/\/eab-konstrukcije.com\/hr\/okviri-za-zastitu-od-prikljestenja-prstiju\/#primaryimage\",\"url\":\"http:\/\/eab-konstrukcije.com\/wp-content\/uploads\/260-01G.jpg\",\"contentUrl\":\"http:\/\/eab-konstrukcije.com\/wp-content\/uploads\/260-01G.jpg\"},{\"@type\":\"WebSite\",\"@id\":\"https:\/\/eab-konstrukcije.com\/de\/#website\",\"url\":\"https:\/\/eab-konstrukcije.com\/de\/\",\"name\":\"EAB Croatia d.o.o\",\"description\":\"Aluminijski okviri \u00b7 WC pregradne stijene \u00b7 Mobilne pregradne stijene \u00b7 Aluminijski okviri\",\"publisher\":{\"@id\":\"https:\/\/eab-konstrukcije.com\/de\/#organization\"},\"potentialAction\":[{\"@type\":\"SearchAction\",\"target\":{\"@type\":\"EntryPoint\",\"urlTemplate\":\"https:\/\/eab-konstrukcije.com\/de\/?s={search_term_string}\"},\"query-input\":{\"@type\":\"PropertyValueSpecification\",\"valueRequired\":true,\"valueName\":\"search_term_string\"}}],\"inLanguage\":\"hr\"},{\"@type\":\"Organization\",\"@id\":\"https:\/\/eab-konstrukcije.com\/de\/#organization\",\"name\":\"Elemente am Bau GmbH & Co.KG\",\"url\":\"https:\/\/eab-konstrukcije.com\/de\/\",\"logo\":{\"@type\":\"ImageObject\",\"inLanguage\":\"hr\",\"@id\":\"https:\/\/eab-konstrukcije.com\/de\/#\/schema\/logo\/image\/\",\"url\":\"https:\/\/eab-konstrukcije.com\/wp-content\/uploads\/2022\/02\/Logo.png\",\"contentUrl\":\"https:\/\/eab-konstrukcije.com\/wp-content\/uploads\/2022\/02\/Logo.png\",\"width\":300,\"height\":175,\"caption\":\"Elemente am Bau GmbH & Co.KG\"},\"image\":{\"@id\":\"https:\/\/eab-konstrukcije.com\/de\/#\/schema\/logo\/image\/\"}}]}<\/script>\n<!-- \/ Yoast SEO plugin. -->","yoast_head_json":{"title":"Okviri za za\u0161titu od priklje\u0161tenja prstiju &#8226; EAB Croatia d.o.o","robots":{"index":"index","follow":"follow","max-snippet":"max-snippet:-1","max-image-preview":"max-image-preview:large","max-video-preview":"max-video-preview:-1"},"canonical":"https:\/\/eab-konstrukcije.com\/hr\/okviri-za-zastitu-od-prikljestenja-prstiju\/","og_locale":"hr_HR","og_type":"article","og_title":"Okviri za za\u0161titu od priklje\u0161tenja prstiju &#8226; EAB Croatia d.o.o","og_description":"Okviri sa za\u0161titom od priklje\u0161tenja prstiju AE okvir za za\u0161titu od priklje\u0161tenja prstiju 260-01G Za gotove zidove, dvostruke, s kompenzacijom debljine zida, za krila staklenih vrata AE okvir za za\u0161titu od priklje\u0161tenja prstiju 260-02 Za gotove zidove, dvostruke, s kompenzacijom debljine zida, za ravna krila vrata AE okvir za za\u0161titu od priklje\u0161tenja prstiju 260-13 Za &hellip;","og_url":"https:\/\/eab-konstrukcije.com\/hr\/okviri-za-zastitu-od-prikljestenja-prstiju\/","og_site_name":"EAB Croatia d.o.o","og_image":[{"url":"http:\/\/eab-konstrukcije.com\/wp-content\/uploads\/260-01G.jpg","type":"","width":"","height":""}],"twitter_card":"summary_large_image","twitter_misc":{"Procijenjeno vrijeme \u010ditanja":"1 minuta"},"schema":{"@context":"https:\/\/schema.org","@graph":[{"@type":"WebPage","@id":"https:\/\/eab-konstrukcije.com\/hr\/okviri-za-zastitu-od-prikljestenja-prstiju\/","url":"https:\/\/eab-konstrukcije.com\/hr\/okviri-za-zastitu-od-prikljestenja-prstiju\/","name":"Okviri za za\u0161titu od priklje\u0161tenja prstiju &#8226; EAB Croatia d.o.o","isPartOf":{"@id":"https:\/\/eab-konstrukcije.com\/de\/#website"},"primaryImageOfPage":{"@id":"https:\/\/eab-konstrukcije.com\/hr\/okviri-za-zastitu-od-prikljestenja-prstiju\/#primaryimage"},"image":{"@id":"https:\/\/eab-konstrukcije.com\/hr\/okviri-za-zastitu-od-prikljestenja-prstiju\/#primaryimage"},"thumbnailUrl":"http:\/\/eab-konstrukcije.com\/wp-content\/uploads\/260-01G.jpg","datePublished":"2025-11-24T12:11:29+00:00","inLanguage":"hr","potentialAction":[{"@type":"ReadAction","target":["https:\/\/eab-konstrukcije.com\/hr\/okviri-za-zastitu-od-prikljestenja-prstiju\/"]}]},{"@type":"ImageObject","inLanguage":"hr","@id":"https:\/\/eab-konstrukcije.com\/hr\/okviri-za-zastitu-od-prikljestenja-prstiju\/#primaryimage","url":"http:\/\/eab-konstrukcije.com\/wp-content\/uploads\/260-01G.jpg","contentUrl":"http:\/\/eab-konstrukcije.com\/wp-content\/uploads\/260-01G.jpg"},{"@type":"WebSite","@id":"https:\/\/eab-konstrukcije.com\/de\/#website","url":"https:\/\/eab-konstrukcije.com\/de\/","name":"EAB Croatia d.o.o","description":"Aluminijski okviri \u00b7 WC pregradne stijene \u00b7 Mobilne pregradne stijene \u00b7 Aluminijski okviri","publisher":{"@id":"https:\/\/eab-konstrukcije.com\/de\/#organization"},"potentialAction":[{"@type":"SearchAction","target":{"@type":"EntryPoint","urlTemplate":"https:\/\/eab-konstrukcije.com\/de\/?s={search_term_string}"},"query-input":{"@type":"PropertyValueSpecification","valueRequired":true,"valueName":"search_term_string"}}],"inLanguage":"hr"},{"@type":"Organization","@id":"https:\/\/eab-konstrukcije.com\/de\/#organization","name":"Elemente am Bau GmbH & Co.KG","url":"https:\/\/eab-konstrukcije.com\/de\/","logo":{"@type":"ImageObject","inLanguage":"hr","@id":"https:\/\/eab-konstrukcije.com\/de\/#\/schema\/logo\/image\/","url":"https:\/\/eab-konstrukcije.com\/wp-content\/uploads\/2022\/02\/Logo.png","contentUrl":"https:\/\/eab-konstrukcije.com\/wp-content\/uploads\/2022\/02\/Logo.png","width":300,"height":175,"caption":"Elemente am Bau GmbH & Co.KG"},"image":{"@id":"https:\/\/eab-konstrukcije.com\/de\/#\/schema\/logo\/image\/"}}]}},"_links":{"self":[{"href":"https:\/\/eab-konstrukcije.com\/hr\/wp-json\/wp\/v2\/pages\/6752","targetHints":{"allow":["GET"]}}],"collection":[{"href":"https:\/\/eab-konstrukcije.com\/hr\/wp-json\/wp\/v2\/pages"}],"about":[{"href":"https:\/\/eab-konstrukcije.com\/hr\/wp-json\/wp\/v2\/types\/page"}],"author":[{"embeddable":true,"href":"https:\/\/eab-konstrukcije.com\/hr\/wp-json\/wp\/v2\/users\/1"}],"replies":[{"embeddable":true,"href":"https:\/\/eab-konstrukcije.com\/hr\/wp-json\/wp\/v2\/comments?post=6752"}],"version-history":[{"count":0,"href":"https:\/\/eab-konstrukcije.com\/hr\/wp-json\/wp\/v2\/pages\/6752\/revisions"}],"wp:attachment":[{"href":"https:\/\/eab-konstrukcije.com\/hr\/wp-json\/wp\/v2\/media?parent=6752"}],"curies":[{"name":"wp","href":"https:\/\/api.w.org\/{rel}","templated":true}]}}