{"id":6753,"date":"2018-02-08T14:31:19","date_gmt":"2018-02-08T13:31:19","guid":{"rendered":"http:\/\/eab-konstrukcije.com\/trgovacka-agencija-elemente-am-bau\/"},"modified":"2026-03-16T10:02:44","modified_gmt":"2026-03-16T09:02:44","slug":"trgovacka-agencija-elemente-am-bau","status":"publish","type":"page","link":"https:\/\/eab-konstrukcije.com\/hr\/","title":{"rendered":"Trgova\u010dka agencija Elemente am Bau"},"content":{"rendered":"<section id=\"builder-section-text_76\" class=\"builder-section-first builder-section builder-section-text builder-section-next-text builder-text-columns-1\" style=\"background-size: cover; background-repeat: no-repeat;background-position: center center;\">\n<div class=\"builder-section-content\">\n<div class=\"builder-text-row\">\n<div class=\"builder-text-column builder-text-column-1\" id=\"builder-section-text_76-column-1\">\n<div class=\"builder-text-content\">\n\n<\/p><\/div>\n<\/p><\/div>\n<\/p><\/div>\n<\/p><\/div>\n<\/section>\n<section id=\"builder-section-text_94\" class=\"builder-section-prev-text builder-section builder-section-text builder-section-next-text builder-text-columns-1\" style=\"background-size: cover; background-repeat: no-repeat;background-position: center center;\">\n<div class=\"builder-section-content\">\n<div class=\"builder-text-row\">\n<div class=\"builder-text-column builder-text-column-1\" id=\"builder-section-text_94-column-1\">\n<div class=\"builder-text-content\">\n<h1 style=\"text-align: left;\">Elemente am Bau \u2013 stru\u010dnost za va\u0161e projekte<\/h1>\n<p style=\"text-align: left;\">S dugogodi\u0161njim iskustvom, prakti\u010dnim pristupom i kreativnim rje\u0161enjima postavljamo nove standarde u industriji. Na\u0161 je cilj ponuditi vam rje\u0161enja po mjeri koja nisu samo u\u010dinkovita, ve\u0107 i vizualno i ekonomski isplativa.<br \/>Radimo zajedno na va\u0161oj viziji i razvijamo inovativna rje\u0161enja koja \u0107e va\u0161e projekte dovesti do uspjeha.<\/p>\n<\/p><\/div>\n<\/p><\/div>\n<\/p><\/div>\n<div class=\"builder-text-row\">\n<div class=\"builder-text-column builder-text-column-2\" id=\"builder-section-text_94-column-1\">\n<div class=\"builder-text-content\">\n<p><a href=\"https:\/\/eab-konstrukcije.com\/hr\/katalog\/\" class=\"produktkatalog-button\"><br \/> U katalog proizvoda<br \/><\/a><\/p>\n<\/p><\/div>\n<\/p><\/div>\n<\/p><\/div>\n<\/p><\/div>\n<\/section>\n<section id=\"builder-section-text_84\" class=\"builder-section-prev-text builder-section builder-section-text builder-section-last builder-text-columns-1\" style=\"background-size: cover; background-repeat: no-repeat;background-position: center center;\">\n<div class=\"builder-section-content\">\n<div class=\"builder-text-row\">\n<div class=\"builder-text-column builder-text-column-1\" id=\"builder-section-text_84-column-1\">\n<div class=\"builder-text-content\">\n\t\t<div class=\"wpsisac-slick-carousal-wrp wpsisac-clearfix \" data-conf=\"{&quot;slidestoshow&quot;:&quot;3&quot;,&quot;slidestoscroll&quot;:&quot;3&quot;,&quot;dots&quot;:&quot;true&quot;,&quot;arrows&quot;:&quot;true&quot;,&quot;autoplay&quot;:&quot;true&quot;,&quot;autoplay_interval&quot;:3000,&quot;speed&quot;:300,&quot;rtl&quot;:&quot;false&quot;,&quot;centermode&quot;:&quot;false&quot;,&quot;lazyload&quot;:&quot;&quot;,&quot;variablewidth&quot;:&quot;false&quot;,&quot;loop&quot;:&quot;true&quot;,&quot;hover_pause&quot;:&quot;true&quot;}\">\r\t\t\t<div id=\"wpsisac-slick-carousal-1\" class=\"wpsisac-slick-init wpsisac-slick-carousal design-1  simplecarousal\">\r\r\t\t\t\t<div class=\"wpsisac-image-slide\">\r\t\t\t<div class=\"wpsisac-image-slide-wrap\" style=\"\">\r\t\t\t<img decoding=\"async\"  src=\"https:\/\/eab-konstrukcije.com\/wp-content\/uploads\/beschlagstechnik-hr.jpg\" alt=\"Beschlagstechnik\" \/>\r\t\t<\/div>\r\t<\/div><div class=\"wpsisac-image-slide\">\r\t\t\t<a href=\"http:\/\/eab-konstrukcije.com\/aluminiumzargen\/\">\r\t\t\t<div class=\"wpsisac-image-slide-wrap\" style=\"\">\r\t\t\t\t<img decoding=\"async\"  src=\"https:\/\/eab-konstrukcije.com\/wp-content\/uploads\/aluzargen-hr.jpg\" alt=\"Produkte &#8211; Aluminiumzargen\" \/>\r\t\t\t<\/div>\r\t\t<\/a>\r\t<\/div><div class=\"wpsisac-image-slide\">\r\t\t\t<a href=\"http:\/\/eab-konstrukcije.com\/alurahmenelemente\/\">\r\t\t\t<div class=\"wpsisac-image-slide-wrap\" style=\"\">\r\t\t\t\t<img decoding=\"async\"  src=\"https:\/\/eab-konstrukcije.com\/wp-content\/uploads\/alurahmen-hr.jpg\" alt=\"Produkt &#8211; Alurahmenelemente\" \/>\r\t\t\t<\/div>\r\t\t<\/a>\r\t<\/div><div class=\"wpsisac-image-slide\">\r\t\t\t<a href=\"http:\/\/eab-konstrukcije.com\/stahlrahmenelemente\/\">\r\t\t\t<div class=\"wpsisac-image-slide-wrap\" style=\"\">\r\t\t\t\t<img decoding=\"async\"  src=\"https:\/\/eab-konstrukcije.com\/wp-content\/uploads\/stahl-hr.jpg\" alt=\"Produkte \u2013 Stahlrahmen\" \/>\r\t\t\t<\/div>\r\t\t<\/a>\r\t<\/div><div class=\"wpsisac-image-slide\">\r\t\t\t<a href=\"https:\/\/eab-konstrukcije.com\/hr\/wc-pregradni-sustavi\/\">\r\t\t\t<div class=\"wpsisac-image-slide-wrap\" style=\"\">\r\t\t\t\t<img decoding=\"async\"  src=\"https:\/\/eab-konstrukcije.com\/wp-content\/uploads\/wc-trennwand-hr.jpg\" alt=\"Produkte &#8211; WC-Trennw\u00e4nde\" \/>\r\t\t\t<\/div>\r\t\t<\/a>\r\t<\/div><div class=\"wpsisac-image-slide\">\r\t\t\t<a href=\"\/mobile-trennwandsysteme\">\r\t\t\t<div class=\"wpsisac-image-slide-wrap\" style=\"\">\r\t\t\t\t<img decoding=\"async\"  src=\"https:\/\/eab-konstrukcije.com\/wp-content\/uploads\/mobile-trennwand-hr.jpg\" alt=\"Produkte &#8211; Trennwandanlagen\" \/>\r\t\t\t<\/div>\r\t\t<\/a>\r\t<\/div><div class=\"wpsisac-image-slide\">\r\t\t\t<a href=\"http:\/\/eab-konstrukcije.com\/glastrennwaende\/\">\r\t\t\t<div class=\"wpsisac-image-slide-wrap\" style=\"\">\r\t\t\t\t<img decoding=\"async\"  src=\"https:\/\/eab-konstrukcije.com\/wp-content\/uploads\/glastrennwand-hr.jpg\" alt=\"Glastrennw\u00e4nde\" \/>\r\t\t\t<\/div>\r\t\t<\/a>\r\t<\/div>\r\t\t\t<\/div>\r\t\t<\/div>\r\t\n<\/p><\/div>\n<\/p><\/div>\n<\/p><\/div>\n<\/p><\/div>\n<\/section>\n","protected":false},"excerpt":{"rendered":"<p>Elemente am Bau \u2013 stru\u010dnost za va\u0161e projekte S dugogodi\u0161njim iskustvom, prakti\u010dnim pristupom i kreativnim rje\u0161enjima postavljamo nove standarde u industriji. Na\u0161 je cilj ponuditi vam rje\u0161enja po mjeri koja nisu samo u\u010dinkovita, ve\u0107 i vizualno i ekonomski isplativa.Radimo zajedno na va\u0161oj viziji i razvijamo inovativna rje\u0161enja koja \u0107e va\u0161e projekte dovesti do uspjeha. U &hellip;<\/p>\n","protected":false},"author":1,"featured_media":0,"parent":0,"menu_order":0,"comment_status":"closed","ping_status":"closed","template":"template-builder.php","meta":{"inline_featured_image":false,"footnotes":""},"class_list":["post-6753","page","type-page","status-publish","hentry"],"yoast_head":"<!-- This site is optimized with the Yoast SEO plugin v27.1.1 - https:\/\/yoast.com\/product\/yoast-seo-wordpress\/ -->\n<title>Trgova\u010dka agencija Elemente am Bau<\/title>\n<meta name=\"description\" content=\"Elemente am Bau je va\u0161a profesionalna trgova\u010dka agencija za: aluminijske dovratnike, \u010deli\u010dne okvirne elemente, aluminijske okvirne elemente. Kontaktirajte nas za va\u0161e rje\u0161enje po mjeri.\" \/>\n<meta name=\"robots\" content=\"index, follow, max-snippet:-1, max-image-preview:large, max-video-preview:-1\" \/>\n<link rel=\"canonical\" href=\"https:\/\/eab-konstrukcije.com\/hr\/trgovacka-agencija-elemente-am-bau\/\" \/>\n<meta property=\"og:locale\" content=\"hr_HR\" \/>\n<meta property=\"og:type\" content=\"article\" \/>\n<meta property=\"og:title\" content=\"Trgova\u010dka agencija Elemente am Bau\" \/>\n<meta property=\"og:description\" content=\"Elemente am Bau je va\u0161a profesionalna trgova\u010dka agencija za: aluminijske dovratnike, \u010deli\u010dne okvirne elemente, aluminijske okvirne elemente. Kontaktirajte nas za va\u0161e rje\u0161enje po mjeri.\" \/>\n<meta property=\"og:url\" content=\"https:\/\/eab-konstrukcije.com\/hr\/trgovacka-agencija-elemente-am-bau\/\" \/>\n<meta property=\"og:site_name\" content=\"EAB Croatia d.o.o\" \/>\n<meta property=\"article:modified_time\" content=\"2026-03-16T09:02:44+00:00\" \/>\n<meta name=\"twitter:card\" content=\"summary_large_image\" \/>\n<script type=\"application\/ld+json\" class=\"yoast-schema-graph\">{\"@context\":\"https:\/\/schema.org\",\"@graph\":[{\"@type\":\"WebPage\",\"@id\":\"https:\/\/eab-konstrukcije.com\/hr\/trgovacka-agencija-elemente-am-bau\/\",\"url\":\"https:\/\/eab-konstrukcije.com\/hr\/trgovacka-agencija-elemente-am-bau\/\",\"name\":\"Trgova\u010dka agencija Elemente am Bau\",\"isPartOf\":{\"@id\":\"https:\/\/eab-konstrukcije.com\/de\/#website\"},\"datePublished\":\"2018-02-08T13:31:19+00:00\",\"dateModified\":\"2026-03-16T09:02:44+00:00\",\"description\":\"Elemente am Bau je va\u0161a profesionalna trgova\u010dka agencija za: aluminijske dovratnike, \u010deli\u010dne okvirne elemente, aluminijske okvirne elemente. Kontaktirajte nas za va\u0161e rje\u0161enje po mjeri.\",\"inLanguage\":\"hr\",\"potentialAction\":[{\"@type\":\"ReadAction\",\"target\":[\"https:\/\/eab-konstrukcije.com\/hr\/trgovacka-agencija-elemente-am-bau\/\"]}]},{\"@type\":\"WebSite\",\"@id\":\"https:\/\/eab-konstrukcije.com\/de\/#website\",\"url\":\"https:\/\/eab-konstrukcije.com\/de\/\",\"name\":\"EAB Croatia d.o.o\",\"description\":\"Aluminijski okviri \u00b7 WC pregradne stijene \u00b7 Mobilne pregradne stijene \u00b7 Aluminijski okviri\",\"publisher\":{\"@id\":\"https:\/\/eab-konstrukcije.com\/de\/#organization\"},\"potentialAction\":[{\"@type\":\"SearchAction\",\"target\":{\"@type\":\"EntryPoint\",\"urlTemplate\":\"https:\/\/eab-konstrukcije.com\/de\/?s={search_term_string}\"},\"query-input\":{\"@type\":\"PropertyValueSpecification\",\"valueRequired\":true,\"valueName\":\"search_term_string\"}}],\"inLanguage\":\"hr\"},{\"@type\":\"Organization\",\"@id\":\"https:\/\/eab-konstrukcije.com\/de\/#organization\",\"name\":\"Elemente am Bau GmbH & Co.KG\",\"url\":\"https:\/\/eab-konstrukcije.com\/de\/\",\"logo\":{\"@type\":\"ImageObject\",\"inLanguage\":\"hr\",\"@id\":\"https:\/\/eab-konstrukcije.com\/de\/#\/schema\/logo\/image\/\",\"url\":\"https:\/\/eab-konstrukcije.com\/wp-content\/uploads\/2022\/02\/Logo.png\",\"contentUrl\":\"https:\/\/eab-konstrukcije.com\/wp-content\/uploads\/2022\/02\/Logo.png\",\"width\":300,\"height\":175,\"caption\":\"Elemente am Bau GmbH & Co.KG\"},\"image\":{\"@id\":\"https:\/\/eab-konstrukcije.com\/de\/#\/schema\/logo\/image\/\"}}]}<\/script>\n<!-- \/ Yoast SEO plugin. -->","yoast_head_json":{"title":"Trgova\u010dka agencija Elemente am Bau","description":"Elemente am Bau je va\u0161a profesionalna trgova\u010dka agencija za: aluminijske dovratnike, \u010deli\u010dne okvirne elemente, aluminijske okvirne elemente. Kontaktirajte nas za va\u0161e rje\u0161enje po mjeri.","robots":{"index":"index","follow":"follow","max-snippet":"max-snippet:-1","max-image-preview":"max-image-preview:large","max-video-preview":"max-video-preview:-1"},"canonical":"https:\/\/eab-konstrukcije.com\/hr\/trgovacka-agencija-elemente-am-bau\/","og_locale":"hr_HR","og_type":"article","og_title":"Trgova\u010dka agencija Elemente am Bau","og_description":"Elemente am Bau je va\u0161a profesionalna trgova\u010dka agencija za: aluminijske dovratnike, \u010deli\u010dne okvirne elemente, aluminijske okvirne elemente. Kontaktirajte nas za va\u0161e rje\u0161enje po mjeri.","og_url":"https:\/\/eab-konstrukcije.com\/hr\/trgovacka-agencija-elemente-am-bau\/","og_site_name":"EAB Croatia d.o.o","article_modified_time":"2026-03-16T09:02:44+00:00","twitter_card":"summary_large_image","schema":{"@context":"https:\/\/schema.org","@graph":[{"@type":"WebPage","@id":"https:\/\/eab-konstrukcije.com\/hr\/trgovacka-agencija-elemente-am-bau\/","url":"https:\/\/eab-konstrukcije.com\/hr\/trgovacka-agencija-elemente-am-bau\/","name":"Trgova\u010dka agencija Elemente am Bau","isPartOf":{"@id":"https:\/\/eab-konstrukcije.com\/de\/#website"},"datePublished":"2018-02-08T13:31:19+00:00","dateModified":"2026-03-16T09:02:44+00:00","description":"Elemente am Bau je va\u0161a profesionalna trgova\u010dka agencija za: aluminijske dovratnike, \u010deli\u010dne okvirne elemente, aluminijske okvirne elemente. Kontaktirajte nas za va\u0161e rje\u0161enje po mjeri.","inLanguage":"hr","potentialAction":[{"@type":"ReadAction","target":["https:\/\/eab-konstrukcije.com\/hr\/trgovacka-agencija-elemente-am-bau\/"]}]},{"@type":"WebSite","@id":"https:\/\/eab-konstrukcije.com\/de\/#website","url":"https:\/\/eab-konstrukcije.com\/de\/","name":"EAB Croatia d.o.o","description":"Aluminijski okviri \u00b7 WC pregradne stijene \u00b7 Mobilne pregradne stijene \u00b7 Aluminijski okviri","publisher":{"@id":"https:\/\/eab-konstrukcije.com\/de\/#organization"},"potentialAction":[{"@type":"SearchAction","target":{"@type":"EntryPoint","urlTemplate":"https:\/\/eab-konstrukcije.com\/de\/?s={search_term_string}"},"query-input":{"@type":"PropertyValueSpecification","valueRequired":true,"valueName":"search_term_string"}}],"inLanguage":"hr"},{"@type":"Organization","@id":"https:\/\/eab-konstrukcije.com\/de\/#organization","name":"Elemente am Bau GmbH & Co.KG","url":"https:\/\/eab-konstrukcije.com\/de\/","logo":{"@type":"ImageObject","inLanguage":"hr","@id":"https:\/\/eab-konstrukcije.com\/de\/#\/schema\/logo\/image\/","url":"https:\/\/eab-konstrukcije.com\/wp-content\/uploads\/2022\/02\/Logo.png","contentUrl":"https:\/\/eab-konstrukcije.com\/wp-content\/uploads\/2022\/02\/Logo.png","width":300,"height":175,"caption":"Elemente am Bau GmbH & Co.KG"},"image":{"@id":"https:\/\/eab-konstrukcije.com\/de\/#\/schema\/logo\/image\/"}}]}},"_links":{"self":[{"href":"https:\/\/eab-konstrukcije.com\/hr\/wp-json\/wp\/v2\/pages\/6753","targetHints":{"allow":["GET"]}}],"collection":[{"href":"https:\/\/eab-konstrukcije.com\/hr\/wp-json\/wp\/v2\/pages"}],"about":[{"href":"https:\/\/eab-konstrukcije.com\/hr\/wp-json\/wp\/v2\/types\/page"}],"author":[{"embeddable":true,"href":"https:\/\/eab-konstrukcije.com\/hr\/wp-json\/wp\/v2\/users\/1"}],"replies":[{"embeddable":true,"href":"https:\/\/eab-konstrukcije.com\/hr\/wp-json\/wp\/v2\/comments?post=6753"}],"version-history":[{"count":1,"href":"https:\/\/eab-konstrukcije.com\/hr\/wp-json\/wp\/v2\/pages\/6753\/revisions"}],"predecessor-version":[{"id":7327,"href":"https:\/\/eab-konstrukcije.com\/hr\/wp-json\/wp\/v2\/pages\/6753\/revisions\/7327"}],"wp:attachment":[{"href":"https:\/\/eab-konstrukcije.com\/hr\/wp-json\/wp\/v2\/media?parent=6753"}],"curies":[{"name":"wp","href":"https:\/\/api.w.org\/{rel}","templated":true}]}}