{"id":6926,"date":"2025-07-28T09:01:49","date_gmt":"2025-07-28T07:01:49","guid":{"rendered":"http:\/\/eab-konstrukcije.com\/aluminijski-okvirni-elementi\/"},"modified":"2025-07-28T09:01:49","modified_gmt":"2025-07-28T07:01:49","slug":"aluminijski-okvirni-elementi","status":"publish","type":"page","link":"https:\/\/eab-konstrukcije.com\/hr\/aluminijski-okvirni-elementi\/","title":{"rendered":"Aluminijski okvirni elementi"},"content":{"rendered":"<section id=\"builder-section-text_748\" class=\"builder-section-first builder-section builder-section-text builder-section-next-text builder-section-full-width builder-text-columns-1\" style=\"background-size: cover; background-repeat: no-repeat;background-position: center center;\">\n<div class=\"builder-section-content\">\n<div class=\"builder-text-row\">\n<div class=\"builder-text-column builder-text-column-1\" id=\"builder-section-text_748-column-1\">\n<div class=\"builder-text-content\">\n\n<\/p><\/div>\n<\/p><\/div>\n<\/p><\/div>\n<\/p><\/div>\n<\/section>\n<section id=\"builder-section-text_118\" class=\"builder-section-prev-text builder-section builder-section-text builder-section-next-text builder-text-columns-2\" style=\"background-size: cover; background-repeat: no-repeat;background-position: center center;\">\n<div class=\"builder-section-content\">\n<div class=\"builder-text-row\">\n<div class=\"builder-text-column builder-text-column-1\" id=\"builder-section-text_118-column-1\">\n<div class=\"builder-text-content\">\n<h1>Moderna elegancija susre\u0107e dugotrajnu kvalitetu<\/h1>\n<p>Aluminijska vrata sinonim su za moderan dizajn i iznimnu izdr\u017eljivost. Odlikuju se laganim, ali iznimno robusnim konstrukcijama koje osiguravaju dugotrajnost i otpornost na vremenske uvjete.<br \/>Aluminijska vrata nude izvrsnu toplinsku i zvu\u010dnu izolaciju te osiguravaju ugodnu klimu u prostoru tijekom cijele godine. <\/p>\n<\/p><\/div>\n<\/p><\/div>\n<div class=\"builder-text-column builder-text-column-2\" id=\"builder-section-text_118-column-2\">\n<div class=\"builder-text-content\">\n<div class=\"image-layout\">\n<div class=\"top-row\"><img decoding=\"async\" src=\"\/wp-content\/uploads\/alurahmen_hoch_1.jpg\" alt=\"vrata s aluminijskim okvirom\"><br \/><img decoding=\"async\" src=\"\/wp-content\/uploads\/alurahmen_hoch_2.jpg\" alt=\"\"aluminijski okvir\"><\/div>\n<div class=\"bottom-row\"><img decoding=\"async\" src=\"\/wp-content\/uploads\/alurahmen_quer.jpg\" alt=\"aluminijski okvir zid\"><\/div>\n<\/div><\/div>\n<\/p><\/div>\n<\/p><\/div>\n<\/p><\/div>\n<\/section>\n<section id=\"builder-section-text_120\" class=\"builder-section-prev-text builder-section builder-section-text builder-section-next-text builder-text-columns-1\" style=\"background-size: cover; background-repeat: no-repeat;background-position: center center;\">\n<div class=\"builder-section-content\">\n<div class=\"builder-text-row\">\n<div class=\"builder-text-column builder-text-column-1\" id=\"builder-section-text_120-column-1\">\n<div class=\"builder-text-content\">\n<h1 style=\"background-color: #009eac; color: white; padding: 10px 20px; display: inline-block; border-radius: 4px;\">Sch\u00fcco<\/h1>\n<\/p><\/div>\n<\/p><\/div>\n<\/p><\/div>\n<\/p><\/div>\n<\/section>\n<section id=\"builder-section-text_583\" class=\"builder-section-prev-text builder-section builder-section-text builder-section-next-text builder-text-columns-2\" style=\"background-size: cover; background-repeat: no-repeat;background-position: center center;\">\n<div class=\"builder-section-content\">\n<div class=\"builder-text-row\">\n<div class=\"builder-text-column builder-text-column-1\" id=\"builder-section-text_583-column-1\">\n<div class=\"builder-text-content\">\n<div style=\"background-color: #ffffff;\"><img loading=\"lazy\" decoding=\"async\" src=\"http:\/\/eab-konstrukcije.com\/wp-content\/uploads\/ADS-80-FR-30.png\" alt=\"\" width=\"300\" height=\"300\" class=\"alignnone size-medium wp-image-5592\"><\/div>\n<\/p><\/div>\n<\/p><\/div>\n<div class=\"builder-text-column builder-text-column-2\" id=\"builder-section-text_583-column-2\">\n<div class=\"builder-text-content\">\n<div style=\"text-align: right;\">\n<h1>Sch\u00fcco ADS 80 FR 30 \u2013 Svestrani sustav vrata s 30 minuta otpornosti na vatru<\/h1>\n<p>Dokazani sustav vrata Sch\u00fcco ADS 80 FR 30 (Fire Resistant) s ugradbenom dubinom od 80 mm temelji se na vrlo stabilnim 5-komornim \u0161upljim profilima. Uvjerava svojom svestrano\u0161\u0107u u primjeni, funkciji i dizajnu. Za daljnje zahtjeve za automatizaciju i sigurnost zgrada, aluminijski sustav mo\u017ee se pro\u0161iriti u multifunkcionalno rje\u0161enje za vrata. Mogu\u0107a podru\u010dja primjene uklju\u010duju protuprovalnu za\u0161titu, funkcije panike, za\u0161titu od pada, kao i kontrole pristupa s integriranim osiguranjem izlaza u nu\u017edi (Sch\u00fcco Door Control System). Mogu\u0107a je i optimizirana zvu\u010dna izolacija.    <\/p>\n<\/div><\/div>\n<\/p><\/div>\n<\/p><\/div>\n<div class=\"builder-text-row\">\n<div class=\"builder-text-column builder-text-column-3\" id=\"builder-section-text_583-column-1\">\n<div class=\"builder-text-content\">\n<h1>Sch\u00fcco FireStop ADS 90 FR 90 \u2013 Za\u0161tita od po\u017eara uz maksimalnu fleksibilnost<\/h1>\n<p>Aluminijski sustav za\u0161tite od po\u017eara Sch\u00fcco FireStop ADS 90 FR 90 dio je inovativne platforme FireStop i nudi sveobuhvatan sustav vrata i zidova s otporno\u0161\u0107u na vatru do 90 minuta \u2013 testiran prema EN 1634\/EN 1364 i DIN 4102. Zahvaljuju\u0107i maksimalnoj slobodi dizajna, toplinski odvojene protupo\u017earne konstrukcije mogu se implementirati na posebno elegantan na\u010din. Uske vidljive \u0161irine profila osiguravaju visoku transparentnost, dok integrirani zatvara\u010di vrata, skriveni panti i funkcionalne protupo\u017earne maske omogu\u0107uju jasne linije. Tako\u0111er, stakleni ili panelni ispuni mogu se fleksibilno integrirati.   <\/p>\n<\/p><\/div>\n<\/p><\/div>\n<div class=\"builder-text-column builder-text-column-4\" id=\"builder-section-text_583-column-2\">\n<div class=\"builder-text-content\">\n<div style=\"background-color: #ffffff;\"><img loading=\"lazy\" decoding=\"async\" src=\"http:\/\/eab-konstrukcije.com\/wp-content\/uploads\/ADS-90-FR-90.png\" alt=\"\" width=\"300\" height=\"300\" class=\"alignnone size-medium wp-image-5593\"><\/div>\n<\/p><\/div>\n<\/p><\/div>\n<\/p><\/div>\n<div class=\"builder-text-row\">\n<div class=\"builder-text-column builder-text-column-5\" id=\"builder-section-text_583-column-1\">\n<div class=\"builder-text-content\">\n<div style=\"background-color: #ffffff;\"><img loading=\"lazy\" decoding=\"async\" src=\"http:\/\/eab-konstrukcije.com\/wp-content\/uploads\/ADS-80-FR-60.png\" alt=\"\" width=\"300\" height=\"300\" class=\"alignnone size-medium wp-image-5594\"><\/div>\n<\/p><\/div>\n<\/p><\/div>\n<div class=\"builder-text-column builder-text-column-6\" id=\"builder-section-text_583-column-2\">\n<div class=\"builder-text-content\">\n<div style=\"text-align: right;\">\n<h1>Sch\u00fcco ADS 80 FR 60 \u2013 Multifunkcionalno rje\u0161enje s 60 minuta otpornosti na vatru<\/h1>\n<p>Sustav vrata Sch\u00fcco ADS 80 FR 60 tako\u0111er se temelji na stabilnim 5-komornim \u0161upljim profilima i ima ugradbenu dubinu od 80 mm. Pogodan je za elemente vrata i zidova klase otpornosti na vatru EI60 (T60, F60). Kao i kod ostalih sustava, mo\u017ee se pro\u0161iriti u multifunkcionalna vrata za dodatne sigurnosne zahtjeve. Mogu\u0107e primjene se\u017eu od protuprovalne za\u0161tite i funkcija panike preko kontrole pristupa do pobolj\u0161ane zvu\u010dne izolacije.  <\/p>\n<\/div><\/div>\n<\/p><\/div>\n<\/p><\/div>\n<div class=\"builder-text-row\">\n<div class=\"builder-text-column builder-text-column-7\" id=\"builder-section-text_583-column-1\">\n<div class=\"builder-text-content\">\n<h1>Sch\u00fcco ADS 65.NI SP \u2013 Fleksibilno rje\u0161enje za za\u0161titu od dima s ugradbenom dubinom od 65 mm<\/h1>\n<p>Neprekinuti sustav vrata za za\u0161titu od dima Sch\u00fcco ADS 65.NI SP (Non Insulated Smoke Protection) pogodan je za jednokrilna i dvokrilna vrata i u potpunosti je testiran prema DIN 18095 i EN 1634-3 \u2013 uklju\u010duju\u0107i sav sistemski okov. Dokazana aluminijska konstrukcija temelji se na stabilnim profilima sa \u0161upljim komorama s ugradbenom dubinom od 65 mm. Za dodatne zahtjeve, sustav se mo\u017ee pro\u0161iriti u multifunkcionalna vrata. Spektar primjene obuhva\u0107a protuprovalnu za\u0161titu, funkcije panike, osiguranje izlaza u nu\u017edi, kontrolu pristupa sa Sch\u00fcco Door Control System i optimiziranu zvu\u010dnu izolaciju.  <\/p>\n<\/p><\/div>\n<\/p><\/div>\n<div class=\"builder-text-column builder-text-column-8\" id=\"builder-section-text_583-column-2\">\n<div class=\"builder-text-content\">\n<div style=\"background-color: #ffffff;\"><img loading=\"lazy\" decoding=\"async\" src=\"http:\/\/eab-konstrukcije.com\/wp-content\/uploads\/ADS-60.NI-SP.png\" alt=\"\" width=\"300\" height=\"300\" class=\"alignnone size-medium wp-image-5595\"><\/div>\n<\/p><\/div>\n<\/p><\/div>\n<\/p><\/div>\n<\/p><\/div>\n<\/section>\n<section id=\"builder-section-text_136\" class=\"builder-section-prev-text builder-section builder-section-text builder-section-next-text builder-text-columns-1\" style=\"background-size: cover; background-repeat: no-repeat;background-position: center center;\">\n<div class=\"builder-section-content\">\n<div class=\"builder-text-row\">\n<div class=\"builder-text-column builder-text-column-1\" id=\"builder-section-text_136-column-1\">\n<div class=\"builder-text-content\">\n<h1 style=\"background-color: #009eac; color: white; padding: 10px 20px; display: inline-block; border-radius: 4px;\">AKOTHERM<\/h1>\n<\/p><\/div>\n<\/p><\/div>\n<\/p><\/div>\n<\/p><\/div>\n<\/section>\n<section id=\"builder-section-text_258\" class=\"builder-section-prev-text builder-section builder-section-text builder-section-next-text builder-text-columns-2\" style=\"background-size: cover; background-repeat: no-repeat;background-position: center center;\">\n<div class=\"builder-section-content\">\n<div class=\"builder-text-row\">\n<div class=\"builder-text-column builder-text-column-1\" id=\"builder-section-text_258-column-1\">\n<div class=\"builder-text-content\">\n<div style=\"background-color: #ffffff;\"><img loading=\"lazy\" decoding=\"async\" src=\"http:\/\/eab-konstrukcije.com\/wp-content\/uploads\/AT-740.png\" alt=\"\" width=\"300\" height=\"300\" class=\"alignnone size-medium wp-image-5592\"><\/div>\n<\/p><\/div>\n<\/p><\/div>\n<div class=\"builder-text-column builder-text-column-2\" id=\"builder-section-text_258-column-2\">\n<div class=\"builder-text-content\">\n<div style=\"text-align: right;\">\n<h1>AT 740 FR T30 \u2013 Visokokvalitetna protupo\u017earna vrata s jednostavnom obradom<\/h1>\n<p>S protupo\u017earnim vratima AT 740 FR T30 razvijen je sustav koji ispunjava najvi\u0161e zahtjeve za za\u0161titu od po\u017eara i dima \u2013 bez \u017ertvovanja elegantne optike stakla i okvira. Konstrukcija se temelji na provjerenim profilima osnovnog sustava i pripadaju\u0107em priboru. Zna\u010dajna prednost: Nema potrebe za dodatnim rashladnim sredstvima*\u00b9. To \u010dini obradu posebno jednostavnom i gotovo identi\u010dnom monta\u017ei standardnih vrata. Veli\u010dine krila od cca. 1450 x 3000 mm mogu se lako realizirati.    <\/p>\n<\/div><\/div>\n<\/p><\/div>\n<\/p><\/div>\n<div class=\"builder-text-row\">\n<div class=\"builder-text-column builder-text-column-3\" id=\"builder-section-text_258-column-1\">\n<div class=\"builder-text-content\">\n<h1>AT 700 SC \u2013 Fleksibilan sustav vrata za za\u0161titu od dima s velikim prostorom za dizajn<\/h1>\n<p>Sustav vrata AT 700 SC sa stabilnom ugradbenom dubinom od 70 mm omogu\u0107uje proizvodnju vrata za za\u0161titu od dima prema DIN 18095 \u2013 s visinama krila do 3000 mm. Izvedba mo\u017ee biti jednokrilna ili dvokrilna, kao i otvaranje prema unutra ili prema van. Opcijski su mogu\u0107e kombinacije s bo\u010dnim dijelovima, nadsvjetlom ili staklenim pre\u010dkama. Mogu\u0107a su i panik vrata s posebnim krilom vrata.<br \/>Konstrukcija u ravnini s obje strane posti\u017ee \u0161irinu pogleda od 149 mm u kombinaciji okvira i krila \u2013 identi\u010dno toplinski izoliranom sustavu AT 740 SI. Izvedba postolja mo\u017ee se izvesti s krilom vrata po cijelom obodu, pre\u010dkama ili posebnim profilom postolja i varira u visini izme\u0111u 98 i 238 mm. Ovisno o podnoj oblozi, mo\u017ee se koristiti i ravan prag visine samo 4 mm.   <\/p>\n<\/p><\/div>\n<\/p><\/div>\n<div class=\"builder-text-column builder-text-column-4\" id=\"builder-section-text_258-column-2\">\n<div class=\"builder-text-content\">\n<div style=\"background-color: #ffffff;\"><img loading=\"lazy\" decoding=\"async\" src=\"http:\/\/eab-konstrukcije.com\/wp-content\/uploads\/AT700-AT700sc.png\" alt=\"\" width=\"300\" height=\"300\" class=\"alignnone size-medium wp-image-5593\"><\/div>\n<\/p><\/div>\n<\/p><\/div>\n<\/p><\/div>\n<\/p><\/div>\n<\/section>\n<section id=\"builder-section-text_202\" class=\"builder-section-prev-text builder-section builder-section-text builder-section-next-text builder-text-columns-1\" style=\"background-size: cover; background-repeat: no-repeat;background-position: center center;\">\n<div class=\"builder-section-content\">\n<div class=\"builder-text-row\">\n<div class=\"builder-text-column builder-text-column-1\" id=\"builder-section-text_202-column-1\">\n<div class=\"builder-text-content\">\n<h1 style=\"background-color: #009eac; color: white; padding: 10px 20px; display: inline-block; border-radius: 4px;\">HUECK<\/h1>\n<\/p><\/div>\n<\/p><\/div>\n<\/p><\/div>\n<\/p><\/div>\n<\/section>\n<section id=\"builder-section-text_272\" class=\"builder-section-prev-text builder-section builder-section-text builder-section-last builder-text-columns-2\" style=\"background-size: cover; background-repeat: no-repeat;background-position: center center;\">\n<div class=\"builder-section-content\">\n<div class=\"builder-text-row\">\n<div class=\"builder-text-column builder-text-column-1\" id=\"builder-section-text_272-column-1\">\n<div class=\"builder-text-content\">\n<div style=\"background-color: #ffffff;\"><img loading=\"lazy\" decoding=\"async\" src=\"http:\/\/eab-konstrukcije.com\/wp-content\/uploads\/LAVA-77-30.jpg\" alt=\"\" width=\"300\" height=\"300\" class=\"alignnone size-medium wp-image-5592\"><\/div>\n<\/p><\/div>\n<\/p><\/div>\n<div class=\"builder-text-column builder-text-column-2\" id=\"builder-section-text_272-column-2\">\n<div class=\"builder-text-content\">\n<div style=\"text-align: right;\">\n<h1>Aluminijska protupo\u017earna konstrukcija \u2013 Toplinski izolirana i odobrena prema DIN normama<\/h1>\n<p>Ova toplinski izolirana aluminijska protupo\u017earna konstrukcija ispunjava zahtjeve DIN 4102-5 i DIN EN 1634-1 (T30-1\/-2 FSA kao i T30-1\/-2 RS-FSA) za jednokrilna i dvokrilna vrata, otvaranje prema unutra ili prema van. Ima op\u0107e gra\u0111evinsko odobrenje (Z-6.20-2144). F30 protupo\u017earna stakla prema DIN 4102-13 i DIN EN 1634-1 tako\u0111er su odobrena od strane gra\u0111evinskog nadzora (Z-19.14-2049).  <br \/>Posebno prakti\u010dno: Nisu potrebne dodatne protupo\u017earne izolacijske trake u krilu ili okviru. U slu\u010daju po\u017eara, integrirane, pjene\u0107e izolacijske trake u podru\u010dju falca vrata i stakla osiguravaju potrebnu za\u0161titnu u\u010dinkovitost \u2013 najmanje 30 minuta. <\/p>\n<\/div><\/div>\n<\/p><\/div>\n<\/p><\/div>\n<div class=\"builder-text-row\">\n<div class=\"builder-text-column builder-text-column-3\" id=\"builder-section-text_272-column-1\">\n<div class=\"builder-text-content\">\n<h1>LAVA 77-90<\/h1>\n<p>90 minuta u slu\u010daju po\u017eara<\/p>\n<\/p><\/div>\n<\/p><\/div>\n<div class=\"builder-text-column builder-text-column-4\" id=\"builder-section-text_272-column-2\">\n<div class=\"builder-text-content\">\n<div style=\"background-color: #ffffff;\"><img loading=\"lazy\" decoding=\"async\" src=\"http:\/\/eab-konstrukcije.com\/wp-content\/uploads\/LAVA-77-90.jpg\" alt=\"\" width=\"300\" height=\"300\" class=\"alignnone size-medium wp-image-5593\"><\/div>\n<\/p><\/div>\n<\/p><\/div>\n<\/p><\/div>\n<div class=\"builder-text-row\">\n<div class=\"builder-text-column builder-text-column-5\" id=\"builder-section-text_272-column-1\">\n<div class=\"builder-text-content\">\n<div style=\"background-color: #ffffff;\"><img loading=\"lazy\" decoding=\"async\" src=\"http:\/\/eab-konstrukcije.com\/wp-content\/uploads\/LAVA-65-s.jpg\" alt=\"\" width=\"300\" height=\"300\" class=\"alignnone size-medium wp-image-5592\"><\/div>\n<\/p><\/div>\n<\/p><\/div>\n<div class=\"builder-text-column builder-text-column-6\" id=\"builder-section-text_272-column-2\">\n<div class=\"builder-text-content\">\n<div style=\"text-align: right;\">\n<h1>LAVA 65-S<\/h1>\n<p>Za\u0161tita od dima<\/p>\n<\/div><\/div>\n<\/p><\/div>\n<\/p><\/div>\n<\/p><\/div>\n<\/section>\n","protected":false},"excerpt":{"rendered":"<p>Moderna elegancija susre\u0107e dugotrajnu kvalitetu Aluminijska vrata sinonim su za moderan dizajn i iznimnu izdr\u017eljivost. Odlikuju se laganim, ali iznimno robusnim konstrukcijama koje osiguravaju dugotrajnost i otpornost na vremenske uvjete.Aluminijska vrata nude izvrsnu toplinsku i zvu\u010dnu izolaciju te osiguravaju ugodnu klimu u prostoru tijekom cijele godine.<\/p>\n","protected":false},"author":1,"featured_media":0,"parent":0,"menu_order":2,"comment_status":"closed","ping_status":"closed","template":"template-builder.php","meta":{"inline_featured_image":false,"footnotes":""},"class_list":["post-6926","page","type-page","status-publish","hentry"],"yoast_head":"<!-- This site is optimized with the Yoast SEO plugin v27.1.1 - https:\/\/yoast.com\/product\/yoast-seo-wordpress\/ -->\n<title>Aluminijski okvirni elementi &#8226; EAB Croatia d.o.o<\/title>\n<meta name=\"description\" content=\"Elemente am Bau specijalizirao se za obradu lima i metala te za proizvodnju sistemskih elemenata od aluminija i \u010delika.\" \/>\n<meta name=\"robots\" content=\"index, follow, max-snippet:-1, max-image-preview:large, max-video-preview:-1\" \/>\n<link rel=\"canonical\" href=\"https:\/\/eab-konstrukcije.com\/hr\/aluminijski-okvirni-elementi\/\" \/>\n<meta property=\"og:locale\" content=\"hr_HR\" \/>\n<meta property=\"og:type\" content=\"article\" \/>\n<meta property=\"og:title\" content=\"Aluminijski okvirni elementi &#8226; EAB Croatia d.o.o\" \/>\n<meta property=\"og:description\" content=\"Elemente am Bau specijalizirao se za obradu lima i metala te za proizvodnju sistemskih elemenata od aluminija i \u010delika.\" \/>\n<meta property=\"og:url\" content=\"https:\/\/eab-konstrukcije.com\/hr\/aluminijski-okvirni-elementi\/\" \/>\n<meta property=\"og:site_name\" content=\"EAB Croatia d.o.o\" \/>\n<meta property=\"og:image\" content=\"http:\/\/eab-konstrukcije.com\/wp-content\/uploads\/ADS-80-FR-30.png\" \/>\n<meta name=\"twitter:card\" content=\"summary_large_image\" \/>\n<script type=\"application\/ld+json\" class=\"yoast-schema-graph\">{\"@context\":\"https:\/\/schema.org\",\"@graph\":[{\"@type\":\"WebPage\",\"@id\":\"https:\/\/eab-konstrukcije.com\/hr\/aluminijski-okvirni-elementi\/\",\"url\":\"https:\/\/eab-konstrukcije.com\/hr\/aluminijski-okvirni-elementi\/\",\"name\":\"Aluminijski okvirni elementi &#8226; EAB Croatia d.o.o\",\"isPartOf\":{\"@id\":\"https:\/\/eab-konstrukcije.com\/de\/#website\"},\"primaryImageOfPage\":{\"@id\":\"https:\/\/eab-konstrukcije.com\/hr\/aluminijski-okvirni-elementi\/#primaryimage\"},\"image\":{\"@id\":\"https:\/\/eab-konstrukcije.com\/hr\/aluminijski-okvirni-elementi\/#primaryimage\"},\"thumbnailUrl\":\"http:\/\/eab-konstrukcije.com\/wp-content\/uploads\/ADS-80-FR-30.png\",\"datePublished\":\"2025-07-28T07:01:49+00:00\",\"description\":\"Elemente am Bau specijalizirao se za obradu lima i metala te za proizvodnju sistemskih elemenata od aluminija i \u010delika.\",\"inLanguage\":\"hr\",\"potentialAction\":[{\"@type\":\"ReadAction\",\"target\":[\"https:\/\/eab-konstrukcije.com\/hr\/aluminijski-okvirni-elementi\/\"]}]},{\"@type\":\"ImageObject\",\"inLanguage\":\"hr\",\"@id\":\"https:\/\/eab-konstrukcije.com\/hr\/aluminijski-okvirni-elementi\/#primaryimage\",\"url\":\"http:\/\/eab-konstrukcije.com\/wp-content\/uploads\/ADS-80-FR-30.png\",\"contentUrl\":\"http:\/\/eab-konstrukcije.com\/wp-content\/uploads\/ADS-80-FR-30.png\"},{\"@type\":\"WebSite\",\"@id\":\"https:\/\/eab-konstrukcije.com\/de\/#website\",\"url\":\"https:\/\/eab-konstrukcije.com\/de\/\",\"name\":\"EAB Croatia d.o.o\",\"description\":\"Aluminijski okviri \u00b7 WC pregradne stijene \u00b7 Mobilne pregradne stijene \u00b7 Aluminijski okviri\",\"publisher\":{\"@id\":\"https:\/\/eab-konstrukcije.com\/de\/#organization\"},\"potentialAction\":[{\"@type\":\"SearchAction\",\"target\":{\"@type\":\"EntryPoint\",\"urlTemplate\":\"https:\/\/eab-konstrukcije.com\/de\/?s={search_term_string}\"},\"query-input\":{\"@type\":\"PropertyValueSpecification\",\"valueRequired\":true,\"valueName\":\"search_term_string\"}}],\"inLanguage\":\"hr\"},{\"@type\":\"Organization\",\"@id\":\"https:\/\/eab-konstrukcije.com\/de\/#organization\",\"name\":\"Elemente am Bau GmbH & Co.KG\",\"url\":\"https:\/\/eab-konstrukcije.com\/de\/\",\"logo\":{\"@type\":\"ImageObject\",\"inLanguage\":\"hr\",\"@id\":\"https:\/\/eab-konstrukcije.com\/de\/#\/schema\/logo\/image\/\",\"url\":\"https:\/\/eab-konstrukcije.com\/wp-content\/uploads\/2022\/02\/Logo.png\",\"contentUrl\":\"https:\/\/eab-konstrukcije.com\/wp-content\/uploads\/2022\/02\/Logo.png\",\"width\":300,\"height\":175,\"caption\":\"Elemente am Bau GmbH & Co.KG\"},\"image\":{\"@id\":\"https:\/\/eab-konstrukcije.com\/de\/#\/schema\/logo\/image\/\"}}]}<\/script>\n<!-- \/ Yoast SEO plugin. -->","yoast_head_json":{"title":"Aluminijski okvirni elementi &#8226; EAB Croatia d.o.o","description":"Elemente am Bau specijalizirao se za obradu lima i metala te za proizvodnju sistemskih elemenata od aluminija i \u010delika.","robots":{"index":"index","follow":"follow","max-snippet":"max-snippet:-1","max-image-preview":"max-image-preview:large","max-video-preview":"max-video-preview:-1"},"canonical":"https:\/\/eab-konstrukcije.com\/hr\/aluminijski-okvirni-elementi\/","og_locale":"hr_HR","og_type":"article","og_title":"Aluminijski okvirni elementi &#8226; EAB Croatia d.o.o","og_description":"Elemente am Bau specijalizirao se za obradu lima i metala te za proizvodnju sistemskih elemenata od aluminija i \u010delika.","og_url":"https:\/\/eab-konstrukcije.com\/hr\/aluminijski-okvirni-elementi\/","og_site_name":"EAB Croatia d.o.o","og_image":[{"url":"http:\/\/eab-konstrukcije.com\/wp-content\/uploads\/ADS-80-FR-30.png","type":"","width":"","height":""}],"twitter_card":"summary_large_image","schema":{"@context":"https:\/\/schema.org","@graph":[{"@type":"WebPage","@id":"https:\/\/eab-konstrukcije.com\/hr\/aluminijski-okvirni-elementi\/","url":"https:\/\/eab-konstrukcije.com\/hr\/aluminijski-okvirni-elementi\/","name":"Aluminijski okvirni elementi &#8226; EAB Croatia d.o.o","isPartOf":{"@id":"https:\/\/eab-konstrukcije.com\/de\/#website"},"primaryImageOfPage":{"@id":"https:\/\/eab-konstrukcije.com\/hr\/aluminijski-okvirni-elementi\/#primaryimage"},"image":{"@id":"https:\/\/eab-konstrukcije.com\/hr\/aluminijski-okvirni-elementi\/#primaryimage"},"thumbnailUrl":"http:\/\/eab-konstrukcije.com\/wp-content\/uploads\/ADS-80-FR-30.png","datePublished":"2025-07-28T07:01:49+00:00","description":"Elemente am Bau specijalizirao se za obradu lima i metala te za proizvodnju sistemskih elemenata od aluminija i \u010delika.","inLanguage":"hr","potentialAction":[{"@type":"ReadAction","target":["https:\/\/eab-konstrukcije.com\/hr\/aluminijski-okvirni-elementi\/"]}]},{"@type":"ImageObject","inLanguage":"hr","@id":"https:\/\/eab-konstrukcije.com\/hr\/aluminijski-okvirni-elementi\/#primaryimage","url":"http:\/\/eab-konstrukcije.com\/wp-content\/uploads\/ADS-80-FR-30.png","contentUrl":"http:\/\/eab-konstrukcije.com\/wp-content\/uploads\/ADS-80-FR-30.png"},{"@type":"WebSite","@id":"https:\/\/eab-konstrukcije.com\/de\/#website","url":"https:\/\/eab-konstrukcije.com\/de\/","name":"EAB Croatia d.o.o","description":"Aluminijski okviri \u00b7 WC pregradne stijene \u00b7 Mobilne pregradne stijene \u00b7 Aluminijski okviri","publisher":{"@id":"https:\/\/eab-konstrukcije.com\/de\/#organization"},"potentialAction":[{"@type":"SearchAction","target":{"@type":"EntryPoint","urlTemplate":"https:\/\/eab-konstrukcije.com\/de\/?s={search_term_string}"},"query-input":{"@type":"PropertyValueSpecification","valueRequired":true,"valueName":"search_term_string"}}],"inLanguage":"hr"},{"@type":"Organization","@id":"https:\/\/eab-konstrukcije.com\/de\/#organization","name":"Elemente am Bau GmbH & Co.KG","url":"https:\/\/eab-konstrukcije.com\/de\/","logo":{"@type":"ImageObject","inLanguage":"hr","@id":"https:\/\/eab-konstrukcije.com\/de\/#\/schema\/logo\/image\/","url":"https:\/\/eab-konstrukcije.com\/wp-content\/uploads\/2022\/02\/Logo.png","contentUrl":"https:\/\/eab-konstrukcije.com\/wp-content\/uploads\/2022\/02\/Logo.png","width":300,"height":175,"caption":"Elemente am Bau GmbH & Co.KG"},"image":{"@id":"https:\/\/eab-konstrukcije.com\/de\/#\/schema\/logo\/image\/"}}]}},"_links":{"self":[{"href":"https:\/\/eab-konstrukcije.com\/hr\/wp-json\/wp\/v2\/pages\/6926","targetHints":{"allow":["GET"]}}],"collection":[{"href":"https:\/\/eab-konstrukcije.com\/hr\/wp-json\/wp\/v2\/pages"}],"about":[{"href":"https:\/\/eab-konstrukcije.com\/hr\/wp-json\/wp\/v2\/types\/page"}],"author":[{"embeddable":true,"href":"https:\/\/eab-konstrukcije.com\/hr\/wp-json\/wp\/v2\/users\/1"}],"replies":[{"embeddable":true,"href":"https:\/\/eab-konstrukcije.com\/hr\/wp-json\/wp\/v2\/comments?post=6926"}],"version-history":[{"count":0,"href":"https:\/\/eab-konstrukcije.com\/hr\/wp-json\/wp\/v2\/pages\/6926\/revisions"}],"wp:attachment":[{"href":"https:\/\/eab-konstrukcije.com\/hr\/wp-json\/wp\/v2\/media?parent=6926"}],"curies":[{"name":"wp","href":"https:\/\/api.w.org\/{rel}","templated":true}]}}