{"id":6946,"date":"2025-06-05T12:54:53","date_gmt":"2025-06-05T10:54:53","guid":{"rendered":"http:\/\/eab-konstrukcije.com\/celicni-okvirni-elementi\/"},"modified":"2025-06-05T12:54:53","modified_gmt":"2025-06-05T10:54:53","slug":"celicni-okvirni-elementi","status":"publish","type":"page","link":"https:\/\/eab-konstrukcije.com\/hr\/celicni-okvirni-elementi\/","title":{"rendered":"\u010celi\u010dni okvirni elementi"},"content":{"rendered":"<section id=\"builder-section-text_748\" class=\"builder-section-first builder-section builder-section-text builder-section-next-text builder-section-full-width builder-text-columns-1\" style=\"background-size: cover; background-repeat: no-repeat;background-position: center center;\">\n<div class=\"builder-section-content\">\n<div class=\"builder-text-row\">\n<div class=\"builder-text-column builder-text-column-1\" id=\"builder-section-text_748-column-1\">\n<div class=\"builder-text-content\">\n\n<\/p><\/div>\n<\/p><\/div>\n<\/p><\/div>\n<\/p><\/div>\n<\/section>\n<section id=\"builder-section-text_118\" class=\"builder-section-prev-text builder-section builder-section-text builder-section-next-text builder-text-columns-2\" style=\"background-size: cover; background-repeat: no-repeat;background-position: center center;\">\n<div class=\"builder-section-content\">\n<div class=\"builder-text-row\">\n<div class=\"builder-text-column builder-text-column-1\" id=\"builder-section-text_118-column-1\">\n<div class=\"builder-text-content\">\n<h1>Sigurnost i dizajn u savr\u0161enoj harmoniji<\/h1>\n<p>Tanki profili vrata od \u010delika pru\u017eaju vam maksimalnu fleksibilnost u individualnom oblikovanju va\u0161ih zgrada. Bez obzira odaberete li jednokrilne ili dvokrilne okvirne profile \u2013 na\u0161i sustavi vrata, dostupni u toplinski izoliranim i neizoliranim varijantama, pokazuju svoje prednosti kako u novogradnji, tako i pri obnovi postoje\u0107ih gra\u0111evina. Ispunjava najvi\u0161e standarde u podru\u010djima sigurnosti, za\u0161tite od po\u017eara, mehani\u010dke otpornosti i trajnosti. Zahvaljuju\u0107i njihovoj maloj dubini ugradnje, sustavi vrata (suho ili mokro ostakljeni) mogu se ugraditi u uske konstrukcije u ravnini s povr\u0161inom, bez kompromisa u pogledu stabilnosti. Osim toga, omogu\u0107ujemo pragove bez prepreka. Zbog svoje visoke otpornosti, \u010deli\u010dna vrata posebno su prikladna za zgrade s velikom frekvencijom prolaza.     <\/p>\n<\/p><\/div>\n<\/p><\/div>\n<div class=\"builder-text-column builder-text-column-2\" id=\"builder-section-text_118-column-2\">\n<div class=\"builder-text-content\">\n<div class=\"image-layout\">\n<div class=\"top-row\">\n    <img decoding=\"async\" src=\"\/wp-content\/uploads\/stahlrahmen_hoch_1.jpg\" alt=\"Slika 1\"><br \/>    <img decoding=\"async\" src=\"\/wp-content\/uploads\/stahlrahmen_hoch_2.jpg\" alt=\"Slika 2\"><\/div>\n<div class=\"bottom-row\">\n    <img decoding=\"async\" src=\"\/wp-content\/uploads\/stahlrahmen_quer.jpg\" alt=\"Slika 3\"><\/div>\n<\/div><\/div>\n<\/p><\/div>\n<\/p><\/div>\n<\/p><\/div>\n<\/section>\n<section id=\"builder-section-text_120\" class=\"builder-section-prev-text builder-section builder-section-text builder-section-next-text builder-text-columns-1\" style=\"background-size: cover; background-repeat: no-repeat;background-position: center center;\">\n<div class=\"builder-section-content\">\n<div class=\"builder-text-row\">\n<div class=\"builder-text-column builder-text-column-1\" id=\"builder-section-text_120-column-1\">\n<div class=\"builder-text-content\">\n<h1 style=\"background-color: #009eac; color: white; padding: 10px 20px; display: inline-block; border-radius: 4px;\">JANSEN<\/h1>\n<\/p><\/div>\n<\/p><\/div>\n<\/p><\/div>\n<\/p><\/div>\n<\/section>\n<section id=\"builder-section-text_583\" class=\"builder-section-prev-text builder-section builder-section-text builder-section-next-text builder-text-columns-2\" style=\"background-size: cover; background-repeat: no-repeat;background-position: center center;\">\n<div class=\"builder-section-content\">\n<div class=\"builder-text-row\">\n<div class=\"builder-text-column builder-text-column-1\" id=\"builder-section-text_583-column-1\">\n<div class=\"builder-text-content\">\n<div style=\"background-color: #ffffff;\"><img loading=\"lazy\" decoding=\"async\" src=\"http:\/\/eab-konstrukcije.com\/wp-content\/uploads\/Janisol_El30-300x300.jpg\" alt=\"\" width=\"300\" height=\"300\" class=\"alignnone size-medium wp-image-5592\" srcset=\"https:\/\/eab-konstrukcije.com\/wp-content\/uploads\/Janisol_El30-300x300.jpg 300w, https:\/\/eab-konstrukcije.com\/wp-content\/uploads\/Janisol_El30-150x150.jpg 150w, https:\/\/eab-konstrukcije.com\/wp-content\/uploads\/Janisol_El30-768x769.jpg 768w, https:\/\/eab-konstrukcije.com\/wp-content\/uploads\/Janisol_El30.jpg 940w\" sizes=\"auto, (max-width: 300px) 100vw, 300px\" \/><\/div>\n<\/p><\/div>\n<\/p><\/div>\n<div class=\"builder-text-column builder-text-column-2\" id=\"builder-section-text_583-column-2\">\n<div class=\"builder-text-content\">\n<div style=\"text-align: right;\">\n<h1>Janisol 2 protupo\u017earna vrata EL30<\/h1>\n<p>\n Sustav za\u0161tite od po\u017eara Janisol 2 postavlja standarde u pogledu gra\u0111evinske sigurnosti i slobode dizajna. Uporaba \u010delika omogu\u0107uje stabilne i sigurne konstrukcije s iznimno filigranskim profilima. Time se mogu stvoriti multifunkcionalna vrata i pregradni zidovi koji ispunjavaju zahtjeve arhitekata i investitora. U\u010dinkovitost ovog sustava dokazana je me\u0111unarodno u brojnim ispitivanjima po\u017eara u kombinaciji s razli\u010ditim proizvodima od stakla.\n  <\/p>\n<\/div><\/div>\n<\/p><\/div>\n<\/p><\/div>\n<div class=\"builder-text-row\">\n<div class=\"builder-text-column builder-text-column-3\" id=\"builder-section-text_583-column-1\">\n<div class=\"builder-text-content\">\n<h1>Janisol C4 protupo\u017earna vrata EI60\/EI90<\/h1>\n<p>Jansen optimalno koristi prednosti keramike. Rezultat su protupo\u017earni profili koji kombiniraju stabilnost s izvanrednim svojstvima za\u0161tite od po\u017eara. S inovativnim protupo\u017earnim punjenjem, pri dubini ugradnje od samo 70 mm, mogu se posti\u0107i klase otpornosti na vatru do EI90.  <\/p>\n<\/p><\/div>\n<\/p><\/div>\n<div class=\"builder-text-column builder-text-column-4\" id=\"builder-section-text_583-column-2\">\n<div class=\"builder-text-content\">\n<div style=\"background-color: #ffffff;\"><img loading=\"lazy\" decoding=\"async\" src=\"http:\/\/eab-konstrukcije.com\/wp-content\/uploads\/Janisol_El60El90-300x300.jpg\" alt=\"\" width=\"300\" height=\"300\" class=\"alignnone size-medium wp-image-5593\" srcset=\"https:\/\/eab-konstrukcije.com\/wp-content\/uploads\/Janisol_El60El90-300x300.jpg 300w, https:\/\/eab-konstrukcije.com\/wp-content\/uploads\/Janisol_El60El90-150x150.jpg 150w, https:\/\/eab-konstrukcije.com\/wp-content\/uploads\/Janisol_El60El90-768x769.jpg 768w, https:\/\/eab-konstrukcije.com\/wp-content\/uploads\/Janisol_El60El90.jpg 940w\" sizes=\"auto, (max-width: 300px) 100vw, 300px\" \/><\/div>\n<\/p><\/div>\n<\/p><\/div>\n<\/p><\/div>\n<div class=\"builder-text-row\">\n<div class=\"builder-text-column builder-text-column-5\" id=\"builder-section-text_583-column-1\">\n<div class=\"builder-text-content\">\n<div style=\"background-color: #ffffff;\"><img loading=\"lazy\" decoding=\"async\" src=\"http:\/\/eab-konstrukcije.com\/wp-content\/uploads\/Janisol_60RS-300x300.jpg\" alt=\"\" width=\"300\" height=\"300\" class=\"alignnone size-medium wp-image-5594\" srcset=\"https:\/\/eab-konstrukcije.com\/wp-content\/uploads\/Janisol_60RS-300x300.jpg 300w, https:\/\/eab-konstrukcije.com\/wp-content\/uploads\/Janisol_60RS-150x150.jpg 150w, https:\/\/eab-konstrukcije.com\/wp-content\/uploads\/Janisol_60RS-768x769.jpg 768w, https:\/\/eab-konstrukcije.com\/wp-content\/uploads\/Janisol_60RS.jpg 940w\" sizes=\"auto, (max-width: 300px) 100vw, 300px\" \/><\/div>\n<\/p><\/div>\n<\/p><\/div>\n<div class=\"builder-text-column builder-text-column-6\" id=\"builder-section-text_583-column-2\">\n<div class=\"builder-text-content\">\n<div style=\"text-align: right;\">\n<h1>Jansen Economy 60 RS vrata za za\u0161titu od dima<\/h1>\n<p>Jansen-Economy sustavi za za\u0161titu od dima omogu\u0107uju u\u010dinkovitu proizvodnju vrata za za\u0161titu od dima u ravnini s povr\u0161inom prema DIN 18095. Profili s dubinom ugradnje od 60 mm impresioniraju svojim uskim \u0161irinama pogleda. Osim toga, ispitane su i odobrene brojne varijante dizajna i funkcija.  <\/p>\n<\/div><\/div>\n<\/p><\/div>\n<\/p><\/div>\n<div class=\"builder-text-row\">\n<div class=\"builder-text-column builder-text-column-7\" id=\"builder-section-text_583-column-1\">\n<div class=\"builder-text-content\">\n<h1>Janisol Arte 2.0 vrata<\/h1>\n<p>Janisol Arte 2.0 vrata nude filigranske poglede i veliki broj opcija izvedbe, uklju\u010duju\u0107i jednokrilne i dvokrilne varijante, razli\u010dita rje\u0161enja praga (tako\u0111er bez prepreka), CE oznaku, kao i modele sa ili bez pre\u010dki i razli\u010ditim varijantama brava. Stoga su Janisol Arte 2.0 vrata idealan izbor za obnovu postoje\u0107ih zgrada i moderne gra\u0111evinske projekte u kojima je po\u017eeljna arhitektonska sloboda. <\/p>\n<\/p><\/div>\n<\/p><\/div>\n<div class=\"builder-text-column builder-text-column-8\" id=\"builder-section-text_583-column-2\">\n<div class=\"builder-text-content\">\n<div style=\"background-color: #ffffff;\"><img loading=\"lazy\" decoding=\"async\" src=\"http:\/\/eab-konstrukcije.com\/wp-content\/uploads\/Janisol_arte2.0-300x300.jpg\" alt=\"\" width=\"300\" height=\"300\" class=\"alignnone size-medium wp-image-5595\" srcset=\"https:\/\/eab-konstrukcije.com\/wp-content\/uploads\/Janisol_arte2.0-300x300.jpg 300w, https:\/\/eab-konstrukcije.com\/wp-content\/uploads\/Janisol_arte2.0-150x150.jpg 150w, https:\/\/eab-konstrukcije.com\/wp-content\/uploads\/Janisol_arte2.0-768x769.jpg 768w, https:\/\/eab-konstrukcije.com\/wp-content\/uploads\/Janisol_arte2.0.jpg 940w\" sizes=\"auto, (max-width: 300px) 100vw, 300px\" \/><\/div>\n<\/p><\/div>\n<\/p><\/div>\n<\/p><\/div>\n<\/p><\/div>\n<\/section>\n<section id=\"builder-section-text_136\" class=\"builder-section-prev-text builder-section builder-section-text builder-section-next-text builder-text-columns-1\" style=\"background-size: cover; background-repeat: no-repeat;background-position: center center;\">\n<div class=\"builder-section-content\">\n<div class=\"builder-text-row\">\n<div class=\"builder-text-column builder-text-column-1\" id=\"builder-section-text_136-column-1\">\n<div class=\"builder-text-content\">\n<h1 style=\"background-color: #009eac; color: white; padding: 10px 20px; display: inline-block; border-radius: 4px;\">FORSTER<\/h1>\n<\/p><\/div>\n<\/p><\/div>\n<\/p><\/div>\n<\/p><\/div>\n<\/section>\n<section id=\"builder-section-text_148\" class=\"builder-section-prev-text builder-section builder-section-text builder-section-last builder-text-columns-2\" style=\"background-size: cover; background-repeat: no-repeat;background-position: center center;\">\n<div class=\"builder-section-content\">\n<div class=\"builder-text-row\">\n<div class=\"builder-text-column builder-text-column-1\" id=\"builder-section-text_148-column-1\">\n<div class=\"builder-text-content\">\n<div style=\"background-color: #ffffff; display: flex; gap: 20px; justify-content: center; padding: 20px;\">\n  <img loading=\"lazy\" decoding=\"async\" src=\"http:\/\/eab-konstrukcije.com\/wp-content\/uploads\/PR_fuegolight_Door_EI90_ISO-300x300.png\" alt=\"Vrata EI90\" width=\"300\" height=\"300\"><br \/>  <img loading=\"lazy\" decoding=\"async\" src=\"http:\/\/eab-konstrukcije.com\/wp-content\/uploads\/PR_fuegolight_Door_EI30_ISO-300x300.png\" alt=\"Vrata EI30\" width=\"300\" height=\"300\">\n<\/div>\n<\/p><\/div>\n<\/p><\/div>\n<div class=\"builder-text-column builder-text-column-2\" id=\"builder-section-text_148-column-2\">\n<div class=\"builder-text-content\">\n<div style=\"text-align: right;\">\n<h1>forster fuego light protupo\u017earna vrata EI30 \/ EI60 \/ EI90<\/h1>\n<p>Protupo\u017earna vrata i protupo\u017earna stakla u ravnini s povr\u0161inom, izra\u0111ena od uskog \u010deli\u010dnog okvira i velike staklene povr\u0161ine, jam\u010de maksimalnu transparentnost i elegantan izgled. Vi\u0161e svjetla, vi\u0161e pogleda i maksimalna sigurnost. <\/p>\n<\/p><\/div>\n<\/p><\/div>\n<\/p><\/div>\n<div class=\"builder-text-row\">\n<div class=\"builder-text-column builder-text-column-3\" id=\"builder-section-text_148-column-1\">\n<div class=\"builder-text-content\">\n<h1>forster presto vrata za za\u0161titu od dima<\/h1>\n<p>S forster presto konstruirate vrata, prozore te ostakljene protupo\u017earne i dimne pregrade u ravnini s povr\u0161inom, s jednim ili dva krila, bez toplinske izolacije.<\/p>\n<\/p><\/div>\n<\/p><\/div>\n<div class=\"builder-text-column builder-text-column-4\" id=\"builder-section-text_148-column-2\">\n<div class=\"builder-text-content\">\n<div style=\"background-color: #ffffff;\"><img loading=\"lazy\" decoding=\"async\" src=\"http:\/\/eab-konstrukcije.com\/wp-content\/uploads\/PR_presto60s_Door_E30_ISO-300x300.png\" alt=\"\" width=\"300\" height=\"300\" class=\"alignnone size-medium wp-image-5628\" srcset=\"https:\/\/eab-konstrukcije.com\/wp-content\/uploads\/PR_presto60s_Door_E30_ISO-300x300.png 300w, https:\/\/eab-konstrukcije.com\/wp-content\/uploads\/PR_presto60s_Door_E30_ISO-1024x1024.png 1024w, https:\/\/eab-konstrukcije.com\/wp-content\/uploads\/PR_presto60s_Door_E30_ISO-150x150.png 150w, https:\/\/eab-konstrukcije.com\/wp-content\/uploads\/PR_presto60s_Door_E30_ISO-768x768.png 768w, https:\/\/eab-konstrukcije.com\/wp-content\/uploads\/PR_presto60s_Door_E30_ISO-1536x1536.png 1536w, https:\/\/eab-konstrukcije.com\/wp-content\/uploads\/PR_presto60s_Door_E30_ISO.png 1600w\" sizes=\"auto, (max-width: 300px) 100vw, 300px\" \/><\/div>\n<\/p><\/div>\n<\/p><\/div>\n<\/p><\/div>\n<div class=\"builder-text-row\">\n<div class=\"builder-text-column builder-text-column-5\" id=\"builder-section-text_148-column-1\">\n<div class=\"builder-text-content\">\n<div style=\"background-color: #ffffff;\"><img loading=\"lazy\" decoding=\"async\" src=\"http:\/\/eab-konstrukcije.com\/wp-content\/uploads\/PR_unicoxs_Door_Sta_ISO-300x300.png\" alt=\"\" width=\"300\" height=\"300\" class=\"alignnone size-medium wp-image-5629\" srcset=\"https:\/\/eab-konstrukcije.com\/wp-content\/uploads\/PR_unicoxs_Door_Sta_ISO-300x300.png 300w, https:\/\/eab-konstrukcije.com\/wp-content\/uploads\/PR_unicoxs_Door_Sta_ISO-1024x1024.png 1024w, https:\/\/eab-konstrukcije.com\/wp-content\/uploads\/PR_unicoxs_Door_Sta_ISO-150x150.png 150w, https:\/\/eab-konstrukcije.com\/wp-content\/uploads\/PR_unicoxs_Door_Sta_ISO-768x768.png 768w, https:\/\/eab-konstrukcije.com\/wp-content\/uploads\/PR_unicoxs_Door_Sta_ISO-1536x1536.png 1536w, https:\/\/eab-konstrukcije.com\/wp-content\/uploads\/PR_unicoxs_Door_Sta_ISO.png 1600w\" sizes=\"auto, (max-width: 300px) 100vw, 300px\" \/><\/div>\n<\/p><\/div>\n<\/p><\/div>\n<div class=\"builder-text-column builder-text-column-6\" id=\"builder-section-text_148-column-2\">\n<div class=\"builder-text-content\">\n<div style=\"text-align: right;\">\n<h1>forster unico xs<\/h1>\n<p>S nadopunom sustava forster unico XS, toplinski izolirani prozori i fiksna ostakljenja od \u010delika s apsolutno najtanjim pogledima mogu\u0107i su u \u0161irokom rasponu primjena. To vrijedi za razli\u010dite varijante otvaranja, kao i za prihvat ispuna do 60 mm, koje omogu\u0107uju najni\u017ee U-vrijednosti i izvrsne vrijednosti zvu\u010dne izolacije (Minergie prozor). <br \/>Jedinstvena konstrukcija profila od 100 % \u010delika izvrsna je za sanaciju starih zgrada, povijesnih zgrada i modernih staklenih zgrada.<\/p>\n<\/div><\/div>\n<\/p><\/div>\n<\/p><\/div>\n<\/p><\/div>\n<\/section>\n","protected":false},"excerpt":{"rendered":"<p>Sigurnost i dizajn u savr\u0161enoj harmoniji Tanki profili vrata od \u010delika pru\u017eaju vam maksimalnu fleksibilnost u individualnom oblikovanju va\u0161ih zgrada. Bez obzira odaberete li jednokrilne ili dvokrilne okvirne profile \u2013 na\u0161i sustavi vrata, dostupni u toplinski izoliranim i neizoliranim varijantama, pokazuju svoje prednosti kako u novogradnji, tako i pri obnovi postoje\u0107ih gra\u0111evina. Ispunjava najvi\u0161e standarde &hellip;<\/p>\n","protected":false},"author":1,"featured_media":0,"parent":0,"menu_order":2,"comment_status":"closed","ping_status":"closed","template":"template-builder.php","meta":{"inline_featured_image":false,"footnotes":""},"class_list":["post-6946","page","type-page","status-publish","hentry"],"yoast_head":"<!-- This site is optimized with the Yoast SEO plugin v27.1.1 - https:\/\/yoast.com\/product\/yoast-seo-wordpress\/ -->\n<title>\u010celi\u010dni okvirni elementi &#8226; EAB Croatia d.o.o<\/title>\n<meta name=\"description\" content=\"Elemente am Bau specijalizirao se za obradu lima i metala te za proizvodnju sistemskih elemenata od aluminija i \u010delika.\" \/>\n<meta name=\"robots\" content=\"index, follow, max-snippet:-1, max-image-preview:large, max-video-preview:-1\" \/>\n<link rel=\"canonical\" href=\"https:\/\/eab-konstrukcije.com\/hr\/celicni-okvirni-elementi\/\" \/>\n<meta property=\"og:locale\" content=\"hr_HR\" \/>\n<meta property=\"og:type\" content=\"article\" \/>\n<meta property=\"og:title\" content=\"\u010celi\u010dni okvirni elementi &#8226; EAB Croatia d.o.o\" \/>\n<meta property=\"og:description\" content=\"Elemente am Bau specijalizirao se za obradu lima i metala te za proizvodnju sistemskih elemenata od aluminija i \u010delika.\" \/>\n<meta property=\"og:url\" content=\"https:\/\/eab-konstrukcije.com\/hr\/celicni-okvirni-elementi\/\" \/>\n<meta property=\"og:site_name\" content=\"EAB Croatia d.o.o\" \/>\n<meta property=\"og:image\" content=\"http:\/\/eab-konstrukcije.com\/wp-content\/uploads\/Janisol_El30-300x300.jpg\" \/>\n<meta name=\"twitter:card\" content=\"summary_large_image\" \/>\n<meta name=\"twitter:label1\" content=\"Procijenjeno vrijeme \u010ditanja\" \/>\n\t<meta name=\"twitter:data1\" content=\"3 minute\" \/>\n<script type=\"application\/ld+json\" class=\"yoast-schema-graph\">{\"@context\":\"https:\/\/schema.org\",\"@graph\":[{\"@type\":\"WebPage\",\"@id\":\"https:\/\/eab-konstrukcije.com\/hr\/celicni-okvirni-elementi\/\",\"url\":\"https:\/\/eab-konstrukcije.com\/hr\/celicni-okvirni-elementi\/\",\"name\":\"\u010celi\u010dni okvirni elementi &#8226; EAB Croatia d.o.o\",\"isPartOf\":{\"@id\":\"https:\/\/eab-konstrukcije.com\/de\/#website\"},\"primaryImageOfPage\":{\"@id\":\"https:\/\/eab-konstrukcije.com\/hr\/celicni-okvirni-elementi\/#primaryimage\"},\"image\":{\"@id\":\"https:\/\/eab-konstrukcije.com\/hr\/celicni-okvirni-elementi\/#primaryimage\"},\"thumbnailUrl\":\"http:\/\/eab-konstrukcije.com\/wp-content\/uploads\/Janisol_El30-300x300.jpg\",\"datePublished\":\"2025-06-05T10:54:53+00:00\",\"description\":\"Elemente am Bau specijalizirao se za obradu lima i metala te za proizvodnju sistemskih elemenata od aluminija i \u010delika.\",\"inLanguage\":\"hr\",\"potentialAction\":[{\"@type\":\"ReadAction\",\"target\":[\"https:\/\/eab-konstrukcije.com\/hr\/celicni-okvirni-elementi\/\"]}]},{\"@type\":\"ImageObject\",\"inLanguage\":\"hr\",\"@id\":\"https:\/\/eab-konstrukcije.com\/hr\/celicni-okvirni-elementi\/#primaryimage\",\"url\":\"http:\/\/eab-konstrukcije.com\/wp-content\/uploads\/Janisol_El30-300x300.jpg\",\"contentUrl\":\"http:\/\/eab-konstrukcije.com\/wp-content\/uploads\/Janisol_El30-300x300.jpg\"},{\"@type\":\"WebSite\",\"@id\":\"https:\/\/eab-konstrukcije.com\/de\/#website\",\"url\":\"https:\/\/eab-konstrukcije.com\/de\/\",\"name\":\"EAB Croatia d.o.o\",\"description\":\"Aluminijski okviri \u00b7 WC pregradne stijene \u00b7 Mobilne pregradne stijene \u00b7 Aluminijski okviri\",\"publisher\":{\"@id\":\"https:\/\/eab-konstrukcije.com\/de\/#organization\"},\"potentialAction\":[{\"@type\":\"SearchAction\",\"target\":{\"@type\":\"EntryPoint\",\"urlTemplate\":\"https:\/\/eab-konstrukcije.com\/de\/?s={search_term_string}\"},\"query-input\":{\"@type\":\"PropertyValueSpecification\",\"valueRequired\":true,\"valueName\":\"search_term_string\"}}],\"inLanguage\":\"hr\"},{\"@type\":\"Organization\",\"@id\":\"https:\/\/eab-konstrukcije.com\/de\/#organization\",\"name\":\"Elemente am Bau GmbH & Co.KG\",\"url\":\"https:\/\/eab-konstrukcije.com\/de\/\",\"logo\":{\"@type\":\"ImageObject\",\"inLanguage\":\"hr\",\"@id\":\"https:\/\/eab-konstrukcije.com\/de\/#\/schema\/logo\/image\/\",\"url\":\"https:\/\/eab-konstrukcije.com\/wp-content\/uploads\/2022\/02\/Logo.png\",\"contentUrl\":\"https:\/\/eab-konstrukcije.com\/wp-content\/uploads\/2022\/02\/Logo.png\",\"width\":300,\"height\":175,\"caption\":\"Elemente am Bau GmbH & Co.KG\"},\"image\":{\"@id\":\"https:\/\/eab-konstrukcije.com\/de\/#\/schema\/logo\/image\/\"}}]}<\/script>\n<!-- \/ Yoast SEO plugin. -->","yoast_head_json":{"title":"\u010celi\u010dni okvirni elementi &#8226; EAB Croatia d.o.o","description":"Elemente am Bau specijalizirao se za obradu lima i metala te za proizvodnju sistemskih elemenata od aluminija i \u010delika.","robots":{"index":"index","follow":"follow","max-snippet":"max-snippet:-1","max-image-preview":"max-image-preview:large","max-video-preview":"max-video-preview:-1"},"canonical":"https:\/\/eab-konstrukcije.com\/hr\/celicni-okvirni-elementi\/","og_locale":"hr_HR","og_type":"article","og_title":"\u010celi\u010dni okvirni elementi &#8226; EAB Croatia d.o.o","og_description":"Elemente am Bau specijalizirao se za obradu lima i metala te za proizvodnju sistemskih elemenata od aluminija i \u010delika.","og_url":"https:\/\/eab-konstrukcije.com\/hr\/celicni-okvirni-elementi\/","og_site_name":"EAB Croatia d.o.o","og_image":[{"url":"http:\/\/eab-konstrukcije.com\/wp-content\/uploads\/Janisol_El30-300x300.jpg","type":"","width":"","height":""}],"twitter_card":"summary_large_image","twitter_misc":{"Procijenjeno vrijeme \u010ditanja":"3 minute"},"schema":{"@context":"https:\/\/schema.org","@graph":[{"@type":"WebPage","@id":"https:\/\/eab-konstrukcije.com\/hr\/celicni-okvirni-elementi\/","url":"https:\/\/eab-konstrukcije.com\/hr\/celicni-okvirni-elementi\/","name":"\u010celi\u010dni okvirni elementi &#8226; EAB Croatia d.o.o","isPartOf":{"@id":"https:\/\/eab-konstrukcije.com\/de\/#website"},"primaryImageOfPage":{"@id":"https:\/\/eab-konstrukcije.com\/hr\/celicni-okvirni-elementi\/#primaryimage"},"image":{"@id":"https:\/\/eab-konstrukcije.com\/hr\/celicni-okvirni-elementi\/#primaryimage"},"thumbnailUrl":"http:\/\/eab-konstrukcije.com\/wp-content\/uploads\/Janisol_El30-300x300.jpg","datePublished":"2025-06-05T10:54:53+00:00","description":"Elemente am Bau specijalizirao se za obradu lima i metala te za proizvodnju sistemskih elemenata od aluminija i \u010delika.","inLanguage":"hr","potentialAction":[{"@type":"ReadAction","target":["https:\/\/eab-konstrukcije.com\/hr\/celicni-okvirni-elementi\/"]}]},{"@type":"ImageObject","inLanguage":"hr","@id":"https:\/\/eab-konstrukcije.com\/hr\/celicni-okvirni-elementi\/#primaryimage","url":"http:\/\/eab-konstrukcije.com\/wp-content\/uploads\/Janisol_El30-300x300.jpg","contentUrl":"http:\/\/eab-konstrukcije.com\/wp-content\/uploads\/Janisol_El30-300x300.jpg"},{"@type":"WebSite","@id":"https:\/\/eab-konstrukcije.com\/de\/#website","url":"https:\/\/eab-konstrukcije.com\/de\/","name":"EAB Croatia d.o.o","description":"Aluminijski okviri \u00b7 WC pregradne stijene \u00b7 Mobilne pregradne stijene \u00b7 Aluminijski okviri","publisher":{"@id":"https:\/\/eab-konstrukcije.com\/de\/#organization"},"potentialAction":[{"@type":"SearchAction","target":{"@type":"EntryPoint","urlTemplate":"https:\/\/eab-konstrukcije.com\/de\/?s={search_term_string}"},"query-input":{"@type":"PropertyValueSpecification","valueRequired":true,"valueName":"search_term_string"}}],"inLanguage":"hr"},{"@type":"Organization","@id":"https:\/\/eab-konstrukcije.com\/de\/#organization","name":"Elemente am Bau GmbH & Co.KG","url":"https:\/\/eab-konstrukcije.com\/de\/","logo":{"@type":"ImageObject","inLanguage":"hr","@id":"https:\/\/eab-konstrukcije.com\/de\/#\/schema\/logo\/image\/","url":"https:\/\/eab-konstrukcije.com\/wp-content\/uploads\/2022\/02\/Logo.png","contentUrl":"https:\/\/eab-konstrukcije.com\/wp-content\/uploads\/2022\/02\/Logo.png","width":300,"height":175,"caption":"Elemente am Bau GmbH & Co.KG"},"image":{"@id":"https:\/\/eab-konstrukcije.com\/de\/#\/schema\/logo\/image\/"}}]}},"_links":{"self":[{"href":"https:\/\/eab-konstrukcije.com\/hr\/wp-json\/wp\/v2\/pages\/6946","targetHints":{"allow":["GET"]}}],"collection":[{"href":"https:\/\/eab-konstrukcije.com\/hr\/wp-json\/wp\/v2\/pages"}],"about":[{"href":"https:\/\/eab-konstrukcije.com\/hr\/wp-json\/wp\/v2\/types\/page"}],"author":[{"embeddable":true,"href":"https:\/\/eab-konstrukcije.com\/hr\/wp-json\/wp\/v2\/users\/1"}],"replies":[{"embeddable":true,"href":"https:\/\/eab-konstrukcije.com\/hr\/wp-json\/wp\/v2\/comments?post=6946"}],"version-history":[{"count":0,"href":"https:\/\/eab-konstrukcije.com\/hr\/wp-json\/wp\/v2\/pages\/6946\/revisions"}],"wp:attachment":[{"href":"https:\/\/eab-konstrukcije.com\/hr\/wp-json\/wp\/v2\/media?parent=6946"}],"curies":[{"name":"wp","href":"https:\/\/api.w.org\/{rel}","templated":true}]}}