{"id":6958,"date":"2018-02-15T08:25:28","date_gmt":"2018-02-15T07:25:28","guid":{"rendered":"http:\/\/eab-konstrukcije.com\/kontakt\/"},"modified":"2018-02-15T08:25:28","modified_gmt":"2018-02-15T07:25:28","slug":"kontakt","status":"publish","type":"page","link":"https:\/\/eab-konstrukcije.com\/hr\/kontakt\/","title":{"rendered":"Kontakt"},"content":{"rendered":"<section id=\"builder-section-text_74\" class=\"builder-section-first builder-section builder-section-text builder-section-next-text builder-text-columns-1\" style=\"background-size: cover; background-repeat: no-repeat;background-position: center center;\">\n<div class=\"builder-section-content\">\n<div class=\"builder-text-row\">\n<div class=\"builder-text-column builder-text-column-1\" id=\"builder-section-text_74-column-1\">\n<div class=\"builder-text-content\">\n<h1>Kontaktirajte nas jo\u0161 danas za Va\u0161e rje\u0161enje po mjeri &#8211; rado \u0107emo Vas neobvezuju\u0107e savjetovati u vezi s Va\u0161im sljede\u0107im projektom<\/h1>\n<p><!--\n\n\n\n\n<div class=\"text\">Elemente am Bau ist Ihre professionelle Handelsagentur f\u00fcr Aluminium-Zargen, Stahlrahmen-Elemente, Aluminiumrahmen-Elemente, WC-Trennw\u00e4nde und mobile Trennw\u00e4nde.<\/div>\n\n\n\n\n--><\/p>\n<\/p><\/div>\n<\/p><\/div>\n<\/p><\/div>\n<\/p><\/div>\n<\/section>\n<section id=\"builder-section-text_25\" class=\"builder-section-prev-text builder-section builder-section-text builder-section-last builder-text-columns-2\" style=\"background-size: cover; background-repeat: no-repeat;background-position: center center;\">\n<div class=\"builder-section-content\">\n<div class=\"builder-text-row\">\n<div class=\"builder-text-column builder-text-column-1\" id=\"builder-section-text_25-column-1\">\n<div class=\"builder-text-content\">\n\n<div class=\"wpcf7 no-js\" id=\"wpcf7-f6969-o1\" lang=\"hr\" dir=\"ltr\" data-wpcf7-id=\"6969\">\n<div class=\"screen-reader-response\"><p role=\"status\" aria-live=\"polite\" aria-atomic=\"true\"><\/p> <ul><\/ul><\/div>\n<form action=\"\/hr\/wp-json\/wp\/v2\/pages\/6958#wpcf7-f6969-o1\" method=\"post\" class=\"wpcf7-form init wpcf7-acceptance-as-validation\" aria-label=\"Kontakt obrazac\" novalidate=\"novalidate\" data-status=\"init\">\n<fieldset class=\"hidden-fields-container\"><input type=\"hidden\" name=\"_wpcf7\" value=\"6969\" \/><input type=\"hidden\" name=\"_wpcf7_version\" value=\"6.1.5\" \/><input type=\"hidden\" name=\"_wpcf7_locale\" value=\"hr\" \/><input type=\"hidden\" name=\"_wpcf7_unit_tag\" value=\"wpcf7-f6969-o1\" \/><input type=\"hidden\" name=\"_wpcf7_container_post\" value=\"0\" \/><input type=\"hidden\" name=\"_wpcf7_posted_data_hash\" value=\"\" \/><input type=\"hidden\" name=\"_wpcf7_recaptcha_response\" value=\"\" \/>\n<\/fieldset>\n<p><label> Va\u0161e ime*<br \/>\n<span class=\"wpcf7-form-control-wrap\" data-name=\"your-name\"><input size=\"40\" maxlength=\"400\" class=\"wpcf7-form-control wpcf7-text wpcf7-validates-as-required\" aria-required=\"true\" aria-invalid=\"false\" value=\"\" type=\"text\" name=\"your-name\" \/><\/span> <\/label>\n<\/p>\n<p><label> Va\u0161a adresa e-po\u0161te*<br \/>\n<span class=\"wpcf7-form-control-wrap\" data-name=\"your-email\"><input size=\"40\" maxlength=\"400\" class=\"wpcf7-form-control wpcf7-email wpcf7-validates-as-required wpcf7-text wpcf7-validates-as-email\" aria-required=\"true\" aria-invalid=\"false\" value=\"\" type=\"email\" name=\"your-email\" \/><\/span> <\/label>\n<\/p>\n<p><label> Predmet<br \/>\n<span class=\"wpcf7-form-control-wrap\" data-name=\"your-subject\"><input size=\"40\" maxlength=\"400\" class=\"wpcf7-form-control wpcf7-text\" aria-invalid=\"false\" value=\"\" type=\"text\" name=\"your-subject\" \/><\/span> <\/label>\n<\/p>\n<p><label> Poruka*<br \/>\n<span class=\"wpcf7-form-control-wrap\" data-name=\"your-message\"><textarea cols=\"40\" rows=\"10\" maxlength=\"2000\" class=\"wpcf7-form-control wpcf7-textarea wpcf7-validates-as-required\" aria-required=\"true\" aria-invalid=\"false\" name=\"your-message\"><\/textarea><\/span> <\/label>\n<\/p>\n<p><span class=\"wpcf7-form-control-wrap\" data-name=\"dsgvo\"><span class=\"wpcf7-form-control wpcf7-acceptance\"><span class=\"wpcf7-list-item\"><label><input type=\"checkbox\" name=\"dsgvo\" value=\"1\" aria-invalid=\"false\" \/><span class=\"wpcf7-list-item-label\">Upoznao sam se s <a href=\"\/kontakt\/datenschutz\/\" style=\"font-weight: normal; text-decoration: underline;\">Izjavom o za\u0161titi podataka<\/a>. Sla\u017eem se da se moji podaci i informacije elektroni\u010dki prikupljaju, pohranjuju i obra\u0111uju radi odgovora na moj upit. Podaci \u0107e biti izbrisani nakon \u0161to se va\u0161 zahtjev obradi. Napomena: Svoju suglasnost mo\u017eete opozvati u bilo kojem trenutku za budu\u0107nost slanjem e-po\u0161te na info@elementeambau.com. *<\/span><\/label><\/span><\/span><\/span><br \/>\n\n<\/p>\n<p><input class=\"wpcf7-form-control wpcf7-submit has-spinner\" type=\"submit\" value=\"Po\u0161alji\" \/>\n<\/p>\n<p>Polja ozna\u010dena s * su obavezna.\n<\/p><div class=\"wpcf7-response-output\" aria-hidden=\"true\"><\/div>\n<\/form>\n<\/div>\n\n<\/p><\/div>\n<\/p><\/div>\n<div class=\"builder-text-column builder-text-column-2\" id=\"builder-section-text_25-column-2\">\n<div class=\"builder-text-content\">\n<p class=\"pic-title\">Va\u0161i kontakti:<\/p>\n<p>Martina Juri\u0107<br \/>Mobitel: +385 95 \/ 3153 830<br \/>E-po\u0161ta: info@eab-konstrukcije.com<\/p>\n<hr>\n<p>Oliver Siegmann<br \/>Telefon: +49 (0) 34671 \/ 566 333<br \/>Mobitel: +49 (0) 171 \/ 9 952 220<br \/>E-po\u0161ta: info@elementeambau.com<\/p>\n<\/p><\/div>\n<\/p><\/div>\n<\/p><\/div>\n<\/p><\/div>\n<\/section>\n","protected":false},"excerpt":{"rendered":"<p>Kontaktirajte nas jo\u0161 danas za Va\u0161e rje\u0161enje po mjeri &#8211; rado \u0107emo Vas neobvezuju\u0107e savjetovati u vezi s Va\u0161im sljede\u0107im projektom Va\u0161i kontakti: Martina Juri\u0107Mobitel: +385 95 \/ 3153 830E-po\u0161ta: info@eab-konstrukcije.com Oliver SiegmannTelefon: +49 (0) 34671 \/ 566 333Mobitel: +49 (0) 171 \/ 9 952 220E-po\u0161ta: info@elementeambau.com<\/p>\n","protected":false},"author":1,"featured_media":0,"parent":0,"menu_order":98,"comment_status":"closed","ping_status":"closed","template":"template-builder.php","meta":{"inline_featured_image":false,"footnotes":""},"class_list":["post-6958","page","type-page","status-publish","hentry"],"yoast_head":"<!-- This site is optimized with the Yoast SEO plugin v27.1.1 - https:\/\/yoast.com\/product\/yoast-seo-wordpress\/ -->\n<title>Kontakt &#8226; EAB Croatia d.o.o<\/title>\n<meta name=\"description\" content=\"Elemente am Bau je Va\u0161a profesionalna trgova\u010dka agencija za aluminijske okvire, \u010deli\u010dne okvire, aluminijske okvire, WC pregrade i mobilne pregrade.\" \/>\n<meta name=\"robots\" content=\"index, follow, max-snippet:-1, max-image-preview:large, max-video-preview:-1\" \/>\n<link rel=\"canonical\" href=\"https:\/\/eab-konstrukcije.com\/hr\/kontakt\/\" \/>\n<meta property=\"og:locale\" content=\"hr_HR\" \/>\n<meta property=\"og:type\" content=\"article\" \/>\n<meta property=\"og:title\" content=\"Kontakt &#8226; EAB Croatia d.o.o\" \/>\n<meta property=\"og:description\" content=\"Elemente am Bau je Va\u0161a profesionalna trgova\u010dka agencija za aluminijske okvire, \u010deli\u010dne okvire, aluminijske okvire, WC pregrade i mobilne pregrade.\" \/>\n<meta property=\"og:url\" content=\"https:\/\/eab-konstrukcije.com\/hr\/kontakt\/\" \/>\n<meta property=\"og:site_name\" content=\"EAB Croatia d.o.o\" \/>\n<meta name=\"twitter:card\" content=\"summary_large_image\" \/>\n<script type=\"application\/ld+json\" class=\"yoast-schema-graph\">{\"@context\":\"https:\/\/schema.org\",\"@graph\":[{\"@type\":\"WebPage\",\"@id\":\"https:\/\/eab-konstrukcije.com\/hr\/kontakt\/\",\"url\":\"https:\/\/eab-konstrukcije.com\/hr\/kontakt\/\",\"name\":\"Kontakt &#8226; EAB Croatia d.o.o\",\"isPartOf\":{\"@id\":\"https:\/\/eab-konstrukcije.com\/de\/#website\"},\"datePublished\":\"2018-02-15T07:25:28+00:00\",\"description\":\"Elemente am Bau je Va\u0161a profesionalna trgova\u010dka agencija za aluminijske okvire, \u010deli\u010dne okvire, aluminijske okvire, WC pregrade i mobilne pregrade.\",\"inLanguage\":\"hr\",\"potentialAction\":[{\"@type\":\"ReadAction\",\"target\":[\"https:\/\/eab-konstrukcije.com\/hr\/kontakt\/\"]}]},{\"@type\":\"WebSite\",\"@id\":\"https:\/\/eab-konstrukcije.com\/de\/#website\",\"url\":\"https:\/\/eab-konstrukcije.com\/de\/\",\"name\":\"EAB Croatia d.o.o\",\"description\":\"Aluminijski okviri \u00b7 WC pregradne stijene \u00b7 Mobilne pregradne stijene \u00b7 Aluminijski okviri\",\"publisher\":{\"@id\":\"https:\/\/eab-konstrukcije.com\/de\/#organization\"},\"potentialAction\":[{\"@type\":\"SearchAction\",\"target\":{\"@type\":\"EntryPoint\",\"urlTemplate\":\"https:\/\/eab-konstrukcije.com\/de\/?s={search_term_string}\"},\"query-input\":{\"@type\":\"PropertyValueSpecification\",\"valueRequired\":true,\"valueName\":\"search_term_string\"}}],\"inLanguage\":\"hr\"},{\"@type\":\"Organization\",\"@id\":\"https:\/\/eab-konstrukcije.com\/de\/#organization\",\"name\":\"Elemente am Bau GmbH & Co.KG\",\"url\":\"https:\/\/eab-konstrukcije.com\/de\/\",\"logo\":{\"@type\":\"ImageObject\",\"inLanguage\":\"hr\",\"@id\":\"https:\/\/eab-konstrukcije.com\/de\/#\/schema\/logo\/image\/\",\"url\":\"https:\/\/eab-konstrukcije.com\/wp-content\/uploads\/2022\/02\/Logo.png\",\"contentUrl\":\"https:\/\/eab-konstrukcije.com\/wp-content\/uploads\/2022\/02\/Logo.png\",\"width\":300,\"height\":175,\"caption\":\"Elemente am Bau GmbH & Co.KG\"},\"image\":{\"@id\":\"https:\/\/eab-konstrukcije.com\/de\/#\/schema\/logo\/image\/\"}}]}<\/script>\n<!-- \/ Yoast SEO plugin. -->","yoast_head_json":{"title":"Kontakt &#8226; EAB Croatia d.o.o","description":"Elemente am Bau je Va\u0161a profesionalna trgova\u010dka agencija za aluminijske okvire, \u010deli\u010dne okvire, aluminijske okvire, WC pregrade i mobilne pregrade.","robots":{"index":"index","follow":"follow","max-snippet":"max-snippet:-1","max-image-preview":"max-image-preview:large","max-video-preview":"max-video-preview:-1"},"canonical":"https:\/\/eab-konstrukcije.com\/hr\/kontakt\/","og_locale":"hr_HR","og_type":"article","og_title":"Kontakt &#8226; EAB Croatia d.o.o","og_description":"Elemente am Bau je Va\u0161a profesionalna trgova\u010dka agencija za aluminijske okvire, \u010deli\u010dne okvire, aluminijske okvire, WC pregrade i mobilne pregrade.","og_url":"https:\/\/eab-konstrukcije.com\/hr\/kontakt\/","og_site_name":"EAB Croatia d.o.o","twitter_card":"summary_large_image","schema":{"@context":"https:\/\/schema.org","@graph":[{"@type":"WebPage","@id":"https:\/\/eab-konstrukcije.com\/hr\/kontakt\/","url":"https:\/\/eab-konstrukcije.com\/hr\/kontakt\/","name":"Kontakt &#8226; EAB Croatia d.o.o","isPartOf":{"@id":"https:\/\/eab-konstrukcije.com\/de\/#website"},"datePublished":"2018-02-15T07:25:28+00:00","description":"Elemente am Bau je Va\u0161a profesionalna trgova\u010dka agencija za aluminijske okvire, \u010deli\u010dne okvire, aluminijske okvire, WC pregrade i mobilne pregrade.","inLanguage":"hr","potentialAction":[{"@type":"ReadAction","target":["https:\/\/eab-konstrukcije.com\/hr\/kontakt\/"]}]},{"@type":"WebSite","@id":"https:\/\/eab-konstrukcije.com\/de\/#website","url":"https:\/\/eab-konstrukcije.com\/de\/","name":"EAB Croatia d.o.o","description":"Aluminijski okviri \u00b7 WC pregradne stijene \u00b7 Mobilne pregradne stijene \u00b7 Aluminijski okviri","publisher":{"@id":"https:\/\/eab-konstrukcije.com\/de\/#organization"},"potentialAction":[{"@type":"SearchAction","target":{"@type":"EntryPoint","urlTemplate":"https:\/\/eab-konstrukcije.com\/de\/?s={search_term_string}"},"query-input":{"@type":"PropertyValueSpecification","valueRequired":true,"valueName":"search_term_string"}}],"inLanguage":"hr"},{"@type":"Organization","@id":"https:\/\/eab-konstrukcije.com\/de\/#organization","name":"Elemente am Bau GmbH & Co.KG","url":"https:\/\/eab-konstrukcije.com\/de\/","logo":{"@type":"ImageObject","inLanguage":"hr","@id":"https:\/\/eab-konstrukcije.com\/de\/#\/schema\/logo\/image\/","url":"https:\/\/eab-konstrukcije.com\/wp-content\/uploads\/2022\/02\/Logo.png","contentUrl":"https:\/\/eab-konstrukcije.com\/wp-content\/uploads\/2022\/02\/Logo.png","width":300,"height":175,"caption":"Elemente am Bau GmbH & Co.KG"},"image":{"@id":"https:\/\/eab-konstrukcije.com\/de\/#\/schema\/logo\/image\/"}}]}},"_links":{"self":[{"href":"https:\/\/eab-konstrukcije.com\/hr\/wp-json\/wp\/v2\/pages\/6958","targetHints":{"allow":["GET"]}}],"collection":[{"href":"https:\/\/eab-konstrukcije.com\/hr\/wp-json\/wp\/v2\/pages"}],"about":[{"href":"https:\/\/eab-konstrukcije.com\/hr\/wp-json\/wp\/v2\/types\/page"}],"author":[{"embeddable":true,"href":"https:\/\/eab-konstrukcije.com\/hr\/wp-json\/wp\/v2\/users\/1"}],"replies":[{"embeddable":true,"href":"https:\/\/eab-konstrukcije.com\/hr\/wp-json\/wp\/v2\/comments?post=6958"}],"version-history":[{"count":0,"href":"https:\/\/eab-konstrukcije.com\/hr\/wp-json\/wp\/v2\/pages\/6958\/revisions"}],"wp:attachment":[{"href":"https:\/\/eab-konstrukcije.com\/hr\/wp-json\/wp\/v2\/media?parent=6958"}],"curies":[{"name":"wp","href":"https:\/\/api.w.org\/{rel}","templated":true}]}}