{"id":6960,"date":"2018-02-12T09:15:57","date_gmt":"2018-02-12T08:15:57","guid":{"rendered":"http:\/\/eab-konstrukcije.com\/impresum\/"},"modified":"2026-01-13T12:37:11","modified_gmt":"2026-01-13T11:37:11","slug":"impresum","status":"publish","type":"page","link":"https:\/\/eab-konstrukcije.com\/hr\/impresum\/","title":{"rendered":"Impresum"},"content":{"rendered":"<section id=\"builder-section-text_11\" class=\"builder-section-first builder-section builder-section-text builder-section-last builder-text-columns-1\" style=\"background-size: cover; background-repeat: no-repeat;background-position: center center;\">\n<div class=\"builder-section-content\">\n<div class=\"builder-text-row\">\n<div class=\"builder-text-column builder-text-column-1\" id=\"builder-section-text_11-column-1\">\n<div class=\"builder-text-content\">\n<div class=\"text\">\n<h2>Impresum<\/h2>\n<h4>Pru\u017eatelj usluga<\/h4>\n<address>\nEAB Croatia d.o.o<br \/>Strojarska cesta 22<br \/>10000 Zagreb<br \/>  <\/address>\n<p>zapovjednistvo: Zagreb \/ OIB: 43602802660<br \/>Generalni direktor: Oliver Siegmann<\/p>\n<h4>Kontakt<\/h4>\n<p>Telefon: +385 95 3153 830<br \/>E-po\u0161ta: <a href=\"mailto:info@eab-konstrukcije.com\">info@eab-konstrukcije.com<\/a><\/p>\n<h4>Online rje\u0161avanje sporova<\/h4>\n<p>Europska komisija osigurava platformu za online rje\u0161avanje sporova (OS):<br \/>    <a href=\"https:\/\/ec.europa.eu\/consumers\/odr\" target=\"_blank\" rel=\"noopener\"><br \/> https:\/\/ec.europa.eu\/consumers\/odr<br \/>    <\/a> <\/p>\n<p>Na\u0161u e-mail adresu mo\u017eete prona\u0107i gore u impressumu.<\/p>\n<p>Nismo obvezni niti spremni sudjelovati u postupcima rje\u0161avanja sporova<br \/> pred potro\u0161a\u010dkim arbitra\u017enim tijelom.<\/p>\n<h4>Autorsko pravo<\/h4>\n<p>Sadr\u017eaj i djela na ovim stranicama podlije\u017eu autorskim pravima.<br \/> Svaka vrsta kori\u0161tenja izvan granica autorskog prava zahtijeva<br \/> prethodnu pisanu suglasnost odgovaraju\u0107eg nositelja prava.<\/p>\n<p>Ukoliko sadr\u017eaj na ovoj web stranici nije izradio operater,<br \/> po\u0161tuju se autorska prava tre\u0107ih strana i odgovaraju\u0107i sadr\u017eaj<br \/> je ozna\u010den.<\/p>\n<p>Ako ipak primijetite kr\u0161enje zakona,<br \/> molimo vas da nas obavijestite. Nakon \u0161to saznamo za<br \/> kr\u0161enje zakona, takav \u0107e sadr\u017eaj biti odmah uklonjen. <\/p>\n<\/div><\/div>\n<\/p><\/div>\n<\/p><\/div>\n<\/p><\/div>\n<\/section>\n","protected":false},"excerpt":{"rendered":"<p>Impresum Pru\u017eatelj usluga EAB Croatia d.o.oStrojarska cesta 2210000 Zagreb zapovjednistvo: Zagreb \/ OIB: 43602802660Generalni direktor: Oliver Siegmann Kontakt Telefon: +385 95 3153 830E-po\u0161ta: info@eab-konstrukcije.com Online rje\u0161avanje sporova Europska komisija osigurava platformu za online rje\u0161avanje sporova (OS): https:\/\/ec.europa.eu\/consumers\/odr Na\u0161u e-mail adresu mo\u017eete prona\u0107i gore u impressumu. Nismo obvezni niti spremni sudjelovati u postupcima rje\u0161avanja sporova pred &hellip;<\/p>\n","protected":false},"author":1,"featured_media":0,"parent":0,"menu_order":100,"comment_status":"closed","ping_status":"closed","template":"template-builder.php","meta":{"inline_featured_image":false,"footnotes":""},"class_list":["post-6960","page","type-page","status-publish","hentry"],"yoast_head":"<!-- This site is optimized with the Yoast SEO plugin v27.1.1 - https:\/\/yoast.com\/product\/yoast-seo-wordpress\/ -->\n<title>Impresum &#8226; EAB Croatia d.o.o<\/title>\n<meta name=\"description\" content=\"Impresum s podacima o pru\u017eatelju usluga, kontaktnim informacijama i pravnim okvirom.\" \/>\n<meta name=\"robots\" content=\"index, follow, max-snippet:-1, max-image-preview:large, max-video-preview:-1\" \/>\n<link rel=\"canonical\" href=\"https:\/\/eab-konstrukcije.com\/hr\/impresum\/\" \/>\n<meta property=\"og:locale\" content=\"hr_HR\" \/>\n<meta property=\"og:type\" content=\"article\" \/>\n<meta property=\"og:title\" content=\"Impresum &#8226; EAB Croatia d.o.o\" \/>\n<meta property=\"og:description\" content=\"Impresum s podacima o pru\u017eatelju usluga, kontaktnim informacijama i pravnim okvirom.\" \/>\n<meta property=\"og:url\" content=\"https:\/\/eab-konstrukcije.com\/hr\/impresum\/\" \/>\n<meta property=\"og:site_name\" content=\"EAB Croatia d.o.o\" \/>\n<meta property=\"article:modified_time\" content=\"2026-01-13T11:37:11+00:00\" \/>\n<meta name=\"twitter:card\" content=\"summary_large_image\" \/>\n<meta name=\"twitter:label1\" content=\"Procijenjeno vrijeme \u010ditanja\" \/>\n\t<meta name=\"twitter:data1\" content=\"1 minuta\" \/>\n<script type=\"application\/ld+json\" class=\"yoast-schema-graph\">{\"@context\":\"https:\/\/schema.org\",\"@graph\":[{\"@type\":\"WebPage\",\"@id\":\"https:\/\/eab-konstrukcije.com\/hr\/impresum\/\",\"url\":\"https:\/\/eab-konstrukcije.com\/hr\/impresum\/\",\"name\":\"Impresum &#8226; EAB Croatia d.o.o\",\"isPartOf\":{\"@id\":\"https:\/\/eab-konstrukcije.com\/de\/#website\"},\"datePublished\":\"2018-02-12T08:15:57+00:00\",\"dateModified\":\"2026-01-13T11:37:11+00:00\",\"description\":\"Impresum s podacima o pru\u017eatelju usluga, kontaktnim informacijama i pravnim okvirom.\",\"inLanguage\":\"hr\",\"potentialAction\":[{\"@type\":\"ReadAction\",\"target\":[\"https:\/\/eab-konstrukcije.com\/hr\/impresum\/\"]}]},{\"@type\":\"WebSite\",\"@id\":\"https:\/\/eab-konstrukcije.com\/de\/#website\",\"url\":\"https:\/\/eab-konstrukcije.com\/de\/\",\"name\":\"EAB Croatia d.o.o\",\"description\":\"Aluminijski okviri \u00b7 WC pregradne stijene \u00b7 Mobilne pregradne stijene \u00b7 Aluminijski okviri\",\"publisher\":{\"@id\":\"https:\/\/eab-konstrukcije.com\/de\/#organization\"},\"potentialAction\":[{\"@type\":\"SearchAction\",\"target\":{\"@type\":\"EntryPoint\",\"urlTemplate\":\"https:\/\/eab-konstrukcije.com\/de\/?s={search_term_string}\"},\"query-input\":{\"@type\":\"PropertyValueSpecification\",\"valueRequired\":true,\"valueName\":\"search_term_string\"}}],\"inLanguage\":\"hr\"},{\"@type\":\"Organization\",\"@id\":\"https:\/\/eab-konstrukcije.com\/de\/#organization\",\"name\":\"Elemente am Bau GmbH & Co.KG\",\"url\":\"https:\/\/eab-konstrukcije.com\/de\/\",\"logo\":{\"@type\":\"ImageObject\",\"inLanguage\":\"hr\",\"@id\":\"https:\/\/eab-konstrukcije.com\/de\/#\/schema\/logo\/image\/\",\"url\":\"https:\/\/eab-konstrukcije.com\/wp-content\/uploads\/2022\/02\/Logo.png\",\"contentUrl\":\"https:\/\/eab-konstrukcije.com\/wp-content\/uploads\/2022\/02\/Logo.png\",\"width\":300,\"height\":175,\"caption\":\"Elemente am Bau GmbH & Co.KG\"},\"image\":{\"@id\":\"https:\/\/eab-konstrukcije.com\/de\/#\/schema\/logo\/image\/\"}}]}<\/script>\n<!-- \/ Yoast SEO plugin. -->","yoast_head_json":{"title":"Impresum &#8226; EAB Croatia d.o.o","description":"Impresum s podacima o pru\u017eatelju usluga, kontaktnim informacijama i pravnim okvirom.","robots":{"index":"index","follow":"follow","max-snippet":"max-snippet:-1","max-image-preview":"max-image-preview:large","max-video-preview":"max-video-preview:-1"},"canonical":"https:\/\/eab-konstrukcije.com\/hr\/impresum\/","og_locale":"hr_HR","og_type":"article","og_title":"Impresum &#8226; EAB Croatia d.o.o","og_description":"Impresum s podacima o pru\u017eatelju usluga, kontaktnim informacijama i pravnim okvirom.","og_url":"https:\/\/eab-konstrukcije.com\/hr\/impresum\/","og_site_name":"EAB Croatia d.o.o","article_modified_time":"2026-01-13T11:37:11+00:00","twitter_card":"summary_large_image","twitter_misc":{"Procijenjeno vrijeme \u010ditanja":"1 minuta"},"schema":{"@context":"https:\/\/schema.org","@graph":[{"@type":"WebPage","@id":"https:\/\/eab-konstrukcije.com\/hr\/impresum\/","url":"https:\/\/eab-konstrukcije.com\/hr\/impresum\/","name":"Impresum &#8226; EAB Croatia d.o.o","isPartOf":{"@id":"https:\/\/eab-konstrukcije.com\/de\/#website"},"datePublished":"2018-02-12T08:15:57+00:00","dateModified":"2026-01-13T11:37:11+00:00","description":"Impresum s podacima o pru\u017eatelju usluga, kontaktnim informacijama i pravnim okvirom.","inLanguage":"hr","potentialAction":[{"@type":"ReadAction","target":["https:\/\/eab-konstrukcije.com\/hr\/impresum\/"]}]},{"@type":"WebSite","@id":"https:\/\/eab-konstrukcije.com\/de\/#website","url":"https:\/\/eab-konstrukcije.com\/de\/","name":"EAB Croatia d.o.o","description":"Aluminijski okviri \u00b7 WC pregradne stijene \u00b7 Mobilne pregradne stijene \u00b7 Aluminijski okviri","publisher":{"@id":"https:\/\/eab-konstrukcije.com\/de\/#organization"},"potentialAction":[{"@type":"SearchAction","target":{"@type":"EntryPoint","urlTemplate":"https:\/\/eab-konstrukcije.com\/de\/?s={search_term_string}"},"query-input":{"@type":"PropertyValueSpecification","valueRequired":true,"valueName":"search_term_string"}}],"inLanguage":"hr"},{"@type":"Organization","@id":"https:\/\/eab-konstrukcije.com\/de\/#organization","name":"Elemente am Bau GmbH & Co.KG","url":"https:\/\/eab-konstrukcije.com\/de\/","logo":{"@type":"ImageObject","inLanguage":"hr","@id":"https:\/\/eab-konstrukcije.com\/de\/#\/schema\/logo\/image\/","url":"https:\/\/eab-konstrukcije.com\/wp-content\/uploads\/2022\/02\/Logo.png","contentUrl":"https:\/\/eab-konstrukcije.com\/wp-content\/uploads\/2022\/02\/Logo.png","width":300,"height":175,"caption":"Elemente am Bau GmbH & Co.KG"},"image":{"@id":"https:\/\/eab-konstrukcije.com\/de\/#\/schema\/logo\/image\/"}}]}},"_links":{"self":[{"href":"https:\/\/eab-konstrukcije.com\/hr\/wp-json\/wp\/v2\/pages\/6960","targetHints":{"allow":["GET"]}}],"collection":[{"href":"https:\/\/eab-konstrukcije.com\/hr\/wp-json\/wp\/v2\/pages"}],"about":[{"href":"https:\/\/eab-konstrukcije.com\/hr\/wp-json\/wp\/v2\/types\/page"}],"author":[{"embeddable":true,"href":"https:\/\/eab-konstrukcije.com\/hr\/wp-json\/wp\/v2\/users\/1"}],"replies":[{"embeddable":true,"href":"https:\/\/eab-konstrukcije.com\/hr\/wp-json\/wp\/v2\/comments?post=6960"}],"version-history":[{"count":2,"href":"https:\/\/eab-konstrukcije.com\/hr\/wp-json\/wp\/v2\/pages\/6960\/revisions"}],"predecessor-version":[{"id":6978,"href":"https:\/\/eab-konstrukcije.com\/hr\/wp-json\/wp\/v2\/pages\/6960\/revisions\/6978"}],"wp:attachment":[{"href":"https:\/\/eab-konstrukcije.com\/hr\/wp-json\/wp\/v2\/media?parent=6960"}],"curies":[{"name":"wp","href":"https:\/\/api.w.org\/{rel}","templated":true}]}}