{"id":6961,"date":"2018-03-23T08:48:18","date_gmt":"2018-03-23T07:48:18","guid":{"rendered":"http:\/\/eab-konstrukcije.com\/zastita-podataka\/"},"modified":"2026-01-19T08:12:07","modified_gmt":"2026-01-19T07:12:07","slug":"zastita-podataka","status":"publish","type":"page","link":"https:\/\/eab-konstrukcije.com\/hr\/zastita-podataka\/","title":{"rendered":"Za\u0161tita podataka"},"content":{"rendered":"<section id=\"builder-section-text_11\" class=\"builder-section-first builder-section builder-section-text builder-section-last builder-text-columns-1\" style=\"background-size: cover; background-repeat: no-repeat;background-position: center center;\">\n<div class=\"builder-section-content\">\n<div class=\"builder-text-row\">\n<div class=\"builder-text-column builder-text-column-1\" id=\"builder-section-text_11-column-1\">\n<div class=\"builder-text-content\">\n<div class=\"text\">\n<h2>Izjava o za\u0161titi podataka<\/h2>\n<h4>1. Voditelj obrade<\/h4>\n<p>Odgovoran za obradu osobnih podataka u smislu<br \/>Op\u0107e uredbe o za\u0161titi podataka (EU) 2016\/679 (GDPR) je:<\/p>\n<address>EAB Croatia d.o.o<br \/>Strojarska cesta 22<br \/>10000 Zagreb<\/address>\n<p>Generalni direktor: Oliver Siegmann<\/p>\n<p>Telefon: +385 95 3153 830<br \/>E-po\u0161ta: <a href=\"mailto:info@eab-konstrukcije.com\">info@eab-konstrukcije.com<\/a><br \/>Web: <a href=\"https:\/\/eab-konstrukcije.com\/\" target=\"_blank\" rel=\"noopener\">https:\/\/eab-konstrukcije.com\/<\/a><\/p>\n<h4>2. Nadzorno tijelo<\/h4>\n<p>Nadle\u017eno nadzorno tijelo za za\u0161titu podataka u Hrvatskoj je:<\/p>\n<address><strong>Agencija za za\u0161titu osobnih podataka (AZOP)<\/strong><br \/>Ulica grada Vukovara 54<br \/>10000 Zagreb<br \/>Republika Hrvatska<\/address>\n<p>Osobe na koje se podaci odnose imaju pravo podnijeti<br \/>\u017ealbu navedenom nadzornom tijelu.<\/p>\n<h4>3. Opseg i svrha obrade<\/h4>\n<p>Osobne podatke obra\u0111ujemo samo u opsegu koji je potreban za:<\/p>\n<ul>\n<li>osiguravanje funkcionalnosti ove web stranice,<\/li>\n<li>komunikaciju s korisnicima,<\/li>\n<li>obradu upita kao i poslovnih odnosa.<\/li>\n<\/ul>\n<p>Obrada se provodi prema na\u010delima zakonitosti,<br \/>transparentnosti i ograni\u010denja svrhe.<\/p>\n<h4>4. Pravne osnove obrade<\/h4>\n<p>Obrada osobnih podataka temelji se na sljede\u0107im pravnim osnovama:<\/p>\n<ul>\n<li>\u010clanak 6. stavak 1. to\u010dka a) GDPR \u2013 privola ispitanika  <\/li>\n<li>\u010clanak 6. stavak 1. to\u010dka b) GDPR \u2013 izvr\u0161enje ugovora ili pred-ugovorne mjere  <\/li>\n<li>\u010clanak 6. stavak 1. to\u010dka c) GDPR \u2013 pravna obveza  <\/li>\n<li>\u010clanak 6. stavak 1. to\u010dka f) GDPR \u2013 legitimni interes voditelja obrade  <\/li>\n<\/ul>\n<h4>5. Pristup web stranici i datoteke zapisnika poslu\u017eitelja<\/h4>\n<p>Pri svakom pristupu ovoj web stranici automatski se obra\u0111uju sljede\u0107i podaci:<\/p>\n<ul>\n<li>IP adresa<\/li>\n<li>Datum i vrijeme pristupa<\/li>\n<li>Vrsta i verzija preglednika<\/li>\n<li>Operativni sustav<\/li>\n<li>Referrer-URL<\/li>\n<\/ul>\n<p>Ovi se podaci obra\u0111uju isklju\u010divo za:<\/p>\n<ul>\n<li>tehni\u010dko pru\u017eanje web stranice,<\/li>\n<li>osiguravanje stabilnosti i sigurnosti sustava.<\/li>\n<\/ul>\n<p>Spajanje s drugim osobnim podacima se ne provodi.<\/p>\n<h4>6. Kola\u010di\u0107i<\/h4>\n<p>Ova web stranica koristi kola\u010di\u0107e.<\/p>\n<p><strong>Tehni\u010dki potrebni kola\u010di\u0107i<\/strong><\/p>\n<p>Ovi kola\u010di\u0107i potrebni su za osnovne funkcije web stranice<br \/>i postavljaju se na temelju \u010dlanka 6. stavka 1. to\u010dke f GDPR-a.  <\/p>\n<p><strong>Neobavezni kola\u010di\u0107i (npr. analiza)<\/strong><\/p>\n<p>Ovi se kola\u010di\u0107i postavljaju isklju\u010divo uz Va\u0161u prethodnu suglasnost<br \/>na temelju \u010dlanka 6. stavka 1. to\u010dke a GDPR-a.  <\/p>\n<p>U svakom trenutku mo\u017eete povu\u0107i ili prilagoditi danu suglasnost putem postavki kola\u010di\u0107a<br \/>Va\u0161eg preglednika.<\/p>\n<h4>7. Kontakt obrazac i kontakt putem e-po\u0161te<\/h4>\n<p>Ako nas kontaktirate putem obrasca za kontakt ili e-po\u0161tom,<br \/>podatke koje ste nam poslali obra\u0111ujemo isklju\u010divo za<br \/>obradu Va\u0161eg zahtjeva.<\/p>\n<p>Pravna osnova je, ovisno o kontekstu:<\/p>\n<ul>\n<li>Suglasnost (\u010dl. 6. st. 1. to\u010d. a GDPR-a)<\/li>\n<li>legitimni interes (\u010dl. 6. st. 1. to\u010d. f GDPR-a)<\/li>\n<li>Izvr\u0161enje ugovora, odnosno predugovorne mjere (\u010dl. 6. st. 1. to\u010d. b GDPR-a)<\/li>\n<\/ul>\n<p>Podaci se bri\u0161u \u010dim je komunikacija zavr\u0161ena.<\/p>\n<h4>8. Google Web Fonts<\/h4>\n<p>Za prikaz fontova koristimo Google Web Fonts. Prilikom u\u010ditavanja<br \/>fontova, IP adresa mo\u017ee se prenijeti na servere tvrtke Google LLC (SAD). <\/p>\n<p>Obrada se provodi na temelju na\u0161eg legitimnog interesa<br \/>za jedinstvenim prikazom sadr\u017eaja<br \/>(\u010dlanak 6. stavak 1. to\u010dka f GDPR-a).<\/p>\n<p>Vi\u0161e informacija:<br \/><a href=\"https:\/\/policies.google.com\/privacy\" target=\"_blank\" rel=\"noopener\"><br \/>https:\/\/policies.google.com\/privacy<br \/><\/a><\/p>\n<h4>9. Font Awesome<\/h4>\n<p>Za prikaz ikona koristimo Font Awesome (Fonticons Inc., SAD).<br \/>Pri tome se mo\u017ee obraditi IP adresa korisnika.<\/p>\n<p>Pravna osnova je na\u0161 legitiman interes<br \/>(\u010dlanak 6. stavak 1. to\u010dka f GDPR-a).<\/p>\n<h4>Google reCAPTCHA<\/h4>\n<p>Na ovoj web stranici koristimo \u201eGoogle reCAPTCHA\u201c (u daljnjem tekstu \u201ereCAPTCHA\u201c). Davatelj usluge je Google Ireland Limited (\u201eGoogle\u201c), Gordon House, Barrow Street, Dublin 4, Irska. <\/p>\n<p>ReCAPTCHA bi trebala provjeriti unosi li se podatak na ovoj web stranici (npr. u obrascu za kontakt) od strane \u010dovjeka ili putem automatiziranog programa. U tu svrhu reCAPTCHA analizira pona\u0161anje posjetitelja web stranice na temelju razli\u010ditih zna\u010dajki. Ova analiza zapo\u010dinje automatski \u010dim posjetitelj web stranice u\u0111e na web stranicu. Za analizu, reCAPTCHA procjenjuje razli\u010dite informacije (npr. IP adresu, vrijeme zadr\u017eavanja posjetitelja web stranice na web stranici ili pokrete mi\u0161a koje je korisnik napravio). Podaci prikupljeni tijekom analize proslje\u0111uju se Googleu.    <\/p>\n<p>ReCAPTCHA analize odvijaju se u potpunosti u pozadini. Posjetitelji web stranice nisu obavije\u0161teni da se provodi analiza. <\/p>\n<p>Pohrana i analiza podataka provodi se na temelju \u010dlanka 6. stavka 1. to\u010dke f GDPR-a. Operater web stranice ima legitiman interes za\u0161tititi svoje web ponude od zlouporabe automatiziranog pretra\u017eivanja i od SPAM-a. Ako je zatra\u017eena odgovaraju\u0107a suglasnost, obrada se provodi isklju\u010divo na temelju \u010dlanka 6. stavka 1. to\u010dke a GDPR-a i \u010dlanka 25. stavka 1. TDDDG-a, ako suglasnost uklju\u010duje pohranu kola\u010di\u0107a ili pristup informacijama na krajnjem ure\u0111aju korisnika (npr. Device-Fingerprinting) u smislu TDDDG-a. Suglasnost se mo\u017ee opozvati u bilo kojem trenutku.        <\/p>\n<p>Vi\u0161e informacija o Google reCAPTCHA mo\u017eete prona\u0107i u Googleovim pravilima o privatnosti i Googleovim uvjetima kori\u0161tenja na sljede\u0107im poveznicama: <a href=\"https:\/\/policies.google.com\/privacy?hl=de\" target=\"_blank\" rel=\"noopener noreferrer\">https:\/\/policies.google.com\/privacy?hl=de<\/a> i <a href=\"https:\/\/policies.google.com\/terms?hl=de\" target=\"_blank\" rel=\"noopener noreferrer\">https:\/\/policies.google.com\/terms?hl=de<\/a>.<\/p>\n<p>Tvrtka posjeduje certifikat prema \u201eEU-US Data Privacy Framework\u201c (DPF). DPF je sporazum izme\u0111u Europske unije i SAD-a koji bi trebao osigurati uskla\u0111enost s europskim standardima za\u0161tite podataka u obradi podataka u SAD-u. Svaka tvrtka certificirana prema DPF-u obvezuje se po\u0161tivati ove standarde za\u0161tite podataka. Vi\u0161e informacija o tome mo\u017eete dobiti od davatelja usluge na sljede\u0107oj poveznici: <a href=\"https:\/\/www.dataprivacyframework.gov\/participant\/5780\" target=\"_blank\" rel=\"noopener noreferrer\">https:\/\/www.dataprivacyframework.gov\/participant\/5780<\/a>.   <\/p>\n<h4>10. Prava ispitanika<\/h4>\n<p>Ispitanici imaju osobito pravo na:<\/p>\n<ul>\n<li>Informacije<\/li>\n<li>Ispravak<\/li>\n<li>Brisanje<\/li>\n<li>Ograni\u010denje obrade<\/li>\n<li>Prenosivost podataka<\/li>\n<li>Prigovor<\/li>\n<li>Opoziv suglasnosti<\/li>\n<\/ul>\n<p>Za ostvarivanje svojih prava mo\u017eete nas kontaktirati u bilo kojem trenutku.<\/p>\n<h4>11. SSL enkripcija<\/h4>\n<p>Ova web stranica koristi SSL enkripciju za za\u0161titu prijenosa podataka.<\/p>\n<\/div><\/div>\n<\/p><\/div>\n<\/p><\/div>\n<\/p><\/div>\n<\/section>\n","protected":false},"excerpt":{"rendered":"<p>Izjava o za\u0161titi podataka 1. Voditelj obrade Odgovoran za obradu osobnih podataka u smisluOp\u0107e uredbe o za\u0161titi podataka (EU) 2016\/679 (GDPR) je: EAB Croatia d.o.oStrojarska cesta 2210000 Zagreb Generalni direktor: Oliver Siegmann Telefon: +385 95 3153 830E-po\u0161ta: info@eab-konstrukcije.comWeb: https:\/\/eab-konstrukcije.com\/ 2. Nadzorno tijelo Nadle\u017eno nadzorno tijelo za za\u0161titu podataka u Hrvatskoj je: Agencija za za\u0161titu osobnih &hellip;<\/p>\n","protected":false},"author":1,"featured_media":0,"parent":0,"menu_order":101,"comment_status":"closed","ping_status":"closed","template":"template-builder.php","meta":{"inline_featured_image":false,"footnotes":""},"class_list":["post-6961","page","type-page","status-publish","hentry"],"yoast_head":"<!-- This site is optimized with the Yoast SEO plugin v27.1.1 - https:\/\/yoast.com\/product\/yoast-seo-wordpress\/ -->\n<title>Za\u0161tita podataka &#8226; EAB Croatia d.o.o<\/title>\n<meta name=\"description\" content=\"Informacije o za\u0161titi podataka: Saznajte kako prikupljamo, obra\u0111ujemo i \u0161titimo osobne podatke.\" \/>\n<meta name=\"robots\" content=\"index, follow, max-snippet:-1, max-image-preview:large, max-video-preview:-1\" \/>\n<link rel=\"canonical\" href=\"https:\/\/eab-konstrukcije.com\/hr\/zastita-podataka\/\" \/>\n<meta property=\"og:locale\" content=\"hr_HR\" \/>\n<meta property=\"og:type\" content=\"article\" \/>\n<meta property=\"og:title\" content=\"Za\u0161tita podataka &#8226; EAB Croatia d.o.o\" \/>\n<meta property=\"og:description\" content=\"Informacije o za\u0161titi podataka: Saznajte kako prikupljamo, obra\u0111ujemo i \u0161titimo osobne podatke.\" \/>\n<meta property=\"og:url\" content=\"https:\/\/eab-konstrukcije.com\/hr\/zastita-podataka\/\" \/>\n<meta property=\"og:site_name\" content=\"EAB Croatia d.o.o\" \/>\n<meta property=\"article:modified_time\" content=\"2026-01-19T07:12:07+00:00\" \/>\n<meta name=\"twitter:card\" content=\"summary_large_image\" \/>\n<meta name=\"twitter:label1\" content=\"Procijenjeno vrijeme \u010ditanja\" \/>\n\t<meta name=\"twitter:data1\" content=\"4 minute\" \/>\n<script type=\"application\/ld+json\" class=\"yoast-schema-graph\">{\"@context\":\"https:\/\/schema.org\",\"@graph\":[{\"@type\":\"WebPage\",\"@id\":\"https:\/\/eab-konstrukcije.com\/hr\/zastita-podataka\/\",\"url\":\"https:\/\/eab-konstrukcije.com\/hr\/zastita-podataka\/\",\"name\":\"Za\u0161tita podataka &#8226; EAB Croatia d.o.o\",\"isPartOf\":{\"@id\":\"https:\/\/eab-konstrukcije.com\/de\/#website\"},\"datePublished\":\"2018-03-23T07:48:18+00:00\",\"dateModified\":\"2026-01-19T07:12:07+00:00\",\"description\":\"Informacije o za\u0161titi podataka: Saznajte kako prikupljamo, obra\u0111ujemo i \u0161titimo osobne podatke.\",\"inLanguage\":\"hr\",\"potentialAction\":[{\"@type\":\"ReadAction\",\"target\":[\"https:\/\/eab-konstrukcije.com\/hr\/zastita-podataka\/\"]}]},{\"@type\":\"WebSite\",\"@id\":\"https:\/\/eab-konstrukcije.com\/de\/#website\",\"url\":\"https:\/\/eab-konstrukcije.com\/de\/\",\"name\":\"EAB Croatia d.o.o\",\"description\":\"Aluminijski okviri \u00b7 WC pregradne stijene \u00b7 Mobilne pregradne stijene \u00b7 Aluminijski okviri\",\"publisher\":{\"@id\":\"https:\/\/eab-konstrukcije.com\/de\/#organization\"},\"potentialAction\":[{\"@type\":\"SearchAction\",\"target\":{\"@type\":\"EntryPoint\",\"urlTemplate\":\"https:\/\/eab-konstrukcije.com\/de\/?s={search_term_string}\"},\"query-input\":{\"@type\":\"PropertyValueSpecification\",\"valueRequired\":true,\"valueName\":\"search_term_string\"}}],\"inLanguage\":\"hr\"},{\"@type\":\"Organization\",\"@id\":\"https:\/\/eab-konstrukcije.com\/de\/#organization\",\"name\":\"Elemente am Bau GmbH & Co.KG\",\"url\":\"https:\/\/eab-konstrukcije.com\/de\/\",\"logo\":{\"@type\":\"ImageObject\",\"inLanguage\":\"hr\",\"@id\":\"https:\/\/eab-konstrukcije.com\/de\/#\/schema\/logo\/image\/\",\"url\":\"https:\/\/eab-konstrukcije.com\/wp-content\/uploads\/2022\/02\/Logo.png\",\"contentUrl\":\"https:\/\/eab-konstrukcije.com\/wp-content\/uploads\/2022\/02\/Logo.png\",\"width\":300,\"height\":175,\"caption\":\"Elemente am Bau GmbH & Co.KG\"},\"image\":{\"@id\":\"https:\/\/eab-konstrukcije.com\/de\/#\/schema\/logo\/image\/\"}}]}<\/script>\n<!-- \/ Yoast SEO plugin. -->","yoast_head_json":{"title":"Za\u0161tita podataka &#8226; EAB Croatia d.o.o","description":"Informacije o za\u0161titi podataka: Saznajte kako prikupljamo, obra\u0111ujemo i \u0161titimo osobne podatke.","robots":{"index":"index","follow":"follow","max-snippet":"max-snippet:-1","max-image-preview":"max-image-preview:large","max-video-preview":"max-video-preview:-1"},"canonical":"https:\/\/eab-konstrukcije.com\/hr\/zastita-podataka\/","og_locale":"hr_HR","og_type":"article","og_title":"Za\u0161tita podataka &#8226; EAB Croatia d.o.o","og_description":"Informacije o za\u0161titi podataka: Saznajte kako prikupljamo, obra\u0111ujemo i \u0161titimo osobne podatke.","og_url":"https:\/\/eab-konstrukcije.com\/hr\/zastita-podataka\/","og_site_name":"EAB Croatia d.o.o","article_modified_time":"2026-01-19T07:12:07+00:00","twitter_card":"summary_large_image","twitter_misc":{"Procijenjeno vrijeme \u010ditanja":"4 minute"},"schema":{"@context":"https:\/\/schema.org","@graph":[{"@type":"WebPage","@id":"https:\/\/eab-konstrukcije.com\/hr\/zastita-podataka\/","url":"https:\/\/eab-konstrukcije.com\/hr\/zastita-podataka\/","name":"Za\u0161tita podataka &#8226; EAB Croatia d.o.o","isPartOf":{"@id":"https:\/\/eab-konstrukcije.com\/de\/#website"},"datePublished":"2018-03-23T07:48:18+00:00","dateModified":"2026-01-19T07:12:07+00:00","description":"Informacije o za\u0161titi podataka: Saznajte kako prikupljamo, obra\u0111ujemo i \u0161titimo osobne podatke.","inLanguage":"hr","potentialAction":[{"@type":"ReadAction","target":["https:\/\/eab-konstrukcije.com\/hr\/zastita-podataka\/"]}]},{"@type":"WebSite","@id":"https:\/\/eab-konstrukcije.com\/de\/#website","url":"https:\/\/eab-konstrukcije.com\/de\/","name":"EAB Croatia d.o.o","description":"Aluminijski okviri \u00b7 WC pregradne stijene \u00b7 Mobilne pregradne stijene \u00b7 Aluminijski okviri","publisher":{"@id":"https:\/\/eab-konstrukcije.com\/de\/#organization"},"potentialAction":[{"@type":"SearchAction","target":{"@type":"EntryPoint","urlTemplate":"https:\/\/eab-konstrukcije.com\/de\/?s={search_term_string}"},"query-input":{"@type":"PropertyValueSpecification","valueRequired":true,"valueName":"search_term_string"}}],"inLanguage":"hr"},{"@type":"Organization","@id":"https:\/\/eab-konstrukcije.com\/de\/#organization","name":"Elemente am Bau GmbH & Co.KG","url":"https:\/\/eab-konstrukcije.com\/de\/","logo":{"@type":"ImageObject","inLanguage":"hr","@id":"https:\/\/eab-konstrukcije.com\/de\/#\/schema\/logo\/image\/","url":"https:\/\/eab-konstrukcije.com\/wp-content\/uploads\/2022\/02\/Logo.png","contentUrl":"https:\/\/eab-konstrukcije.com\/wp-content\/uploads\/2022\/02\/Logo.png","width":300,"height":175,"caption":"Elemente am Bau GmbH & Co.KG"},"image":{"@id":"https:\/\/eab-konstrukcije.com\/de\/#\/schema\/logo\/image\/"}}]}},"_links":{"self":[{"href":"https:\/\/eab-konstrukcije.com\/hr\/wp-json\/wp\/v2\/pages\/6961","targetHints":{"allow":["GET"]}}],"collection":[{"href":"https:\/\/eab-konstrukcije.com\/hr\/wp-json\/wp\/v2\/pages"}],"about":[{"href":"https:\/\/eab-konstrukcije.com\/hr\/wp-json\/wp\/v2\/types\/page"}],"author":[{"embeddable":true,"href":"https:\/\/eab-konstrukcije.com\/hr\/wp-json\/wp\/v2\/users\/1"}],"replies":[{"embeddable":true,"href":"https:\/\/eab-konstrukcije.com\/hr\/wp-json\/wp\/v2\/comments?post=6961"}],"version-history":[{"count":4,"href":"https:\/\/eab-konstrukcije.com\/hr\/wp-json\/wp\/v2\/pages\/6961\/revisions"}],"predecessor-version":[{"id":6991,"href":"https:\/\/eab-konstrukcije.com\/hr\/wp-json\/wp\/v2\/pages\/6961\/revisions\/6991"}],"wp:attachment":[{"href":"https:\/\/eab-konstrukcije.com\/hr\/wp-json\/wp\/v2\/media?parent=6961"}],"curies":[{"name":"wp","href":"https:\/\/api.w.org\/{rel}","templated":true}]}}