{"id":6998,"date":"2026-02-10T08:40:33","date_gmt":"2026-02-10T07:40:33","guid":{"rendered":"https:\/\/eab-konstrukcije.com\/?page_id=6998"},"modified":"2026-02-10T11:00:36","modified_gmt":"2026-02-10T10:00:36","slug":"mobilni-pregradni-sustavi","status":"publish","type":"page","link":"https:\/\/eab-konstrukcije.com\/hr\/mobilni-pregradni-sustavi\/","title":{"rendered":"Mobilni pregradni sustavi"},"content":{"rendered":"<section id=\"builder-section-text_748\" class=\"builder-section-first builder-section builder-section-text builder-section-next-text builder-section-full-width builder-text-columns-1\" style=\"background-size: cover; background-repeat: no-repeat;background-position: center center;\">\n<div class=\"builder-section-content\">\n<div class=\"builder-text-row\">\n<div class=\"builder-text-column builder-text-column-1\" id=\"builder-section-text_748-column-1\">\n<div class=\"builder-text-content\">\n\n<\/p><\/div>\n<\/p><\/div>\n<\/p><\/div>\n<\/p><\/div>\n<\/section>\n<section id=\"builder-section-text_118\" class=\"builder-section-prev-text builder-section builder-section-text builder-section-next-text builder-text-columns-2\" style=\"background-size: cover; background-repeat: no-repeat;background-position: center center;\">\n<div class=\"builder-section-content\">\n<div class=\"builder-text-row\">\n<div class=\"builder-text-column builder-text-column-1\" id=\"builder-section-text_118-column-1\">\n<div class=\"builder-text-content\">\n<h1>Fleksibilni sustavi pregradnih zidova za moderno upravljanje prostorijama<\/h1>\n<p>S fleksibilnim sustavima pregradnih zidova za dvorane za sastanke, kongresne centre, banke, sajmove itd., Dorma H\u00fcppe svojim kupcima diljem svijeta nudi inteligentna rje\u0161enja za u\u010dinkovito upravljanje prostorijama s tradicijom dugom 130 godina. Dorma H\u00fcppe ne samo da planira, dizajnira i montira mobilne pregradne zidove koriste\u0107i sustav, ve\u0107 i osigurava njihovu odr\u017eivu u\u010dinkovitost svojom ekonomi\u010dnom uslugom.<\/p>\n<\/p><\/div>\n<\/p><\/div>\n<div class=\"builder-text-column builder-text-column-2\" id=\"builder-section-text_118-column-2\">\n<div class=\"builder-text-content\">\n<div class=\"image-layout\">\n<div class=\"top-row\"><img decoding=\"async\" src=\"\/wp-content\/uploads\/dormahueppe-hoch1.jpg\" alt=\"vrata s aluminijskim okvirom\"><br \/><img decoding=\"async\" src=\"\/wp-content\/uploads\/dormahueppe-hoch2.jpg\" alt=\"\"aluminijski okvir\"><\/div>\n<div class=\"bottom-row\"><img decoding=\"async\" src=\"\/wp-content\/uploads\/dormahueppe-quer.jpg\" alt=\"aluminijski okvir zid\"><\/div>\n<\/div><\/div>\n<\/p><\/div>\n<\/p><\/div>\n<\/p><\/div>\n<\/section>\n<section id=\"builder-section-text_583\" class=\"builder-section-prev-text builder-section builder-section-text builder-section-last builder-text-columns-2\" style=\"background-size: cover; background-repeat: no-repeat;background-position: center center;\">\n<div class=\"builder-section-content\">\n<div class=\"builder-text-row\">\n<div class=\"builder-text-column builder-text-column-1\" id=\"builder-section-text_583-column-1\">\n<div class=\"builder-text-content\">\n<h1>Variflex 100 sustav pregradnih zidova<\/h1>\n\n<\/p><\/div>\n<\/p><\/div>\n<div class=\"builder-text-column builder-text-column-2\" id=\"builder-section-text_583-column-2\">\n<div class=\"builder-text-content\">\n<div class=\"text-right\">\nIznimne performanse Variflexa 100 temelje se na njegovom sofisticiranom tehni\u010dkom dizajnu. Brojni dobro promi\u0161ljeni detalji precizno se isprepli\u0107u kako bi tvorili koherentan cjelokupni sustav. Razli\u010dite varijante elemenata omogu\u0107uju kori\u0161tenje u \u0161irokom rasponu prostornih situacija.<\/p>\n<p>Zahvaljuju\u0107i fleksibilnom sustavu tra\u010dnica, Variflex 100 se mo\u017ee koristiti i u sku\u010denim prostorima. Strukturirani dizajn elemenata zna\u010dajno doprinosi visokoj zvu\u010dnoj izolaciji Dorma H\u00fcppe Variflex sustava. Tehnologija koja je funkcionalno uvjerljiva i dosljedno sustavno implementirana.<\/p>\n<\/div><\/div>\n<\/p><\/div>\n<\/p><\/div>\n<div class=\"builder-text-row\">\n<div class=\"builder-text-column builder-text-column-3\" id=\"builder-section-text_583-column-1\">\n<div class=\"builder-text-content\">\n<h1>Variflex staklo \u2013 prozirnost susre\u0107e zvu\u010dnu izolaciju<\/h1>\n<p>Variflex staklo kombinira dizajn koji propu\u0161ta svjetlost s visokim performansama zvu\u010dne izolacije. To omogu\u0107uje otvorenu strukturu prostorija bez \u017ertvovanja u\u010dinkovite zvu\u010dne izolacije do Rw 52 dB (laboratorijska vrijednost prema EN 10140).<\/p>\n<p>Osim toga, Variflex stakleni elementi mogu se kombinirati s Variflex 100 sustavom. Rezultat je dosljedan izgled koji kombinira jasan dizajn s funkcionalnim prednostima Variflex sustava pregradnih zidova.<\/p>\n<\/p><\/div>\n<\/p><\/div>\n<div class=\"builder-text-column builder-text-column-4\" id=\"builder-section-text_583-column-2\">\n<div class=\"builder-text-content\">\n\n<\/p><\/div>\n<\/p><\/div>\n<\/p><\/div>\n<div class=\"builder-text-row\">\n<div class=\"builder-text-column builder-text-column-5\" id=\"builder-section-text_583-column-1\">\n<div class=\"builder-text-content\">\n<h1>Premium rad Variflex ComfortDrive<\/h1>\n\n<\/p><\/div>\n<\/p><\/div>\n<div class=\"builder-text-column builder-text-column-6\" id=\"builder-section-text_583-column-2\">\n<div class=\"builder-text-content\">\n<div class=\"text-right\">\nVariflex ComfortDrive predstavlja visokokvalitetno operativno rje\u0161enje temeljeno na modernoj BUS tehnologiji. Potpuno automatski sustav upravljanja pomi\u010de elemente u \u017eeljeni polo\u017eaj pritiskom na gumb brzinom do 250 mm\/s, a zatim preuzima zatezanje.<\/p>\n<p>Uz standardne funkcije, mogu\u0107e je konfigurirati pojedina\u010dne polo\u017eaje vo\u017enje i personalizirane kontrole.<\/p>\n<\/div><\/div>\n<\/p><\/div>\n<\/p><\/div>\n<div class=\"builder-text-row\">\n<div class=\"builder-text-column builder-text-column-7\" id=\"builder-section-text_583-column-1\">\n<div class=\"builder-text-content\">\n<h1>Variflex Acoustics \u2013 u\u010dinkovita apsorpcija zvuka<\/h1>\n<p>Variflex Acoustics pro\u0161iruje Variflex sustav pregrada kako bi uklju\u010dio funkcionalne i vizualno privla\u010dne akusti\u010dne povr\u0161ine. Elementi doprinose smanjenju refleksija zvuka, \u010dime podr\u017eavaju pobolj\u0161anu razumljivost govora i ugodnije uvjete slu\u0161anja u prostoriji.<\/p>\n<p>Variflex Acoustics dostupan je u tri verzije kako bi zadovoljio razli\u010dite akusti\u010dke zahtjeve.<\/p>\n<\/p><\/div>\n<\/p><\/div>\n<div class=\"builder-text-column builder-text-column-8\" id=\"builder-section-text_583-column-2\">\n<div class=\"builder-text-content\">\n\n<\/p><\/div>\n<\/p><\/div>\n<\/p><\/div>\n<div class=\"builder-text-row\">\n<div class=\"builder-text-column builder-text-column-9\" id=\"builder-section-text_583-column-1\">\n<div class=\"builder-text-content\">\n<h1>Varitrans Straightline sustav staklenih pregrada<\/h1>\n\n<\/p><\/div>\n<\/p><\/div>\n<div class=\"builder-text-column builder-text-column-10\" id=\"builder-section-text_583-column-2\">\n<div class=\"builder-text-content\">\n<div class=\"text-right\">\nSustav mobilnih staklenih pregrada omogu\u0107uje otvoreni prostorni efekt, a istovremeno osigurava pouzdano odvajanje pojedina\u010dnih podru\u010dja kori\u0161tenja. Jasni, ravni profili predstavljaju visokokvalitetnu izradu, kao i stabilnost i trajnost.<\/p>\n<p>Integrirani funkcionalni elementi poput zatvara\u010da vrata, indikatora stanja zaklju\u010davanja i mehanizama za zaklju\u010davanje osiguravaju prakti\u010dno rukovanje. Varitrans Straightline mo\u017ee se implementirati u ravnim i kutnim rasporedima te se fleksibilno prilago\u0111ava individualnim zahtjevima \u2013 pogodno za postoje\u0107e renovacije zgrada kao i za nove gra\u0111evinske projekte.<\/p>\n<\/div><\/div>\n<\/p><\/div>\n<\/p><\/div>\n<div class=\"builder-text-row\">\n<div class=\"builder-text-column builder-text-column-11\" id=\"builder-section-text_583-column-1\">\n<div class=\"builder-text-content\">\n<h1>Premium rad Varitrans ComfortDrive<\/h1>\n<p>Varitrans ComfortDrive nudi potpuno automatsko operativno rje\u0161enje temeljeno na BUS tehnologiji. Upravlja\u010dki sustav automatski pozicionira elemente pritiskom na gumb i posti\u017ee brzine kretanja do 250 mm\/s.<\/p>\n<p>Uz osnovne operativne funkcije, mogu\u0107e je pohraniti i dohvatiti pojedina\u010dne ciljne polo\u017eaje i korisni\u010dki specifi\u010dni kontrolni profili.<\/p>\n<\/p><\/div>\n<\/p><\/div>\n<div class=\"builder-text-column builder-text-column-12\" id=\"builder-section-text_583-column-2\">\n<div class=\"builder-text-content\">\n\n<\/p><\/div>\n<\/p><\/div>\n<\/p><\/div>\n<\/p><\/div>\n<\/section>\n","protected":false},"excerpt":{"rendered":"<p>Fleksibilni sustavi pregradnih zidova za moderno upravljanje prostorijama S fleksibilnim sustavima pregradnih zidova za dvorane za sastanke, kongresne centre, banke, sajmove itd., Dorma H\u00fcppe svojim kupcima diljem svijeta nudi inteligentna rje\u0161enja za u\u010dinkovito upravljanje prostorijama s tradicijom dugom 130 godina. Dorma H\u00fcppe ne samo da planira, dizajnira i montira mobilne pregradne zidove koriste\u0107i sustav, ve\u0107 &hellip;<\/p>\n","protected":false},"author":1,"featured_media":0,"parent":0,"menu_order":2,"comment_status":"closed","ping_status":"closed","template":"template-builder.php","meta":{"inline_featured_image":false,"footnotes":""},"class_list":["post-6998","page","type-page","status-publish","hentry"],"yoast_head":"<!-- This site is optimized with the Yoast SEO plugin v27.1.1 - https:\/\/yoast.com\/product\/yoast-seo-wordpress\/ -->\n<title>Mobilni pregradni sustavi &#8226; EAB Croatia d.o.o<\/title>\n<meta name=\"description\" content=\"Visokokvalitetni \u010deli\u010dni okvirni elementi \u2013 precizno izra\u0111eni, otporni i prikladni za intenzivno kori\u0161tene prostore.\" \/>\n<meta name=\"robots\" content=\"index, follow, max-snippet:-1, max-image-preview:large, max-video-preview:-1\" \/>\n<link rel=\"canonical\" href=\"https:\/\/eab-konstrukcije.com\/hr\/mobilni-pregradni-sustavi\/\" \/>\n<meta property=\"og:locale\" content=\"hr_HR\" \/>\n<meta property=\"og:type\" content=\"article\" \/>\n<meta property=\"og:title\" content=\"Mobilni pregradni sustavi &#8226; EAB Croatia d.o.o\" \/>\n<meta property=\"og:description\" content=\"Visokokvalitetni \u010deli\u010dni okvirni elementi \u2013 precizno izra\u0111eni, otporni i prikladni za intenzivno kori\u0161tene prostore.\" \/>\n<meta property=\"og:url\" content=\"https:\/\/eab-konstrukcije.com\/hr\/mobilni-pregradni-sustavi\/\" \/>\n<meta property=\"og:site_name\" content=\"EAB Croatia d.o.o\" \/>\n<meta property=\"article:modified_time\" content=\"2026-02-10T10:00:36+00:00\" \/>\n<meta name=\"twitter:card\" content=\"summary_large_image\" \/>\n<meta name=\"twitter:label1\" content=\"Procijenjeno vrijeme \u010ditanja\" \/>\n\t<meta name=\"twitter:data1\" content=\"5 minuta\" \/>\n<script type=\"application\/ld+json\" class=\"yoast-schema-graph\">{\"@context\":\"https:\/\/schema.org\",\"@graph\":[{\"@type\":\"WebPage\",\"@id\":\"https:\/\/eab-konstrukcije.com\/hr\/mobilni-pregradni-sustavi\/\",\"url\":\"https:\/\/eab-konstrukcije.com\/hr\/mobilni-pregradni-sustavi\/\",\"name\":\"Mobilni pregradni sustavi &#8226; EAB Croatia d.o.o\",\"isPartOf\":{\"@id\":\"https:\/\/eab-konstrukcije.com\/de\/#website\"},\"datePublished\":\"2026-02-10T07:40:33+00:00\",\"dateModified\":\"2026-02-10T10:00:36+00:00\",\"description\":\"Visokokvalitetni \u010deli\u010dni okvirni elementi \u2013 precizno izra\u0111eni, otporni i prikladni za intenzivno kori\u0161tene prostore.\",\"inLanguage\":\"hr\",\"potentialAction\":[{\"@type\":\"ReadAction\",\"target\":[\"https:\/\/eab-konstrukcije.com\/hr\/mobilni-pregradni-sustavi\/\"]}]},{\"@type\":\"WebSite\",\"@id\":\"https:\/\/eab-konstrukcije.com\/de\/#website\",\"url\":\"https:\/\/eab-konstrukcije.com\/de\/\",\"name\":\"EAB Croatia d.o.o\",\"description\":\"Aluminijski okviri \u00b7 WC pregradne stijene \u00b7 Mobilne pregradne stijene \u00b7 Aluminijski okviri\",\"publisher\":{\"@id\":\"https:\/\/eab-konstrukcije.com\/de\/#organization\"},\"potentialAction\":[{\"@type\":\"SearchAction\",\"target\":{\"@type\":\"EntryPoint\",\"urlTemplate\":\"https:\/\/eab-konstrukcije.com\/de\/?s={search_term_string}\"},\"query-input\":{\"@type\":\"PropertyValueSpecification\",\"valueRequired\":true,\"valueName\":\"search_term_string\"}}],\"inLanguage\":\"hr\"},{\"@type\":\"Organization\",\"@id\":\"https:\/\/eab-konstrukcije.com\/de\/#organization\",\"name\":\"Elemente am Bau GmbH & Co.KG\",\"url\":\"https:\/\/eab-konstrukcije.com\/de\/\",\"logo\":{\"@type\":\"ImageObject\",\"inLanguage\":\"hr\",\"@id\":\"https:\/\/eab-konstrukcije.com\/de\/#\/schema\/logo\/image\/\",\"url\":\"https:\/\/eab-konstrukcije.com\/wp-content\/uploads\/2022\/02\/Logo.png\",\"contentUrl\":\"https:\/\/eab-konstrukcije.com\/wp-content\/uploads\/2022\/02\/Logo.png\",\"width\":300,\"height\":175,\"caption\":\"Elemente am Bau GmbH & Co.KG\"},\"image\":{\"@id\":\"https:\/\/eab-konstrukcije.com\/de\/#\/schema\/logo\/image\/\"}}]}<\/script>\n<!-- \/ Yoast SEO plugin. -->","yoast_head_json":{"title":"Mobilni pregradni sustavi &#8226; EAB Croatia d.o.o","description":"Visokokvalitetni \u010deli\u010dni okvirni elementi \u2013 precizno izra\u0111eni, otporni i prikladni za intenzivno kori\u0161tene prostore.","robots":{"index":"index","follow":"follow","max-snippet":"max-snippet:-1","max-image-preview":"max-image-preview:large","max-video-preview":"max-video-preview:-1"},"canonical":"https:\/\/eab-konstrukcije.com\/hr\/mobilni-pregradni-sustavi\/","og_locale":"hr_HR","og_type":"article","og_title":"Mobilni pregradni sustavi &#8226; EAB Croatia d.o.o","og_description":"Visokokvalitetni \u010deli\u010dni okvirni elementi \u2013 precizno izra\u0111eni, otporni i prikladni za intenzivno kori\u0161tene prostore.","og_url":"https:\/\/eab-konstrukcije.com\/hr\/mobilni-pregradni-sustavi\/","og_site_name":"EAB Croatia d.o.o","article_modified_time":"2026-02-10T10:00:36+00:00","twitter_card":"summary_large_image","twitter_misc":{"Procijenjeno vrijeme \u010ditanja":"5 minuta"},"schema":{"@context":"https:\/\/schema.org","@graph":[{"@type":"WebPage","@id":"https:\/\/eab-konstrukcije.com\/hr\/mobilni-pregradni-sustavi\/","url":"https:\/\/eab-konstrukcije.com\/hr\/mobilni-pregradni-sustavi\/","name":"Mobilni pregradni sustavi &#8226; EAB Croatia d.o.o","isPartOf":{"@id":"https:\/\/eab-konstrukcije.com\/de\/#website"},"datePublished":"2026-02-10T07:40:33+00:00","dateModified":"2026-02-10T10:00:36+00:00","description":"Visokokvalitetni \u010deli\u010dni okvirni elementi \u2013 precizno izra\u0111eni, otporni i prikladni za intenzivno kori\u0161tene prostore.","inLanguage":"hr","potentialAction":[{"@type":"ReadAction","target":["https:\/\/eab-konstrukcije.com\/hr\/mobilni-pregradni-sustavi\/"]}]},{"@type":"WebSite","@id":"https:\/\/eab-konstrukcije.com\/de\/#website","url":"https:\/\/eab-konstrukcije.com\/de\/","name":"EAB Croatia d.o.o","description":"Aluminijski okviri \u00b7 WC pregradne stijene \u00b7 Mobilne pregradne stijene \u00b7 Aluminijski okviri","publisher":{"@id":"https:\/\/eab-konstrukcije.com\/de\/#organization"},"potentialAction":[{"@type":"SearchAction","target":{"@type":"EntryPoint","urlTemplate":"https:\/\/eab-konstrukcije.com\/de\/?s={search_term_string}"},"query-input":{"@type":"PropertyValueSpecification","valueRequired":true,"valueName":"search_term_string"}}],"inLanguage":"hr"},{"@type":"Organization","@id":"https:\/\/eab-konstrukcije.com\/de\/#organization","name":"Elemente am Bau GmbH & Co.KG","url":"https:\/\/eab-konstrukcije.com\/de\/","logo":{"@type":"ImageObject","inLanguage":"hr","@id":"https:\/\/eab-konstrukcije.com\/de\/#\/schema\/logo\/image\/","url":"https:\/\/eab-konstrukcije.com\/wp-content\/uploads\/2022\/02\/Logo.png","contentUrl":"https:\/\/eab-konstrukcije.com\/wp-content\/uploads\/2022\/02\/Logo.png","width":300,"height":175,"caption":"Elemente am Bau GmbH & Co.KG"},"image":{"@id":"https:\/\/eab-konstrukcije.com\/de\/#\/schema\/logo\/image\/"}}]}},"_links":{"self":[{"href":"https:\/\/eab-konstrukcije.com\/hr\/wp-json\/wp\/v2\/pages\/6998","targetHints":{"allow":["GET"]}}],"collection":[{"href":"https:\/\/eab-konstrukcije.com\/hr\/wp-json\/wp\/v2\/pages"}],"about":[{"href":"https:\/\/eab-konstrukcije.com\/hr\/wp-json\/wp\/v2\/types\/page"}],"author":[{"embeddable":true,"href":"https:\/\/eab-konstrukcije.com\/hr\/wp-json\/wp\/v2\/users\/1"}],"replies":[{"embeddable":true,"href":"https:\/\/eab-konstrukcije.com\/hr\/wp-json\/wp\/v2\/comments?post=6998"}],"version-history":[{"count":5,"href":"https:\/\/eab-konstrukcije.com\/hr\/wp-json\/wp\/v2\/pages\/6998\/revisions"}],"predecessor-version":[{"id":7120,"href":"https:\/\/eab-konstrukcije.com\/hr\/wp-json\/wp\/v2\/pages\/6998\/revisions\/7120"}],"wp:attachment":[{"href":"https:\/\/eab-konstrukcije.com\/hr\/wp-json\/wp\/v2\/media?parent=6998"}],"curies":[{"name":"wp","href":"https:\/\/api.w.org\/{rel}","templated":true}]}}