{"id":7039,"date":"2026-02-10T09:08:24","date_gmt":"2026-02-10T08:08:24","guid":{"rendered":"https:\/\/eab-konstrukcije.com\/?page_id=7039"},"modified":"2026-03-09T14:36:03","modified_gmt":"2026-03-09T13:36:03","slug":"wc-pregradni-sustavi","status":"publish","type":"page","link":"https:\/\/eab-konstrukcije.com\/hr\/wc-pregradni-sustavi\/","title":{"rendered":"Mobilni pregradni sustavi"},"content":{"rendered":"<section id=\"builder-section-text_748\" class=\"builder-section-first builder-section builder-section-text builder-section-next-text builder-section-full-width builder-text-columns-1\" style=\"background-size: cover; background-repeat: no-repeat;background-position: center center;\">\n<div class=\"builder-section-content\">\n<div class=\"builder-text-row\">\n<div class=\"builder-text-column builder-text-column-1\" id=\"builder-section-text_748-column-1\">\n<div class=\"builder-text-content\">\n\n<\/p><\/div>\n<\/p><\/div>\n<\/p><\/div>\n<\/p><\/div>\n<\/section>\n<section id=\"builder-section-text_118\" class=\"builder-section-prev-text builder-section builder-section-text builder-section-next-text builder-text-columns-2\" style=\"background-size: cover; background-repeat: no-repeat;background-position: center center;\">\n<div class=\"builder-section-content\">\n<div class=\"builder-text-row\">\n<div class=\"builder-text-column builder-text-column-1\" id=\"builder-section-text_118-column-1\">\n<div class=\"builder-text-content\">\n<h1>WC pregrade<\/h1>\n<p>Postoji razlog za\u0161to je na\u0161 asortiman proizvoda tako \u0161irok. \u017delimo da mo\u017eete odabrati to\u010dno onu vrstu sustava koja najbolje odgovara va\u0161im zahtjevima bez kompromisa. Od osnovnih pregrada za toalete za suhe prostore, preko stabilnih konstrukcija za vla\u017ene prostore, do ekskluzivnih i dizajnerski orijentiranih rje\u0161enja \u2013 kod nas \u0107ete prona\u0107i pravi proizvod za svaki zahtjev!<\/p>\n<\/p><\/div>\n<\/p><\/div>\n<div class=\"builder-text-column builder-text-column-2\" id=\"builder-section-text_118-column-2\">\n<div class=\"builder-text-content\">\n<div class=\"image-layout\">\n<div class=\"top-row\"><img decoding=\"async\" src=\"\/wp-content\/uploads\/wc-trennwand-hoch-1.jpg\" alt=\"\"><br \/><img decoding=\"async\" src=\"\/wp-content\/uploads\/wc-trennwand-hoch-2.jpg\" alt=\"\"><\/div>\n<div class=\"bottom-row\"><img decoding=\"async\" src=\"\/wp-content\/uploads\/wc-trennwand-quer.jpg\" alt=\"aluminijski okvir zid\"><\/div>\n<\/div><\/div>\n<\/p><\/div>\n<\/p><\/div>\n<\/p><\/div>\n<\/section>\n<section id=\"builder-section-text_583\" class=\"builder-section-prev-text builder-section builder-section-text builder-section-last builder-text-columns-2\" style=\"background-size: cover; background-repeat: no-repeat;background-position: center center;\">\n<div class=\"builder-section-content\">\n<div class=\"builder-text-row\">\n<div class=\"builder-text-column builder-text-column-1\" id=\"builder-section-text_583-column-1\">\n<div class=\"builder-text-content\">\n<div class=\"wc-page\">\n<p>  <!-- 1) HERO --><\/p>\n<div class=\"wc-hero\">\n    <img decoding=\"async\" src=\"\/wp-content\/uploads\/EF-Altus-hero.jpg\" alt=\"Pregrade za WC EF-3 ALTUS\"><\/div>\n<p><!-- 2) 3 nebeneinander --><\/p>\n<div class=\"wc-row wc-row--3\">\n<div class=\"wc-tile\"><img decoding=\"async\" src=\"\/wp-content\/uploads\/EF-Altus-1.jpg\" alt=\"\"><\/div>\n<div class=\"wc-tile\"><img decoding=\"async\" src=\"\/wp-content\/uploads\/EF-Altus-2.jpg\" alt=\"\"><\/div>\n<div class=\"wc-tile\"><img decoding=\"async\" src=\"\/wp-content\/uploads\/EF-Altus-3.jpg\" alt=\"\"><\/div>\n<\/div>\n<p><!-- 3) 2 nebeneinander --><\/p>\n<div class=\"wc-row wc-row--2\">\n<div class=\"wc-tile\"><img decoding=\"async\" src=\"\/wp-content\/uploads\/EF-Altus-4.jpg\" alt=\"\"><\/div>\n<div class=\"wc-tile\"><img decoding=\"async\" src=\"\/wp-content\/uploads\/EF-Altus-5.jpg\" alt=\"\"><\/div>\n<\/div>\n<p><!-- TEXT --><\/p>\n<div class=\"wc-content\">\n<h1>WC PREGRADE<br \/>EF-3 ALTUS<\/h1>\n<p>Stvara maksimalnu privatnost, a istovremeno djeluje posebno ekskluzivno.<br \/> Pregrada za WC EF-3 ALTUS savr\u0161eno je rje\u0161enje za visokokvalitetne sanitarne prostore.<br \/> Lagane, a opet izuzetno stabilne sendvi\u010d plo\u010de s HPL povr\u0161inom omogu\u0107uju izdr\u017eljive konstrukcije.<br \/> Prednja plo\u010da u ravnini s povr\u0161inom vizualno je privla\u010dna, a jednostavna je za odr\u017eavanje i \u010di\u0161\u0107enje.<br \/> Sustav postaje uistinu jedinstven kroz otiske pojedina\u010dnih motiva.<\/p>\n<\/div>\n<\/div><\/div>\n<\/p><\/div>\n<div class=\"builder-text-column builder-text-column-2\" id=\"builder-section-text_583-column-2\">\n<div class=\"builder-text-content\">\n<div class=\"wc-page\">\n<p>  <!-- 1) HERO --><\/p>\n<div class=\"wc-hero\">\n    <img decoding=\"async\" src=\"\/wp-content\/uploads\/vk13-kiga-hero.jpg\" alt=\"Pregrade za WC EF-3 ALTUS\"><\/div>\n<p><!-- 2) 3 nebeneinander --><\/p>\n<div class=\"wc-row wc-row--3\">\n<div class=\"wc-tile\"><img decoding=\"async\" src=\"\/wp-content\/uploads\/vk13-kiga-1.jpg\" alt=\"\"><\/div>\n<div class=\"wc-tile\"><img decoding=\"async\" src=\"\/wp-content\/uploads\/vk13-kiga-2.jpg\" alt=\"\"><\/div>\n<div class=\"wc-tile\"><img decoding=\"async\" src=\"\/wp-content\/uploads\/vk13-kiga-3.jpg\" alt=\"\"><\/div>\n<\/div>\n<p><!-- 3) 2 nebeneinander --><\/p>\n<div class=\"wc-row wc-row--2\">\n<div class=\"wc-tile\"><img decoding=\"async\" src=\"\/wp-content\/uploads\/vk13-kiga-4.jpg\" alt=\"\"><\/div>\n<div class=\"wc-tile\"><img decoding=\"async\" src=\"\/wp-content\/uploads\/vk13-kiga-5.jpg\" alt=\"\"><\/div>\n<\/div>\n<p><!-- TEXT --><\/p>\n<div class=\"wc-content\">\n<h1>Pregrade za WC<br \/>VK13 \u2013 Dje\u010dji vrti\u0107<\/h1>\n<p>Pregrade za WC za vrti\u0107e.<br \/>Jarke boje VK13 KIGA pregrada za WC, dizajnirana s veselim motivima, prilago\u0111ena je djeci i, zahvaljuju\u0107i kvaliteti i izradi s certifikatom T\u00dcV Nord, nudi maksimalnu sigurnost i izvanrednu kvalitetu.<\/p>\n<\/div>\n<\/div><\/div>\n<\/p><\/div>\n<\/p><\/div>\n<div class=\"builder-text-row\">\n<div class=\"builder-text-column builder-text-column-3\" id=\"builder-section-text_583-column-1\">\n<div class=\"builder-text-content\">\n<h1>WC pregradni sustav LOOK&amp;WAVE<\/h1>\n\n<\/p><\/div>\n<\/p><\/div>\n<div class=\"builder-text-column builder-text-column-4\" id=\"builder-section-text_583-column-2\">\n<div class=\"builder-text-content\">\n<div class=\"text-right\">\nBeskontaktni ulaz u WC kabinu. Osigurati dosljednu higijenu u sanitarnim \u010dvorovima. Look&amp;Wave zatvara higijenski jaz u sanitarnim \u010dvorovima i omogu\u0107uje realizaciju potpuno beskontaktnih toaleta.<\/div>\n<\/p><\/div>\n<\/p><\/div>\n<\/p><\/div>\n<div class=\"builder-text-row\">\n<div class=\"builder-text-column builder-text-column-5\" id=\"builder-section-text_583-column-1\">\n<div class=\"builder-text-content\">\n<h1>Staklene WC pregrade<\/h1>\n<p>Ekskluzivnost, kvaliteta, sigurnost \u2013 nijedna druga pregrada za svla\u010dionice ili toalete ne nudi ove prednosti tako dugo kao staklena kabina.<\/p>\n<\/p><\/div>\n<\/p><\/div>\n<div class=\"builder-text-column builder-text-column-6\" id=\"builder-section-text_583-column-2\">\n<div class=\"builder-text-content\">\n\n<\/p><\/div>\n<\/p><\/div>\n<\/p><\/div>\n<div class=\"builder-text-row\">\n<div class=\"builder-text-column builder-text-column-7\" id=\"builder-section-text_583-column-1\">\n<div class=\"builder-text-content\">\n<h1>VENTO pregrade za WC<\/h1>\n\n<\/p><\/div>\n<\/p><\/div>\n<div class=\"builder-text-column builder-text-column-8\" id=\"builder-section-text_583-column-2\">\n<div class=\"builder-text-content\">\n<div class=\"text-right\">\nSustav kabina tipa VENTO postavlja nove standarde kako u podru\u010dju staklenih pregrada za WC, tako i u konstrukcijama od poda do stropa. Impresivna, teku\u0107a staklena fronta, zatvorena do stropa i potpuno bez vidljivih profila i okova, obilje\u017eje je ovog tipa sustava.<\/div>\n<\/p><\/div>\n<\/p><\/div>\n<\/p><\/div>\n<div class=\"builder-text-row\">\n<div class=\"builder-text-column builder-text-column-9\" id=\"builder-section-text_583-column-1\">\n<div class=\"builder-text-content\">\n<h1>VITRUM III WC pregrade<\/h1>\n<p>Staklena kabina VITRUM III uklju\u010duje potpuno nove dizajnerske koncepte. Smanjena rje\u0161enja okova od nehr\u0111aju\u0107eg \u010delika daju ovom sustavu minimalisti\u010dki dizajn i vrlo poseban izgled.<\/p>\n<\/p><\/div>\n<\/p><\/div>\n<div class=\"builder-text-column builder-text-column-10\" id=\"builder-section-text_583-column-2\">\n<div class=\"builder-text-content\">\n\n<\/p><\/div>\n<\/p><\/div>\n<\/p><\/div>\n<\/p><\/div>\n<\/section>\n","protected":false},"excerpt":{"rendered":"<p>WC pregrade Postoji razlog za\u0161to je na\u0161 asortiman proizvoda tako \u0161irok. \u017delimo da mo\u017eete odabrati to\u010dno onu vrstu sustava koja najbolje odgovara va\u0161im zahtjevima bez kompromisa. Od osnovnih pregrada za toalete za suhe prostore, preko stabilnih konstrukcija za vla\u017ene prostore, do ekskluzivnih i dizajnerski orijentiranih rje\u0161enja \u2013 kod nas \u0107ete prona\u0107i pravi proizvod za svaki &hellip;<\/p>\n","protected":false},"author":1,"featured_media":0,"parent":0,"menu_order":2,"comment_status":"closed","ping_status":"closed","template":"template-builder.php","meta":{"inline_featured_image":false,"footnotes":""},"class_list":["post-7039","page","type-page","status-publish","hentry"],"yoast_head":"<!-- This site is optimized with the Yoast SEO plugin v27.1.1 - https:\/\/yoast.com\/product\/yoast-seo-wordpress\/ -->\n<title>Mobilni pregradni sustavi &#8226; EAB Croatia d.o.o<\/title>\n<meta name=\"description\" content=\"Visokokvalitetni \u010deli\u010dni okvirni elementi \u2013 precizno izra\u0111eni, otporni i prikladni za intenzivno kori\u0161tene prostore.\" \/>\n<meta name=\"robots\" content=\"index, follow, max-snippet:-1, max-image-preview:large, max-video-preview:-1\" \/>\n<link rel=\"canonical\" href=\"https:\/\/eab-konstrukcije.com\/hr\/wc-pregradni-sustavi\/\" \/>\n<meta property=\"og:locale\" content=\"hr_HR\" \/>\n<meta property=\"og:type\" content=\"article\" \/>\n<meta property=\"og:title\" content=\"Mobilni pregradni sustavi &#8226; EAB Croatia d.o.o\" \/>\n<meta property=\"og:description\" content=\"Visokokvalitetni \u010deli\u010dni okvirni elementi \u2013 precizno izra\u0111eni, otporni i prikladni za intenzivno kori\u0161tene prostore.\" \/>\n<meta property=\"og:url\" content=\"https:\/\/eab-konstrukcije.com\/hr\/wc-pregradni-sustavi\/\" \/>\n<meta property=\"og:site_name\" content=\"EAB Croatia d.o.o\" \/>\n<meta property=\"article:modified_time\" content=\"2026-03-09T13:36:03+00:00\" \/>\n<meta name=\"twitter:card\" content=\"summary_large_image\" \/>\n<meta name=\"twitter:label1\" content=\"Procijenjeno vrijeme \u010ditanja\" \/>\n\t<meta name=\"twitter:data1\" content=\"5 minuta\" \/>\n<script type=\"application\/ld+json\" class=\"yoast-schema-graph\">{\"@context\":\"https:\/\/schema.org\",\"@graph\":[{\"@type\":\"WebPage\",\"@id\":\"https:\/\/eab-konstrukcije.com\/hr\/wc-pregradni-sustavi\/\",\"url\":\"https:\/\/eab-konstrukcije.com\/hr\/wc-pregradni-sustavi\/\",\"name\":\"Mobilni pregradni sustavi &#8226; EAB Croatia d.o.o\",\"isPartOf\":{\"@id\":\"https:\/\/eab-konstrukcije.com\/de\/#website\"},\"datePublished\":\"2026-02-10T08:08:24+00:00\",\"dateModified\":\"2026-03-09T13:36:03+00:00\",\"description\":\"Visokokvalitetni \u010deli\u010dni okvirni elementi \u2013 precizno izra\u0111eni, otporni i prikladni za intenzivno kori\u0161tene prostore.\",\"inLanguage\":\"hr\",\"potentialAction\":[{\"@type\":\"ReadAction\",\"target\":[\"https:\/\/eab-konstrukcije.com\/hr\/wc-pregradni-sustavi\/\"]}]},{\"@type\":\"WebSite\",\"@id\":\"https:\/\/eab-konstrukcije.com\/de\/#website\",\"url\":\"https:\/\/eab-konstrukcije.com\/de\/\",\"name\":\"EAB Croatia d.o.o\",\"description\":\"Aluminijski okviri \u00b7 WC pregradne stijene \u00b7 Mobilne pregradne stijene \u00b7 Aluminijski okviri\",\"publisher\":{\"@id\":\"https:\/\/eab-konstrukcije.com\/de\/#organization\"},\"potentialAction\":[{\"@type\":\"SearchAction\",\"target\":{\"@type\":\"EntryPoint\",\"urlTemplate\":\"https:\/\/eab-konstrukcije.com\/de\/?s={search_term_string}\"},\"query-input\":{\"@type\":\"PropertyValueSpecification\",\"valueRequired\":true,\"valueName\":\"search_term_string\"}}],\"inLanguage\":\"hr\"},{\"@type\":\"Organization\",\"@id\":\"https:\/\/eab-konstrukcije.com\/de\/#organization\",\"name\":\"Elemente am Bau GmbH & Co.KG\",\"url\":\"https:\/\/eab-konstrukcije.com\/de\/\",\"logo\":{\"@type\":\"ImageObject\",\"inLanguage\":\"hr\",\"@id\":\"https:\/\/eab-konstrukcije.com\/de\/#\/schema\/logo\/image\/\",\"url\":\"https:\/\/eab-konstrukcije.com\/wp-content\/uploads\/2022\/02\/Logo.png\",\"contentUrl\":\"https:\/\/eab-konstrukcije.com\/wp-content\/uploads\/2022\/02\/Logo.png\",\"width\":300,\"height\":175,\"caption\":\"Elemente am Bau GmbH & Co.KG\"},\"image\":{\"@id\":\"https:\/\/eab-konstrukcije.com\/de\/#\/schema\/logo\/image\/\"}}]}<\/script>\n<!-- \/ Yoast SEO plugin. -->","yoast_head_json":{"title":"Mobilni pregradni sustavi &#8226; EAB Croatia d.o.o","description":"Visokokvalitetni \u010deli\u010dni okvirni elementi \u2013 precizno izra\u0111eni, otporni i prikladni za intenzivno kori\u0161tene prostore.","robots":{"index":"index","follow":"follow","max-snippet":"max-snippet:-1","max-image-preview":"max-image-preview:large","max-video-preview":"max-video-preview:-1"},"canonical":"https:\/\/eab-konstrukcije.com\/hr\/wc-pregradni-sustavi\/","og_locale":"hr_HR","og_type":"article","og_title":"Mobilni pregradni sustavi &#8226; EAB Croatia d.o.o","og_description":"Visokokvalitetni \u010deli\u010dni okvirni elementi \u2013 precizno izra\u0111eni, otporni i prikladni za intenzivno kori\u0161tene prostore.","og_url":"https:\/\/eab-konstrukcije.com\/hr\/wc-pregradni-sustavi\/","og_site_name":"EAB Croatia d.o.o","article_modified_time":"2026-03-09T13:36:03+00:00","twitter_card":"summary_large_image","twitter_misc":{"Procijenjeno vrijeme \u010ditanja":"5 minuta"},"schema":{"@context":"https:\/\/schema.org","@graph":[{"@type":"WebPage","@id":"https:\/\/eab-konstrukcije.com\/hr\/wc-pregradni-sustavi\/","url":"https:\/\/eab-konstrukcije.com\/hr\/wc-pregradni-sustavi\/","name":"Mobilni pregradni sustavi &#8226; EAB Croatia d.o.o","isPartOf":{"@id":"https:\/\/eab-konstrukcije.com\/de\/#website"},"datePublished":"2026-02-10T08:08:24+00:00","dateModified":"2026-03-09T13:36:03+00:00","description":"Visokokvalitetni \u010deli\u010dni okvirni elementi \u2013 precizno izra\u0111eni, otporni i prikladni za intenzivno kori\u0161tene prostore.","inLanguage":"hr","potentialAction":[{"@type":"ReadAction","target":["https:\/\/eab-konstrukcije.com\/hr\/wc-pregradni-sustavi\/"]}]},{"@type":"WebSite","@id":"https:\/\/eab-konstrukcije.com\/de\/#website","url":"https:\/\/eab-konstrukcije.com\/de\/","name":"EAB Croatia d.o.o","description":"Aluminijski okviri \u00b7 WC pregradne stijene \u00b7 Mobilne pregradne stijene \u00b7 Aluminijski okviri","publisher":{"@id":"https:\/\/eab-konstrukcije.com\/de\/#organization"},"potentialAction":[{"@type":"SearchAction","target":{"@type":"EntryPoint","urlTemplate":"https:\/\/eab-konstrukcije.com\/de\/?s={search_term_string}"},"query-input":{"@type":"PropertyValueSpecification","valueRequired":true,"valueName":"search_term_string"}}],"inLanguage":"hr"},{"@type":"Organization","@id":"https:\/\/eab-konstrukcije.com\/de\/#organization","name":"Elemente am Bau GmbH & Co.KG","url":"https:\/\/eab-konstrukcije.com\/de\/","logo":{"@type":"ImageObject","inLanguage":"hr","@id":"https:\/\/eab-konstrukcije.com\/de\/#\/schema\/logo\/image\/","url":"https:\/\/eab-konstrukcije.com\/wp-content\/uploads\/2022\/02\/Logo.png","contentUrl":"https:\/\/eab-konstrukcije.com\/wp-content\/uploads\/2022\/02\/Logo.png","width":300,"height":175,"caption":"Elemente am Bau GmbH & Co.KG"},"image":{"@id":"https:\/\/eab-konstrukcije.com\/de\/#\/schema\/logo\/image\/"}}]}},"_links":{"self":[{"href":"https:\/\/eab-konstrukcije.com\/hr\/wp-json\/wp\/v2\/pages\/7039","targetHints":{"allow":["GET"]}}],"collection":[{"href":"https:\/\/eab-konstrukcije.com\/hr\/wp-json\/wp\/v2\/pages"}],"about":[{"href":"https:\/\/eab-konstrukcije.com\/hr\/wp-json\/wp\/v2\/types\/page"}],"author":[{"embeddable":true,"href":"https:\/\/eab-konstrukcije.com\/hr\/wp-json\/wp\/v2\/users\/1"}],"replies":[{"embeddable":true,"href":"https:\/\/eab-konstrukcije.com\/hr\/wp-json\/wp\/v2\/comments?post=7039"}],"version-history":[{"count":9,"href":"https:\/\/eab-konstrukcije.com\/hr\/wp-json\/wp\/v2\/pages\/7039\/revisions"}],"predecessor-version":[{"id":7130,"href":"https:\/\/eab-konstrukcije.com\/hr\/wp-json\/wp\/v2\/pages\/7039\/revisions\/7130"}],"wp:attachment":[{"href":"https:\/\/eab-konstrukcije.com\/hr\/wp-json\/wp\/v2\/media?parent=7039"}],"curies":[{"name":"wp","href":"https:\/\/api.w.org\/{rel}","templated":true}]}}